{"id":6198,"date":"2025-09-15T07:20:00","date_gmt":"2025-09-15T07:20:00","guid":{"rendered":"https:\/\/tst.ba\/?post_type=product&#038;p=6198"},"modified":"2026-03-04T11:10:33","modified_gmt":"2026-03-04T11:10:33","slug":"venum-contender-kids-gloves-6oz","status":"publish","type":"product","link":"https:\/\/generateweb.net\/xfit\/venum-contender-kids-gloves-6oz\/","title":{"rendered":"Venum &#8211; Contender Dje\u010dje Boks Rukavice (Black-Red)"},"content":{"rendered":"<p data-start=\"140\" data-end=\"268\">Budu\u0107i prvaci zaslu\u017euju najbolju opremu. Venum je zato dizajnirao <strong data-start=\"206\" data-end=\"224\">Contender Kids<\/strong> rukavice, idealne za prve korake u boksu.<\/p>\n<p data-start=\"270\" data-end=\"537\">Izra\u0111ene od vrhunske sinteti\u010dke ko\u017ee, s anatomski zakrivljenim oblikom prilago\u0111enim dje\u010dijim rukama, pru\u017eaju savr\u0161en balans izme\u0111u udobnosti, sigurnosti i izdr\u017eljivosti. Vi\u0161eslojna pjena i \u010di\u010dak zatvaranje osiguravaju potpunu za\u0161titu i stabilnost pri svakom udarcu.<\/p>\n<p data-start=\"539\" data-end=\"570\"><strong data-start=\"539\" data-end=\"568\">Karakteristike proizvoda:<\/strong><\/p>\n<ul data-start=\"571\" data-end=\"969\">\n<li data-start=\"571\" data-end=\"638\">\n<p data-start=\"573\" data-end=\"638\">100% premium sinteti\u010dka ko\u017ea \u2013 odli\u010dna otpornost i dugotrajnost<\/p>\n<\/li>\n<li data-start=\"639\" data-end=\"690\">\n<p data-start=\"641\" data-end=\"690\">Vi\u0161eslojna pjena \u2013 optimalna apsorpcija udaraca<\/p>\n<\/li>\n<li data-start=\"691\" data-end=\"753\">\n<p data-start=\"693\" data-end=\"753\">Anatomski zakrivljen oblik \u2013 udobnost i bolja snaga udarca<\/p>\n<\/li>\n<li data-start=\"754\" data-end=\"836\">\n<p data-start=\"756\" data-end=\"836\">Zatvaranje na \u010di\u010dak \u2013 sigurno i precizno prianjanje uz dodatnu potporu zape\u0161\u0107u<\/p>\n<\/li>\n<li data-start=\"837\" data-end=\"893\">\n<p data-start=\"839\" data-end=\"893\">Potpuno pri\u010dvr\u0161\u0107en palac \u2013 smanjuje rizik od povreda<\/p>\n<\/li>\n<li data-start=\"894\" data-end=\"922\">\n<p data-start=\"896\" data-end=\"922\">Venum logo na rukavicama<\/p>\n<\/li>\n<li data-start=\"923\" data-end=\"969\">\n<p data-start=\"925\" data-end=\"969\">Veli\u010dina: 6 oz \u2013 posebno prilago\u0111ene djeci<\/p>\n<\/li>\n<\/ul>\n<p data-start=\"971\" data-end=\"1047\">Savr\u0161en izbor za mlade sportiste koji \u017eele krenuti putem budu\u0107ih \u0161ampiona.<\/p>\n","protected":false},"excerpt":{"rendered":"<p>Budu\u0107i prvaci zaslu\u017euju najbolju opremu. Venum je zato dizajnirao <strong data-start=\"206\" data-end=\"224\">Contender Kids<\/strong> rukavice, idealne za prve korake u boksu.<\/p>\n","protected":false},"featured_media":9661,"template":"","meta":{"_acf_changed":false},"product_brand":[43],"product_cat":[83,80,93],"product_tag":[],"class_list":{"0":"post-6198","1":"product","2":"type-product","3":"status-publish","4":"has-post-thumbnail","6":"product_brand-venum","7":"product_cat-rukavice","8":"product_cat-borilacka-oprema","9":"product_cat-za-djecu-kids","11":"first","12":"instock","13":"taxable","14":"shipping-taxable","15":"purchasable","16":"product-type-variable"},"acf":[],"_links":{"self":[{"href":"https:\/\/generateweb.net\/xfit\/wp-json\/wp\/v2\/product\/6198","targetHints":{"allow":["GET"]}}],"collection":[{"href":"https:\/\/generateweb.net\/xfit\/wp-json\/wp\/v2\/product"}],"about":[{"href":"https:\/\/generateweb.net\/xfit\/wp-json\/wp\/v2\/types\/product"}],"version-history":[{"count":0,"href":"https:\/\/generateweb.net\/xfit\/wp-json\/wp\/v2\/product\/6198\/revisions"}],"wp:featuredmedia":[{"embeddable":true,"href":"https:\/\/generateweb.net\/xfit\/wp-json\/wp\/v2\/media\/9661"}],"wp:attachment":[{"href":"https:\/\/generateweb.net\/xfit\/wp-json\/wp\/v2\/media?parent=6198"}],"wp:term":[{"taxonomy":"product_brand","embeddable":true,"href":"https:\/\/generateweb.net\/xfit\/wp-json\/wp\/v2\/product_brand?post=6198"},{"taxonomy":"product_cat","embeddable":true,"href":"https:\/\/generateweb.net\/xfit\/wp-json\/wp\/v2\/product_cat?post=6198"},{"taxonomy":"product_tag","embeddable":true,"href":"https:\/\/generateweb.net\/xfit\/wp-json\/wp\/v2\/product_tag?post=6198"}],"curies":[{"name":"wp","href":"https:\/\/api.w.org\/{rel}","templated":true}]}}