{"id":6126,"date":"2025-09-15T06:32:33","date_gmt":"2025-09-15T06:32:33","guid":{"rendered":"https:\/\/tst.ba\/?post_type=product&#038;p=6126"},"modified":"2026-03-04T11:11:04","modified_gmt":"2026-03-04T11:11:04","slug":"venum-angry-birds-djecje-zubalo-red","status":"publish","type":"product","link":"https:\/\/generateweb.net\/xfit\/venum-angry-birds-djecje-zubalo-red\/","title":{"rendered":"Venum &#8211; Challenger Kids Dje\u010dje Zubalo &#8211; Black\/Red"},"content":{"rendered":"<p>\ud83e\udd4a <strong><a href=\"https:\/\/generateweb.net\/xfit\/proizvodjac\/venum\/\">Venum Challenger Mouthguard<\/a><\/strong> \u2013 Black\/White \u2013 Dje\u010dje namijenjen je mla\u0111im sporta\u0161ima koji treniraju boks, MMA, kickboxing i druge borila\u010dke sportove.<\/p>\n<p>Ova dje\u010dja verzija dizajnirana je s prilago\u0111enim dimenzijama kako bi pru\u017eila sigurnu za\u0161titu zuba i vilice, uz maksimalnu udobnost tokom treninga.<\/p>\n<p>Zubalo je lagano i ne optere\u0107uje vilicu, \u0161to ga \u010dini pogodnim za redovne treninge djece i po\u010detnika. Anatomski oblik omogu\u0107ava stabilno pristajanje i ne ometa disanje ni govor, \u0161to je posebno va\u017eno kod mla\u0111ih uzrasta.<\/p>\n<p><em><strong>\u26ab\u26aa **DJE\u010cJA Black\/White verzija**<\/strong> <\/em><br \/>\nCrno-bijela kombinacija nudi klasi\u010dan, neutralan izgled koji je pogodan za klupske treninge, \u0161kolu sporta i takmi\u010darske pripreme. Ovu varijantu \u010desto biraju roditelji koji tra\u017ee provjeren, kvalitetan i nenametljiv dizajn.<\/p>\n<p><em><strong>\u2b50 Klju\u010dne prednosti:<\/strong><\/em><br \/>\n\u2705 dje\u010dja veli\u010dina prilago\u0111ena mla\u0111im uzrastima <br \/>\n\u2705 pouzdna za\u0161tita zuba i vilice <br \/>\n\u2705 lagan i udoban dizajn <br \/>\n\u2705 stabilno pristajanje bez smetanja disanja <br \/>\n\u2705 idealno za boks, MMA i kickboxing<\/p>\n<p><em><a href=\"https:\/\/generateweb.net\/xfit\/proizvodjac\/venum\/\"><strong>Venum<\/strong><\/a> Challenger Mouthguard<\/em> Zubalo \u2013 Black\/White \u2013 Dje\u010dje je odli\u010dan izbor za roditelje koji \u017eele kvalitetnu i sigurnu za\u0161titu za djecu tokom sportskih aktivnosti.<\/p>\n<p><em>Za djecu do 10 god!!<\/em><\/p>\n<blockquote>\n<p><span style=\"font-size: 14pt;\">Na <strong><a href=\"https:\/\/generateweb.net\/xfit\/\">X-FIT.ba<\/a><\/strong> nudimo isklju\u010divo originalnu Venum opremu uz brzu dostavu \u0161irom BiH.<\/span><\/p>\n<\/blockquote>\n","protected":false},"excerpt":{"rendered":"<p>Nova kolekcija <strong data-start=\"123\" data-end=\"147\">Venum FightWear 2024<\/strong> donosi <strong data-start=\"155\" data-end=\"174\">Challenger Kids<\/strong> dje\u010dju za\u0161titu za zube \u2013 savr\u0161en izbor za siguran trening i prve borila\u010dke korake.<\/p>\n","protected":false},"featured_media":9621,"template":"","meta":{"_acf_changed":false},"product_brand":[43],"product_cat":[80,85,93],"product_tag":[],"class_list":{"0":"post-6126","1":"product","2":"type-product","3":"status-publish","4":"has-post-thumbnail","6":"product_brand-venum","7":"product_cat-borilacka-oprema","8":"product_cat-mouthguard-zubala","9":"product_cat-za-djecu-kids","11":"first","12":"instock","13":"sale","14":"taxable","15":"shipping-taxable","16":"purchasable","17":"product-type-simple"},"acf":[],"_links":{"self":[{"href":"https:\/\/generateweb.net\/xfit\/wp-json\/wp\/v2\/product\/6126","targetHints":{"allow":["GET"]}}],"collection":[{"href":"https:\/\/generateweb.net\/xfit\/wp-json\/wp\/v2\/product"}],"about":[{"href":"https:\/\/generateweb.net\/xfit\/wp-json\/wp\/v2\/types\/product"}],"version-history":[{"count":0,"href":"https:\/\/generateweb.net\/xfit\/wp-json\/wp\/v2\/product\/6126\/revisions"}],"wp:featuredmedia":[{"embeddable":true,"href":"https:\/\/generateweb.net\/xfit\/wp-json\/wp\/v2\/media\/9621"}],"wp:attachment":[{"href":"https:\/\/generateweb.net\/xfit\/wp-json\/wp\/v2\/media?parent=6126"}],"wp:term":[{"taxonomy":"product_brand","embeddable":true,"href":"https:\/\/generateweb.net\/xfit\/wp-json\/wp\/v2\/product_brand?post=6126"},{"taxonomy":"product_cat","embeddable":true,"href":"https:\/\/generateweb.net\/xfit\/wp-json\/wp\/v2\/product_cat?post=6126"},{"taxonomy":"product_tag","embeddable":true,"href":"https:\/\/generateweb.net\/xfit\/wp-json\/wp\/v2\/product_tag?post=6126"}],"curies":[{"name":"wp","href":"https:\/\/api.w.org\/{rel}","templated":true}]}}