{"id":6007,"date":"2025-09-14T20:39:36","date_gmt":"2025-09-14T20:39:36","guid":{"rendered":"https:\/\/tst.ba\/?post_type=product&#038;p=6007"},"modified":"2025-12-12T16:00:40","modified_gmt":"2025-12-12T16:00:40","slug":"universal-animal-pak-44-pack","status":"publish","type":"product","link":"https:\/\/generateweb.net\/xfit\/proizvod\/universal-animal-pak-44-pack\/","title":{"rendered":"Universal &#8211; Animal Pak (44 pack)"},"content":{"rendered":"<p data-start=\"210\" data-end=\"505\">Animal Pak je najpoznatiji i najprodavaniji multivitaminski suplement za sporta\u0161e na svijetu. Njegova snaga je u jedinstvenoj kombinaciji vitamina, minerala, aminokiselina, esencijalnih masnih kiselina, probavnih enzima i prirodnih optimizatora \u2013 sve u jednom dnevnom paketu od \u010dak 11 tableta.<\/p>\n<p data-start=\"507\" data-end=\"661\">Dizajniran je da pru\u017ei potpunu nutritivnu podr\u0161ku u periodima intenzivnih treninga, bez obzira na to da li je cilj mi\u0161i\u0107na masa, snaga ili izdr\u017eljivost.<\/p>\n<p data-start=\"663\" data-end=\"698\"><strong data-start=\"663\" data-end=\"696\">Glavne prednosti Animal Paka:<\/strong><\/p>\n<ul data-start=\"699\" data-end=\"1100\">\n<li data-start=\"699\" data-end=\"755\">\n<p data-start=\"701\" data-end=\"755\">Potpuna podr\u0161ka imunolo\u0161kom sistemu i op\u0107em zdravlju<\/p>\n<\/li>\n<li data-start=\"756\" data-end=\"821\">\n<p data-start=\"758\" data-end=\"821\">Poma\u017ee efikasnom metabolizmu proteina, ugljikohidrata i masti<\/p>\n<\/li>\n<li data-start=\"822\" data-end=\"884\">\n<p data-start=\"824\" data-end=\"884\">Aminokiseline i glutamin \u0161tite mi\u0161i\u0107no tkivo od razgradnje<\/p>\n<\/li>\n<li data-start=\"885\" data-end=\"949\">\n<p data-start=\"887\" data-end=\"949\">Optimizatori podi\u017eu sportske sposobnosti i mentalnu svje\u017einu<\/p>\n<\/li>\n<li data-start=\"950\" data-end=\"1027\">\n<p data-start=\"952\" data-end=\"1027\">Digestivni enzimi osiguravaju br\u017eu i potpuniju apsorpciju hranjivih tvari<\/p>\n<\/li>\n<li data-start=\"1028\" data-end=\"1100\">\n<p data-start=\"1030\" data-end=\"1100\">Esencijalne masne kiseline podr\u017eavaju energiju i hormonsku ravnote\u017eu<\/p>\n<\/li>\n<\/ul>\n<p data-start=\"1102\" data-end=\"1130\"><strong data-start=\"1102\" data-end=\"1128\">Za koga je namijenjen?<\/strong><\/p>\n<ul data-start=\"1131\" data-end=\"1292\">\n<li data-start=\"1131\" data-end=\"1171\">\n<p data-start=\"1133\" data-end=\"1171\">Profesionalne i rekreativne sporta\u0161e<\/p>\n<\/li>\n<li data-start=\"1172\" data-end=\"1219\">\n<p data-start=\"1174\" data-end=\"1219\">Ljude koji treniraju na visokom intenzitetu<\/p>\n<\/li>\n<li data-start=\"1220\" data-end=\"1292\">\n<p data-start=\"1222\" data-end=\"1292\">Sve koji \u017eele vrhunsku multivitaminsku formulu s dodatnim benefitima<\/p>\n<\/li>\n<\/ul>\n<p data-start=\"1294\" data-end=\"1470\"><strong data-start=\"1294\" data-end=\"1308\">Pakovanje:<\/strong> 44 paketa (svaki sadr\u017ei 11 tableta)<br data-start=\"1344\" data-end=\"1347\" \/><strong data-start=\"1347\" data-end=\"1366\">Na\u010din upotrebe:<\/strong> Uzmite 1 paket dnevno uz obrok. Kod izrazito intenzivnih treninga, mogu se koristiti 2 paketa dnevno.<\/p>\n<p data-start=\"1472\" data-end=\"1635\">Animal Pak je vi\u0161e od obi\u010dnog multivitamina \u2013 to je osnovna podr\u0161ka za ozbiljne sporta\u0161e i pravi izbor za one koji \u017eele maksimalne rezultate u treningu i \u017eivotu.<\/p>\n","protected":false},"excerpt":{"rendered":"<p>Animal Pak je najpoznatiji i najprodavaniji multivitaminski suplement za sporta\u0161e na svijetu.<\/p>\n","protected":false},"featured_media":6009,"template":"","meta":{"_acf_changed":false},"product_brand":[66],"product_cat":[42,76],"product_tag":[],"class_list":{"0":"post-6007","1":"product","2":"type-product","3":"status-publish","4":"has-post-thumbnail","6":"product_brand-universal-nutrition","7":"product_cat-suplementi","8":"product_cat-vitamini","10":"first","11":"instock","12":"taxable","13":"shipping-taxable","14":"purchasable","15":"product-type-simple"},"acf":[],"_links":{"self":[{"href":"https:\/\/generateweb.net\/xfit\/wp-json\/wp\/v2\/product\/6007","targetHints":{"allow":["GET"]}}],"collection":[{"href":"https:\/\/generateweb.net\/xfit\/wp-json\/wp\/v2\/product"}],"about":[{"href":"https:\/\/generateweb.net\/xfit\/wp-json\/wp\/v2\/types\/product"}],"version-history":[{"count":0,"href":"https:\/\/generateweb.net\/xfit\/wp-json\/wp\/v2\/product\/6007\/revisions"}],"wp:featuredmedia":[{"embeddable":true,"href":"https:\/\/generateweb.net\/xfit\/wp-json\/wp\/v2\/media\/6009"}],"wp:attachment":[{"href":"https:\/\/generateweb.net\/xfit\/wp-json\/wp\/v2\/media?parent=6007"}],"wp:term":[{"taxonomy":"product_brand","embeddable":true,"href":"https:\/\/generateweb.net\/xfit\/wp-json\/wp\/v2\/product_brand?post=6007"},{"taxonomy":"product_cat","embeddable":true,"href":"https:\/\/generateweb.net\/xfit\/wp-json\/wp\/v2\/product_cat?post=6007"},{"taxonomy":"product_tag","embeddable":true,"href":"https:\/\/generateweb.net\/xfit\/wp-json\/wp\/v2\/product_tag?post=6007"}],"curies":[{"name":"wp","href":"https:\/\/api.w.org\/{rel}","templated":true}]}}