{"id":6004,"date":"2025-09-14T20:35:39","date_gmt":"2025-09-14T20:35:39","guid":{"rendered":"https:\/\/tst.ba\/?post_type=product&#038;p=6004"},"modified":"2025-12-12T16:05:17","modified_gmt":"2025-12-12T16:05:17","slug":"swanson-beta-glukan-60-caps","status":"publish","type":"product","link":"https:\/\/generateweb.net\/xfit\/proizvod\/swanson-beta-glukan-60-caps\/","title":{"rendered":"Swanson &#8211; Beta Glucan (60 caps)"},"content":{"rendered":"<p data-start=\"148\" data-end=\"429\">Beta glukan je prirodni polisaharid dobiven iz kvasca, zobi i odre\u0111enih gljiva, poznat kao jedan od naju\u010dinkovitijih prirodnih stimulatora imunolo\u0161kog sustava. Njegova sposobnost aktiviranja klju\u010dnih imunolo\u0161kih stanica \u010dini ga vrhunskim dodatkom za ja\u010danje otpornosti organizma.<\/p>\n<p data-start=\"431\" data-end=\"467\"><strong data-start=\"431\" data-end=\"465\">Glavne prednosti Beta Glukana:<\/strong><\/p>\n<ul data-start=\"468\" data-end=\"782\">\n<li data-start=\"468\" data-end=\"534\">\n<p data-start=\"470\" data-end=\"534\">Aktivira makrofage \u2013 stanice odgovorne za uni\u0161tavanje patogena<\/p>\n<\/li>\n<li data-start=\"535\" data-end=\"600\">\n<p data-start=\"537\" data-end=\"600\">Pove\u0107ava otpornost na bakterije, viruse i gljivi\u010dne infekcije<\/p>\n<\/li>\n<li data-start=\"601\" data-end=\"665\">\n<p data-start=\"603\" data-end=\"665\">Podr\u017eava br\u017ei oporavak nakon bolesti i fizi\u010dke iscrpljenosti<\/p>\n<\/li>\n<li data-start=\"666\" data-end=\"731\">\n<p data-start=\"668\" data-end=\"731\">Mo\u017ee pomo\u0107i u regulaciji kolesterola i o\u010duvanju zdravlja srca<\/p>\n<\/li>\n<li data-start=\"732\" data-end=\"782\">\n<p data-start=\"734\" data-end=\"782\">Prirodna za\u0161tita od sezonskih prehlada i gripa<\/p>\n<\/li>\n<\/ul>\n<p data-start=\"784\" data-end=\"825\"><strong data-start=\"784\" data-end=\"823\">Za\u0161to izabrati Swanson Beta Glucan?<\/strong><\/p>\n<ul data-start=\"826\" data-end=\"1042\">\n<li data-start=\"826\" data-end=\"871\">\n<p data-start=\"828\" data-end=\"871\">Visoka bioraspolo\u017eivost i brza apsorpcija<\/p>\n<\/li>\n<li data-start=\"872\" data-end=\"912\">\n<p data-start=\"874\" data-end=\"912\">Istra\u017eivanjem potvr\u0111ena u\u010dinkovitost<\/p>\n<\/li>\n<li data-start=\"913\" data-end=\"988\">\n<p data-start=\"915\" data-end=\"988\">Pogodan za sporta\u0161e, ljude pod stresom i osobe s oslabljenim imunitetom<\/p>\n<\/li>\n<li data-start=\"989\" data-end=\"1042\">\n<p data-start=\"991\" data-end=\"1042\">Jednostavno doziranje \u2013 samo jedna kapsula dnevno<\/p>\n<\/li>\n<\/ul>\n<p data-start=\"1044\" data-end=\"1182\">Swanson Beta Glucan je idealan dodatak za sve koji \u017eele oja\u010dati imunitet, pobolj\u0161ati otpornost i podr\u017eati cjelokupno zdravlje organizma.<\/p>\n","protected":false},"excerpt":{"rendered":"<p>Beta glukan je prirodni polisaharid dobiven iz kvasca, zobi i odre\u0111enih gljiva, poznat kao jedan od naju\u010dinkovitijih prirodnih stimulatora imunolo\u0161kog sustava.<\/p>\n","protected":false},"featured_media":6006,"template":"","meta":{"_acf_changed":false},"product_brand":[98],"product_cat":[78,42,76],"product_tag":[],"class_list":{"0":"post-6004","1":"product","2":"type-product","3":"status-publish","4":"has-post-thumbnail","6":"product_brand-swanson","7":"product_cat-nootropics-happiness-health-sexuality","8":"product_cat-suplementi","9":"product_cat-vitamini","11":"first","12":"instock","13":"taxable","14":"shipping-taxable","15":"purchasable","16":"product-type-simple"},"acf":[],"_links":{"self":[{"href":"https:\/\/generateweb.net\/xfit\/wp-json\/wp\/v2\/product\/6004","targetHints":{"allow":["GET"]}}],"collection":[{"href":"https:\/\/generateweb.net\/xfit\/wp-json\/wp\/v2\/product"}],"about":[{"href":"https:\/\/generateweb.net\/xfit\/wp-json\/wp\/v2\/types\/product"}],"version-history":[{"count":0,"href":"https:\/\/generateweb.net\/xfit\/wp-json\/wp\/v2\/product\/6004\/revisions"}],"wp:featuredmedia":[{"embeddable":true,"href":"https:\/\/generateweb.net\/xfit\/wp-json\/wp\/v2\/media\/6006"}],"wp:attachment":[{"href":"https:\/\/generateweb.net\/xfit\/wp-json\/wp\/v2\/media?parent=6004"}],"wp:term":[{"taxonomy":"product_brand","embeddable":true,"href":"https:\/\/generateweb.net\/xfit\/wp-json\/wp\/v2\/product_brand?post=6004"},{"taxonomy":"product_cat","embeddable":true,"href":"https:\/\/generateweb.net\/xfit\/wp-json\/wp\/v2\/product_cat?post=6004"},{"taxonomy":"product_tag","embeddable":true,"href":"https:\/\/generateweb.net\/xfit\/wp-json\/wp\/v2\/product_tag?post=6004"}],"curies":[{"name":"wp","href":"https:\/\/api.w.org\/{rel}","templated":true}]}}