{"id":5963,"date":"2025-09-14T20:07:28","date_gmt":"2025-09-14T20:07:28","guid":{"rendered":"https:\/\/tst.ba\/?post_type=product&#038;p=5963"},"modified":"2025-12-12T16:37:06","modified_gmt":"2025-12-12T16:37:06","slug":"swanson-mega-glucosamine-120-caps","status":"publish","type":"product","link":"https:\/\/generateweb.net\/xfit\/proizvod\/swanson-mega-glucosamine-120-caps\/","title":{"rendered":"Swanson &#8211; Mega Glucosamine (120 caps)"},"content":{"rendered":"<p data-start=\"106\" data-end=\"326\">Swanson Mega Glucosamine pru\u017ea maksimalnu podr\u0161ku zdravlju zglobova i hrskavice. Glukozamin sulfat, glavna aktivna tvar ovog dodatka, poma\u017ee u obnovi i za\u0161titi hrskavice, smanjenju uko\u010denosti i o\u010duvanju pokretljivosti.<\/p>\n<p data-start=\"328\" data-end=\"546\">Ovaj proizvod posebno je koristan za sporta\u0161e i starije osobe kojima je potrebna dodatna njega zglobova. Redovita upotreba mo\u017ee smanjiti bol i nelagodu povezanu s artritisom te doprinijeti dugotrajnoj fleksibilnosti.<\/p>\n<p data-start=\"548\" data-end=\"574\"><strong data-start=\"548\" data-end=\"572\">Prednosti proizvoda:<\/strong><\/p>\n<ul data-start=\"575\" data-end=\"734\">\n<li data-start=\"575\" data-end=\"638\">\n<p data-start=\"577\" data-end=\"638\">Poma\u017ee regeneraciji hrskavice i smanjenju tro\u0161enja zglobova<\/p>\n<\/li>\n<li data-start=\"639\" data-end=\"680\">\n<p data-start=\"641\" data-end=\"680\">Smanjuje bolove i upale kod artritisa<\/p>\n<\/li>\n<li data-start=\"681\" data-end=\"734\">\n<p data-start=\"683\" data-end=\"734\">Pobolj\u0161ava fleksibilnost i pokretljivost zglobova<\/p>\n<\/li>\n<\/ul>\n<p data-start=\"736\" data-end=\"818\"><strong data-start=\"736\" data-end=\"750\">Pakovanje:<\/strong> 120 kapsula<br data-start=\"762\" data-end=\"765\" \/><strong data-start=\"765\" data-end=\"790\">Preporu\u010dena upotreba:<\/strong> 1 kapsula dnevno uz obrok<\/p>\n<p data-start=\"820\" data-end=\"943\">Swanson Mega Glucosamine idealan je izbor za sve koji \u017eele o\u010duvati zdravlje svojih zglobova i kretati se bez ograni\u010denja.<\/p>\n","protected":false},"excerpt":{"rendered":"<p>Swanson Mega Glucosamine pru\u017ea maksimalnu podr\u0161ku zdravlju zglobova i hrskavice.<\/p>\n","protected":false},"featured_media":5965,"template":"","meta":{"_acf_changed":false},"product_brand":[98],"product_cat":[42,76,77],"product_tag":[],"class_list":{"0":"post-5963","1":"product","2":"type-product","3":"status-publish","4":"has-post-thumbnail","6":"product_brand-swanson","7":"product_cat-suplementi","8":"product_cat-vitamini","9":"product_cat-zglobovi-lyfestyle-oporavak","11":"first","12":"instock","13":"taxable","14":"shipping-taxable","15":"purchasable","16":"product-type-simple"},"acf":[],"_links":{"self":[{"href":"https:\/\/generateweb.net\/xfit\/wp-json\/wp\/v2\/product\/5963","targetHints":{"allow":["GET"]}}],"collection":[{"href":"https:\/\/generateweb.net\/xfit\/wp-json\/wp\/v2\/product"}],"about":[{"href":"https:\/\/generateweb.net\/xfit\/wp-json\/wp\/v2\/types\/product"}],"version-history":[{"count":0,"href":"https:\/\/generateweb.net\/xfit\/wp-json\/wp\/v2\/product\/5963\/revisions"}],"wp:featuredmedia":[{"embeddable":true,"href":"https:\/\/generateweb.net\/xfit\/wp-json\/wp\/v2\/media\/5965"}],"wp:attachment":[{"href":"https:\/\/generateweb.net\/xfit\/wp-json\/wp\/v2\/media?parent=5963"}],"wp:term":[{"taxonomy":"product_brand","embeddable":true,"href":"https:\/\/generateweb.net\/xfit\/wp-json\/wp\/v2\/product_brand?post=5963"},{"taxonomy":"product_cat","embeddable":true,"href":"https:\/\/generateweb.net\/xfit\/wp-json\/wp\/v2\/product_cat?post=5963"},{"taxonomy":"product_tag","embeddable":true,"href":"https:\/\/generateweb.net\/xfit\/wp-json\/wp\/v2\/product_tag?post=5963"}],"curies":[{"name":"wp","href":"https:\/\/api.w.org\/{rel}","templated":true}]}}