{"id":5957,"date":"2025-09-14T20:04:15","date_gmt":"2025-09-14T20:04:15","guid":{"rendered":"https:\/\/tst.ba\/?post_type=product&#038;p=5957"},"modified":"2025-12-29T16:24:49","modified_gmt":"2025-12-29T16:24:49","slug":"amix-magnesij-kelat-bisglicinat","status":"publish","type":"product","link":"https:\/\/generateweb.net\/xfit\/amix-magnesij-kelat-bisglicinat\/","title":{"rendered":"Amix &#8211; MagneChel Magnezij Bisglicinate (90 caps)"},"content":{"rendered":"<p data-start=\"126\" data-end=\"327\"><strong data-start=\"126\" data-end=\"171\">Amix\u00ae MagneChel\u00ae Magnesium Chelate 375 mg<\/strong> je premium dodatak prehrani koji donosi najkvalitetniji oblik magnezija \u2013 ChelaZone\u00ae magnezijev bisglicinat kelat. Svaka kapsula sadr\u017ei 125 mg magnezija.<\/p>\n<p data-start=\"329\" data-end=\"467\">Ovaj oblik magnezija tijelo najbolje prepoznaje i apsorbira, \u0161to zna\u010di da svaka kapsula donosi maksimalnu u\u010dinkovitost i brze rezultate.<\/p>\n<p data-start=\"469\" data-end=\"671\">Magnezij je jedan od klju\u010dnih minerala za ljudski organizam. Doprinosi normalnoj funkciji mi\u0161i\u0107a, smanjenju umora i iscrpljenosti, normalnom radu \u017eiv\u010danog sustava te odr\u017eavanju zdravih kostiju i zubi.<\/p>\n<p data-start=\"673\" data-end=\"716\"><strong data-start=\"673\" data-end=\"714\">Amix\u00ae MagneChel\u00ae je odli\u010dan izbor za:<\/strong><\/p>\n<ul data-start=\"717\" data-end=\"822\">\n<li data-start=\"717\" data-end=\"753\">\n<p data-start=\"719\" data-end=\"753\">sporta\u0161e i fizi\u010dki aktivne osobe<\/p>\n<\/li>\n<li data-start=\"754\" data-end=\"800\">\n<p data-start=\"756\" data-end=\"800\">sve koji \u017eele oja\u010dati vitalnost i energiju<\/p>\n<\/li>\n<li data-start=\"801\" data-end=\"822\">\n<p data-start=\"803\" data-end=\"822\">ljude pod stresom<\/p>\n<\/li>\n<\/ul>\n<p data-start=\"824\" data-end=\"850\"><strong data-start=\"824\" data-end=\"848\">Prednosti proizvoda:<\/strong><\/p>\n<ul data-start=\"851\" data-end=\"1052\">\n<li data-start=\"851\" data-end=\"915\">\n<p data-start=\"853\" data-end=\"915\">ChelaZone\u00ae patentirana formula s dokazano boljom apsorpcijom<\/p>\n<\/li>\n<li data-start=\"916\" data-end=\"967\">\n<p data-start=\"918\" data-end=\"967\">Prirodne biljne kapsule bez nepotrebnih aditiva<\/p>\n<\/li>\n<li data-start=\"968\" data-end=\"1052\">\n<p data-start=\"970\" data-end=\"1052\">Vrhunska kvaliteta brenda Amix\u00ae, u kojeg imaju povjerenje sporta\u0161i \u0161irom svijeta<\/p>\n<\/li>\n<\/ul>\n<p data-start=\"1054\" data-end=\"1172\">Uklju\u010dite <strong data-start=\"1064\" data-end=\"1084\">Amix\u00ae MagneChel\u00ae<\/strong> u svoju svakodnevnu rutinu i pru\u017eite svom tijelu magnezij u najboljem mogu\u0107em obliku.<\/p>\n<p data-start=\"1174\" data-end=\"1210\">Naru\u010dite odmah i osjetite razliku!<\/p>\n","protected":false},"excerpt":{"rendered":"<p><strong data-start=\"126\" data-end=\"171\">Amix\u00ae MagneChel\u00ae Magnesium Chelate 375 mg<\/strong> je premium dodatak prehrani koji donosi najkvalitetniji oblik magnezija \u2013 ChelaZone\u00ae magnezijev bisglicinat kelat.<\/p>\n","protected":false},"featured_media":5958,"template":"","meta":{"_acf_changed":false},"product_brand":[94],"product_cat":[78,42,76,79],"product_tag":[],"class_list":{"0":"post-5957","1":"product","2":"type-product","3":"status-publish","4":"has-post-thumbnail","6":"product_brand-amix","7":"product_cat-nootropics-happiness-health-sexuality","8":"product_cat-suplementi","9":"product_cat-vitamini","10":"product_cat-podrska-zdravlju-oporavak","12":"first","13":"instock","14":"taxable","15":"shipping-taxable","16":"purchasable","17":"product-type-simple"},"acf":[],"_links":{"self":[{"href":"https:\/\/generateweb.net\/xfit\/wp-json\/wp\/v2\/product\/5957","targetHints":{"allow":["GET"]}}],"collection":[{"href":"https:\/\/generateweb.net\/xfit\/wp-json\/wp\/v2\/product"}],"about":[{"href":"https:\/\/generateweb.net\/xfit\/wp-json\/wp\/v2\/types\/product"}],"version-history":[{"count":0,"href":"https:\/\/generateweb.net\/xfit\/wp-json\/wp\/v2\/product\/5957\/revisions"}],"wp:featuredmedia":[{"embeddable":true,"href":"https:\/\/generateweb.net\/xfit\/wp-json\/wp\/v2\/media\/5958"}],"wp:attachment":[{"href":"https:\/\/generateweb.net\/xfit\/wp-json\/wp\/v2\/media?parent=5957"}],"wp:term":[{"taxonomy":"product_brand","embeddable":true,"href":"https:\/\/generateweb.net\/xfit\/wp-json\/wp\/v2\/product_brand?post=5957"},{"taxonomy":"product_cat","embeddable":true,"href":"https:\/\/generateweb.net\/xfit\/wp-json\/wp\/v2\/product_cat?post=5957"},{"taxonomy":"product_tag","embeddable":true,"href":"https:\/\/generateweb.net\/xfit\/wp-json\/wp\/v2\/product_tag?post=5957"}],"curies":[{"name":"wp","href":"https:\/\/api.w.org\/{rel}","templated":true}]}}