{"id":5916,"date":"2025-09-14T10:36:56","date_gmt":"2025-09-14T10:36:56","guid":{"rendered":"https:\/\/tst.ba\/?post_type=product&#038;p=5916"},"modified":"2026-04-10T14:15:51","modified_gmt":"2026-04-10T14:15:51","slug":"swanson-zinc-picolinate-60-caps","status":"publish","type":"product","link":"https:\/\/generateweb.net\/xfit\/proizvod\/swanson-zinc-picolinate-60-caps\/","title":{"rendered":"Swanson &#8211; Zinc Picolinate (60 caps)"},"content":{"rendered":"<p><a href=\"https:\/\/generateweb.net\/xfit\/proizvodjac\/swanson\/\">Swanson<\/a> <strong><em>Zinc Picolinate<\/em><\/strong> je jedan od najkvalitetnijih i najefikasnijih oblika cinka na tr\u017ei\u0161tu, poznat po odli\u010dnoj apsorpciji i visokoj iskoristivosti u organizmu.<\/p>\n<h3>Glavne prednosti Swanson Zinc Picolinate:<\/h3>\n<ul>\n<li><em>\u2022 ja\u010danje imunolo\u0161kog sistema <\/em><br \/>\n<em>\u2022 podr\u0161ka normalnom nivou testosterona <\/em><br \/>\n<em>\u2022 zdravlje ko\u017ee, kose i noktiju <\/em><br \/>\n<em>\u2022 podr\u0161ka oporavku i energiji <\/em><br \/>\n<em>\u2022 bolja iskoristivost zahvaljuju\u0107i picolinat formi<\/em><\/li>\n<\/ul>\n<p>Idealan je izbor za ja\u010danje imuniteta, podr\u0161ku normalnom nivou testosterona i o\u010duvanje op\u0107eg zdravlja.<\/p>\n<p>Cink ima klju\u010dnu ulogu u funkciji imunolo\u0161kog sistema, hormonalnoj ravnote\u017ei, zdravlju ko\u017ee, kose i noktiju, kao i u normalnoj sintezi proteina.<\/p>\n<p>Upravo zbog toga, <strong><em>Zinc Picolinate<\/em><\/strong> je posebno popularan me\u0111u aktivnim mu\u0161karcima, sportistima i osobama pod stresom.<\/p>\n<p>Ovaj suplement se \u010desto koristi kao dio suplementacije za mu\u0161ku vitalnost, jer cink doprinosi normalnoj razini testosterona u krvi, ali i boljem oporavku, energiji i op\u0107em osje\u0107aju snage.<\/p>\n<p><a href=\"https:\/\/generateweb.net\/xfit\/proizvodjac\/swanson\/\">Swanson<\/a> garantuje provjeren kvalitet, \u010disto\u0107u sastojaka i pouzdanu formulaciju.<\/p>\n<p>Ako tra\u017ei\u0161 efikasan, lako apsorbiraju\u0107i cink koji stvarno radi svoj posao \u2013 <a href=\"https:\/\/generateweb.net\/xfit\/proizvodjac\/swanson\/\">Swanson<\/a> <span style=\"color: #ffcc00;\">Zinc Picolinate<\/span> je siguran izbor za svakodnevnu upotrebu.<\/p>\n<p>Pogledajte i ostalu ponudu <a href=\"https:\/\/generateweb.net\/xfit\/suplementi\/vitamini\/\">vitamina i minerala<\/a> te upotpunite svoju suplementaciju za imunitet, energiju i op\u0107e zdravlje.<\/p>\n","protected":false},"excerpt":{"rendered":"<blockquote>\n<p><span style=\"font-size: 10pt;\"><em>\u2714 Visoka apsorpcija \u2013 picolinat oblik<\/em><\/span><br \/>\n<span style=\"font-size: 10pt;\"><em>\u2714 Podr\u0161ka imunitetu i testosteronu<\/em><\/span><br \/>\n<span style=\"font-size: 10pt;\"><em>\u2714 Zdravlje ko\u017ee, kose i noktiju<\/em><\/span><br \/>\n<span style=\"font-size: 10pt;\"><em>\u2714 Idealan za mu\u0161karce i sportiste<\/em><\/span><br \/>\n<span style=\"font-size: 10pt;\"><em>\u2714 Provjeren Swanson kvalitet<\/em><\/span><\/p>\n<\/blockquote>\n","protected":false},"featured_media":5918,"template":"","meta":{"_acf_changed":false},"product_brand":[98],"product_cat":[46,42,76],"product_tag":[],"class_list":{"0":"post-5916","1":"product","2":"type-product","3":"status-publish","4":"has-post-thumbnail","6":"product_brand-swanson","7":"product_cat-najtrazenije-najprodavanije-izdvojeno","8":"product_cat-suplementi","9":"product_cat-vitamini","11":"first","12":"instock","13":"taxable","14":"shipping-taxable","15":"purchasable","16":"product-type-simple"},"acf":[],"_links":{"self":[{"href":"https:\/\/generateweb.net\/xfit\/wp-json\/wp\/v2\/product\/5916","targetHints":{"allow":["GET"]}}],"collection":[{"href":"https:\/\/generateweb.net\/xfit\/wp-json\/wp\/v2\/product"}],"about":[{"href":"https:\/\/generateweb.net\/xfit\/wp-json\/wp\/v2\/types\/product"}],"version-history":[{"count":0,"href":"https:\/\/generateweb.net\/xfit\/wp-json\/wp\/v2\/product\/5916\/revisions"}],"wp:featuredmedia":[{"embeddable":true,"href":"https:\/\/generateweb.net\/xfit\/wp-json\/wp\/v2\/media\/5918"}],"wp:attachment":[{"href":"https:\/\/generateweb.net\/xfit\/wp-json\/wp\/v2\/media?parent=5916"}],"wp:term":[{"taxonomy":"product_brand","embeddable":true,"href":"https:\/\/generateweb.net\/xfit\/wp-json\/wp\/v2\/product_brand?post=5916"},{"taxonomy":"product_cat","embeddable":true,"href":"https:\/\/generateweb.net\/xfit\/wp-json\/wp\/v2\/product_cat?post=5916"},{"taxonomy":"product_tag","embeddable":true,"href":"https:\/\/generateweb.net\/xfit\/wp-json\/wp\/v2\/product_tag?post=5916"}],"curies":[{"name":"wp","href":"https:\/\/api.w.org\/{rel}","templated":true}]}}