{"id":5868,"date":"2025-09-14T09:28:08","date_gmt":"2025-09-14T09:28:08","guid":{"rendered":"https:\/\/tst.ba\/?post_type=product&#038;p=5868"},"modified":"2026-04-10T14:11:08","modified_gmt":"2026-04-10T14:11:08","slug":"swanson-tongkat-ali-120-caps","status":"publish","type":"product","link":"https:\/\/generateweb.net\/xfit\/swanson-tongkat-ali-120-caps\/","title":{"rendered":"Swanson &#8211; Tongkat ALI (120 caps)"},"content":{"rendered":"<p><strong><em><a href=\"https:\/\/generateweb.net\/xfit\/proizvodjac\/swanson\/\">Swanson<\/a><\/em><\/strong> <em><strong>Tongkat Ali<\/strong> <\/em>je jedan od najpoznatijih i najja\u010dih prirodnih suplemenata za podr\u0161ku testosteronu, mu\u0161koj snazi i libidu.<\/p>\n<p>Ako tra\u017ei\u0161 dodatak koji se ne pije \u201creda radi\u201d, nego da osjeti\u0161 razliku u energiji, raspolo\u017eenju i samopouzdanju \u2013 <strong><em>ovo je taj suplement!!<\/em><\/strong><\/p>\n<p><strong><em>Tongkat Ali<\/em> <\/strong>(Eurycoma longifolia) se tradicionalno koristi za pove\u0107anje prirodnog testosterona, ja\u010di libido, bolju seksualnu energiju i op\u0107i osje\u0107aj vitalnosti.<\/p>\n<p>Mnogi korisnici ga koriste upravo zbog efekta na mu\u0161ku snagu, motivaciju i fokus, kako u treningu tako i u svakodnevnom \u017eivotu.<\/p>\n<p>Redovnom upotrebom, <a href=\"https:\/\/generateweb.net\/xfit\/proizvodjac\/swanson\/\">Swanson<\/a> Tongkat Ali mo\u017ee doprinijeti boljem raspolo\u017eenju, ve\u0107oj mentalnoj o\u0161trini i osje\u0107aju \u201cdrive-a\u201d koji \u010desto nedostaje zbog stresa, umora i modernog na\u010dina \u017eivota.<\/p>\n<p>Ovo nije suplement samo za teretanu \u2013 ovo je lifestyle dodatak za mu\u0161karce koji \u017eele vi\u0161e energije, vi\u0161e samopouzdanja i bolju kontrolu nad vlastitim tijelom.<\/p>\n<p>Veliko pakovanje od <strong>120<\/strong> kapsula \u010dini ga dugotrajnim i isplativim izborom, dok Swanson garantuje provjeren kvalitet i \u010disto\u0107u sastojaka.<\/p>\n<p>Ako \u017eeli\u0161 prirodnu podr\u0161ku testosteronu, libidu i mu\u0161koj vitalnosti \u2013 <a href=\"https:\/\/generateweb.net\/xfit\/suplementi\/performanse\/\">Tongkat Ali je jedan od najboljih izbora na tr\u017ei\u0161tu.<\/a><\/p>\n<blockquote>\n<p style=\"text-align: center;\"><span style=\"font-size: 10pt;\">\u2714 Jedan od najja\u010dih prirodnih boostera testosterona<\/span><br \/>\n<span style=\"font-size: 10pt;\">\u2714 Ja\u010di libido i seksualna energija<\/span><br \/>\n<span style=\"font-size: 10pt;\">\u2714 Vi\u0161e snage, fokusa i samopouzdanja<\/span><br \/>\n<span style=\"font-size: 10pt;\">\u2714 Bolje raspolo\u017eenje i lifestyle efekat<\/span><br \/>\n<span style=\"font-size: 10pt;\">\u2714 120 kapsula \u2013 dugotrajno i isplativo<\/span><\/p>\n<\/blockquote>\n<p>[sp_easyaccordion id=&#8221;10801&#8243;]<\/p>\n<p><a href=\"https:\/\/generateweb.net\/xfit\/suplementi\/performanse\"><span style=\"color: #ffcc00;\">Pogledajte i ostalu ponudu suplemenata za mu\u0161karce, uklju\u010duju\u0107i dodatke za testosteron, energiju, libido i op\u0107u vitalnost, te prona\u0111ite proizvode koji najbolje odgovaraju va\u0161em treningu i lifestyle ciljevima.<\/span><\/a><\/p>\n","protected":false},"excerpt":{"rendered":"<blockquote>\n<p><span style=\"font-size: 10pt;\">\u2714 Jedan od najja\u010dih prirodnih boostera testosterona<\/span><br \/>\n<span style=\"font-size: 10pt;\">\u2714 Ja\u010di libido i seksualna energija<\/span><br \/>\n<span style=\"font-size: 10pt;\">\u2714 Vi\u0161e snage, fokusa i samopouzdanja<\/span><br \/>\n<span style=\"font-size: 10pt;\">\u2714 Bolje raspolo\u017eenje i lifestyle efekat<\/span><br \/>\n<span style=\"font-size: 10pt;\">\u2714 120 kapsula \u2013 dugotrajno i isplativo<\/span><\/p>\n<\/blockquote>\n","protected":false},"featured_media":5870,"template":"","meta":{"_acf_changed":false},"product_brand":[98],"product_cat":[46,74,42,79],"product_tag":[],"class_list":{"0":"post-5868","1":"product","2":"type-product","3":"status-publish","4":"has-post-thumbnail","6":"product_brand-swanson","7":"product_cat-najtrazenije-najprodavanije-izdvojeno","8":"product_cat-performanse","9":"product_cat-suplementi","10":"product_cat-podrska-zdravlju-oporavak","12":"first","13":"instock","14":"taxable","15":"shipping-taxable","16":"purchasable","17":"product-type-simple"},"acf":[],"_links":{"self":[{"href":"https:\/\/generateweb.net\/xfit\/wp-json\/wp\/v2\/product\/5868","targetHints":{"allow":["GET"]}}],"collection":[{"href":"https:\/\/generateweb.net\/xfit\/wp-json\/wp\/v2\/product"}],"about":[{"href":"https:\/\/generateweb.net\/xfit\/wp-json\/wp\/v2\/types\/product"}],"version-history":[{"count":0,"href":"https:\/\/generateweb.net\/xfit\/wp-json\/wp\/v2\/product\/5868\/revisions"}],"wp:featuredmedia":[{"embeddable":true,"href":"https:\/\/generateweb.net\/xfit\/wp-json\/wp\/v2\/media\/5870"}],"wp:attachment":[{"href":"https:\/\/generateweb.net\/xfit\/wp-json\/wp\/v2\/media?parent=5868"}],"wp:term":[{"taxonomy":"product_brand","embeddable":true,"href":"https:\/\/generateweb.net\/xfit\/wp-json\/wp\/v2\/product_brand?post=5868"},{"taxonomy":"product_cat","embeddable":true,"href":"https:\/\/generateweb.net\/xfit\/wp-json\/wp\/v2\/product_cat?post=5868"},{"taxonomy":"product_tag","embeddable":true,"href":"https:\/\/generateweb.net\/xfit\/wp-json\/wp\/v2\/product_tag?post=5868"}],"curies":[{"name":"wp","href":"https:\/\/api.w.org\/{rel}","templated":true}]}}