{"id":5850,"date":"2025-09-14T09:05:08","date_gmt":"2025-09-14T09:05:08","guid":{"rendered":"https:\/\/tst.ba\/?post_type=product&#038;p=5850"},"modified":"2025-12-13T10:28:36","modified_gmt":"2025-12-13T10:28:36","slug":"labrada-elasti-joint-30-doza","status":"publish","type":"product","link":"https:\/\/generateweb.net\/xfit\/proizvod\/labrada-elasti-joint-30-doza\/","title":{"rendered":"Labrada &#8211; Elasti Joint (za zglobove 30 doza)"},"content":{"rendered":"<p data-start=\"121\" data-end=\"389\">ElastiJoint\u00ae je visokokvalitetna formula za podr\u0161ku zglobovima, osmi\u0161ljena da pobolj\u0161a funkciju, elasti\u010dnost i fleksibilnost zglobova, te da pru\u017ei olak\u0161anje kod uko\u010denosti i optere\u0107enja nastalih uslijed sportskih aktivnosti, vje\u017ebanja ili prirodnog procesa starenja.<\/p>\n<p data-start=\"391\" data-end=\"833\">Umjesto da uzimate \u0161aku tableta, ElastiJoint\u00ae donosi sve klju\u010dne sastojke u u\u010dinkovitim koli\u010dinama u samo jednoj dnevnoj mjerici. Svaka porcija sadr\u017ei 5 g hidrolizirane \u017eelatine (kolagen goveda), 2 g MSM-a (metilsulfonilmetan), 1,5 g glukozamin sulfata, 1,2 g hondroitin sulfata i \u010dak 990 mg vitamina C. Ova sna\u017ena kombinacija hranjivih tvari poma\u017ee u ja\u010danju zglobova, obnavljanju vezivnog tkiva i smanjenju nelagode nakon fizi\u010dkog napora.<\/p>\n<p data-start=\"835\" data-end=\"1119\">ElastiJoint\u00ae je savr\u0161en dodatak nakon treninga, jer podr\u017eava oporavak zglobova i vezivnog tkiva te poma\u017ee u o\u010duvanju njihove dugoro\u010dne funkcionalnosti. Redovnom upotrebom mo\u017eete osjetiti pobolj\u0161anu elasti\u010dnost i fleksibilnost, \u0161to vam omogu\u0107ava \u017eivot pun pokreta i slobodu kretanja.<\/p>\n<p data-start=\"1121\" data-end=\"1331\"><strong data-start=\"1121\" data-end=\"1143\">Sastav po porciji:<\/strong><br data-start=\"1143\" data-end=\"1146\" \/>\u2013 Hidrolizirana \u017eelatina (kolagen goveda): 5 g<br data-start=\"1192\" data-end=\"1195\" \/>\u2013 MSM (metilsulfonilmetan): 2 g<br data-start=\"1226\" data-end=\"1229\" \/>\u2013 Glukozamin sulfat: 1,5 g<br data-start=\"1255\" data-end=\"1258\" \/>\u2013 Hondroitin sulfat: 1,2 g<br data-start=\"1284\" data-end=\"1287\" \/>\u2013 Vitamin C (askorbinska kiselina): 990 mg<\/p>\n<p data-start=\"1333\" data-end=\"1449\">Dostupan je u tri ukusna okusa \u2013 naran\u010da, gro\u017e\u0111e i vo\u0107ni pun\u010d \u2013 \u0161to ga \u010dini jednako ukusnim koliko i djelotvornim.<\/p>\n<p data-start=\"1451\" data-end=\"1608\"><em data-start=\"1451\" data-end=\"1606\"><strong data-start=\"1452\" data-end=\"1605\">Naru\u010dite svoj ElastiJoint\u00ae ve\u0107 danas i otkrijte za\u0161to je ovo jedan od najpouzdanijih i najpopularnijih preparata za zglobove na tr\u017ei\u0161tu ve\u0107 godinama!<\/strong><\/em><\/p>\n","protected":false},"excerpt":{"rendered":"<p>ElastiJoint\u00ae je visokokvalitetna formula za podr\u0161ku zglobovima, osmi\u0161ljena da pobolj\u0161a funkciju, elasti\u010dnost i fleksibilnost zglobova, te da pru\u017ei olak\u0161anje kod uko\u010denosti i optere\u0107enja nastalih uslijed sportskih aktivnosti, vje\u017ebanja ili prirodnog procesa starenja.<\/p>\n","protected":false},"featured_media":5852,"template":"","meta":{"_acf_changed":false},"product_brand":[54],"product_cat":[73,46,42,79,77],"product_tag":[],"class_list":{"0":"post-5850","1":"product","2":"type-product","3":"status-publish","4":"has-post-thumbnail","6":"product_brand-labrada-nutrition","7":"product_cat-izdrzljivost-energija","8":"product_cat-najtrazenije-najprodavanije-izdvojeno","9":"product_cat-suplementi","10":"product_cat-podrska-zdravlju-oporavak","11":"product_cat-zglobovi-lyfestyle-oporavak","13":"first","14":"instock","15":"taxable","16":"shipping-taxable","17":"purchasable","18":"product-type-variable"},"acf":[],"_links":{"self":[{"href":"https:\/\/generateweb.net\/xfit\/wp-json\/wp\/v2\/product\/5850","targetHints":{"allow":["GET"]}}],"collection":[{"href":"https:\/\/generateweb.net\/xfit\/wp-json\/wp\/v2\/product"}],"about":[{"href":"https:\/\/generateweb.net\/xfit\/wp-json\/wp\/v2\/types\/product"}],"version-history":[{"count":0,"href":"https:\/\/generateweb.net\/xfit\/wp-json\/wp\/v2\/product\/5850\/revisions"}],"wp:featuredmedia":[{"embeddable":true,"href":"https:\/\/generateweb.net\/xfit\/wp-json\/wp\/v2\/media\/5852"}],"wp:attachment":[{"href":"https:\/\/generateweb.net\/xfit\/wp-json\/wp\/v2\/media?parent=5850"}],"wp:term":[{"taxonomy":"product_brand","embeddable":true,"href":"https:\/\/generateweb.net\/xfit\/wp-json\/wp\/v2\/product_brand?post=5850"},{"taxonomy":"product_cat","embeddable":true,"href":"https:\/\/generateweb.net\/xfit\/wp-json\/wp\/v2\/product_cat?post=5850"},{"taxonomy":"product_tag","embeddable":true,"href":"https:\/\/generateweb.net\/xfit\/wp-json\/wp\/v2\/product_tag?post=5850"}],"curies":[{"name":"wp","href":"https:\/\/api.w.org\/{rel}","templated":true}]}}