{"id":5831,"date":"2025-09-14T08:42:32","date_gmt":"2025-09-14T08:42:32","guid":{"rendered":"https:\/\/tst.ba\/?post_type=product&#038;p=5831"},"modified":"2025-12-13T10:43:43","modified_gmt":"2025-12-13T10:43:43","slug":"cellucor-c4-pineapple","status":"publish","type":"product","link":"https:\/\/generateweb.net\/xfit\/cellucor-c4-pineapple\/","title":{"rendered":"Cellucor &#8211; Energy Pineapple Head"},"content":{"rendered":"<p data-start=\"165\" data-end=\"501\">C4 Energy je najbr\u017ee rastu\u0107i brend energetskih napitaka u Americi, razvijen s jasnom misijom \u2013 maksimizirati ljudski potencijal. Formuliran uz vrhunske sastojke potkrijepljene nau\u010dnim istra\u017eivanjima, C4 pru\u017ea sna\u017enu podr\u0161ku tijelu i umu, poma\u017eu\u0107i da ostvarite bolje performanse, ve\u0107u koncentraciju i vi\u0161e energije \u2013 i to bez kalorija.<\/p>\n<p data-start=\"503\" data-end=\"814\">Okus Pineapple Head donosi savr\u0161eni spoj eksplozivne energije i tropskog osvje\u017eenja. Ovaj energetski napitak pru\u017ea pove\u0107anu fokusiranost, mentalnu bistrinu i stabilan energetski poticaj bez nepotrebnog optere\u0107enja, \u0161to ga \u010dini idealnim izborom za sve koji \u017eele ostati aktivni i produktivni tokom cijelog dana.<\/p>\n<p data-start=\"816\" data-end=\"1115\">Formuliran je da osigura optimalnu ravnote\u017eu izme\u0111u fizi\u010dke energije i mentalne jasno\u0107e, pa je jednako koristan u teretani, na poslu ili u svakodnevnim izazovima. Njegova niskokalori\u010dna formula bez kalorija idealna je za sve koji brinu o zdravom na\u010dinu \u017eivota, a ne \u017eele \u017ertvovati energiju i okus.<\/p>\n<p data-start=\"1117\" data-end=\"1291\">C4 Energy Pineapple Head ne postavlja samo nove standarde u svijetu energetskih napitaka \u2013 on postaje va\u0161 saveznik na putu prema izvrsnosti, svakog dana i u svakom izazovu.<\/p>\n","protected":false},"excerpt":{"rendered":"<p>C4 Energy je najbr\u017ee rastu\u0107i brend energetskih napitaka u Americi, razvijen s jasnom misijom \u2013 maksimizirati ljudski potencijal.<\/p>\n","protected":false},"featured_media":5832,"template":"","meta":{"_acf_changed":false},"product_brand":[50],"product_cat":[72,42],"product_tag":[],"class_list":{"0":"post-5831","1":"product","2":"type-product","3":"status-publish","4":"has-post-thumbnail","6":"product_brand-cellucor","7":"product_cat-pre-workout-single-dose","8":"product_cat-suplementi","10":"first","11":"instock","12":"taxable","13":"shipping-taxable","14":"purchasable","15":"product-type-simple"},"acf":[],"_links":{"self":[{"href":"https:\/\/generateweb.net\/xfit\/wp-json\/wp\/v2\/product\/5831","targetHints":{"allow":["GET"]}}],"collection":[{"href":"https:\/\/generateweb.net\/xfit\/wp-json\/wp\/v2\/product"}],"about":[{"href":"https:\/\/generateweb.net\/xfit\/wp-json\/wp\/v2\/types\/product"}],"version-history":[{"count":0,"href":"https:\/\/generateweb.net\/xfit\/wp-json\/wp\/v2\/product\/5831\/revisions"}],"wp:featuredmedia":[{"embeddable":true,"href":"https:\/\/generateweb.net\/xfit\/wp-json\/wp\/v2\/media\/5832"}],"wp:attachment":[{"href":"https:\/\/generateweb.net\/xfit\/wp-json\/wp\/v2\/media?parent=5831"}],"wp:term":[{"taxonomy":"product_brand","embeddable":true,"href":"https:\/\/generateweb.net\/xfit\/wp-json\/wp\/v2\/product_brand?post=5831"},{"taxonomy":"product_cat","embeddable":true,"href":"https:\/\/generateweb.net\/xfit\/wp-json\/wp\/v2\/product_cat?post=5831"},{"taxonomy":"product_tag","embeddable":true,"href":"https:\/\/generateweb.net\/xfit\/wp-json\/wp\/v2\/product_tag?post=5831"}],"curies":[{"name":"wp","href":"https:\/\/api.w.org\/{rel}","templated":true}]}}