{"id":5829,"date":"2025-09-14T08:41:01","date_gmt":"2025-09-14T08:41:01","guid":{"rendered":"https:\/\/tst.ba\/?post_type=product&#038;p=5829"},"modified":"2025-12-13T10:45:12","modified_gmt":"2025-12-13T10:45:12","slug":"cellucor-c4-original-carbonated","status":"publish","type":"product","link":"https:\/\/generateweb.net\/xfit\/cellucor-c4-original-carbonated\/","title":{"rendered":"Cellucor &#8211; C4 Original Shoot"},"content":{"rendered":"<p data-start=\"140\" data-end=\"506\">Predstavljamo C4 OTG \u2013 najnoviji dodatak C4 porodici pre-workout proizvoda, osmi\u0161ljen u prakti\u010dnom karboniziranom obliku. Ovaj napitak pru\u017ea isti legendarni osje\u0107aj kao C4 Original, ali sada u formi spremnoj za konzumaciju gdje god da se nalazite. C4 OTG je savr\u0161eno gorivo za va\u0161u fitness avanturu, donose\u0107i kombinaciju energije, izdr\u017eljivosti i mentalnog fokusa.<\/p>\n<p data-start=\"508\" data-end=\"869\">Za razliku od prosje\u010dnih energetskih pi\u0107a, C4 OTG sadr\u017ei klini\u010dki dozirane sastojke koji dokazano podi\u017eu performanse. Njegova pa\u017eljivo sastavljena formula omogu\u0107ava eksplozivnu energiju, sna\u017enu mi\u0161i\u0107nu pumpu i produ\u017eenu izdr\u017eljivost, dok istovremeno pru\u017ea mentalnu jasno\u0107u i fokus tokom treninga. Energija koju pru\u017ea C4 OTG je ona koju zaista mo\u017eete osjetiti.<\/p>\n<p data-start=\"871\" data-end=\"1215\"><strong data-start=\"871\" data-end=\"903\">Glavni sastojci i prednosti:<\/strong><br data-start=\"903\" data-end=\"906\" \/>\u2013 200 mg kofeina za sna\u017enu energiju i fokus<br data-start=\"949\" data-end=\"952\" \/>\u2013 CarnoSyn\u00ae Beta-Alanin koji smanjuje umor i pove\u0107ava snagu i performanse<br data-start=\"1025\" data-end=\"1028\" \/>\u2013 Citrulline Malate za izra\u017eeniju mi\u0161i\u0107nu pumpu<br data-start=\"1075\" data-end=\"1078\" \/>\u2013 BetaPower\u00ae Betaine koji doprinosi hidrataciji mi\u0161i\u0107nih stanica<br data-start=\"1142\" data-end=\"1145\" \/>\u2013 N-Acetyl-L-Tyrosine za pobolj\u0161anje mentalne koncentracije i fokusa<\/p>\n<p data-start=\"1217\" data-end=\"1437\">C4 Original Shoot je prakti\u010dno i sna\u017eno rje\u0161enje za sve koji \u017eele vrhunski pre-workout u\u010dinak u formi spremnoj za upotrebu. Samo otvorite, popijte i osjetite energiju koja \u0107e vas pogurati kroz najintenzivnije treninge.<\/p>\n","protected":false},"excerpt":{"rendered":"<p>Predstavljamo C4 OTG \u2013 najnoviji dodatak C4 porodici pre-workout proizvoda, osmi\u0161ljen u prakti\u010dnom karboniziranom obliku.<\/p>\n","protected":false},"featured_media":5830,"template":"","meta":{"_acf_changed":false},"product_brand":[50],"product_cat":[72,42],"product_tag":[],"class_list":{"0":"post-5829","1":"product","2":"type-product","3":"status-publish","4":"has-post-thumbnail","6":"product_brand-cellucor","7":"product_cat-pre-workout-single-dose","8":"product_cat-suplementi","10":"first","11":"instock","12":"taxable","13":"shipping-taxable","14":"purchasable","15":"product-type-variable"},"acf":[],"_links":{"self":[{"href":"https:\/\/generateweb.net\/xfit\/wp-json\/wp\/v2\/product\/5829","targetHints":{"allow":["GET"]}}],"collection":[{"href":"https:\/\/generateweb.net\/xfit\/wp-json\/wp\/v2\/product"}],"about":[{"href":"https:\/\/generateweb.net\/xfit\/wp-json\/wp\/v2\/types\/product"}],"version-history":[{"count":0,"href":"https:\/\/generateweb.net\/xfit\/wp-json\/wp\/v2\/product\/5829\/revisions"}],"wp:featuredmedia":[{"embeddable":true,"href":"https:\/\/generateweb.net\/xfit\/wp-json\/wp\/v2\/media\/5830"}],"wp:attachment":[{"href":"https:\/\/generateweb.net\/xfit\/wp-json\/wp\/v2\/media?parent=5829"}],"wp:term":[{"taxonomy":"product_brand","embeddable":true,"href":"https:\/\/generateweb.net\/xfit\/wp-json\/wp\/v2\/product_brand?post=5829"},{"taxonomy":"product_cat","embeddable":true,"href":"https:\/\/generateweb.net\/xfit\/wp-json\/wp\/v2\/product_cat?post=5829"},{"taxonomy":"product_tag","embeddable":true,"href":"https:\/\/generateweb.net\/xfit\/wp-json\/wp\/v2\/product_tag?post=5829"}],"curies":[{"name":"wp","href":"https:\/\/api.w.org\/{rel}","templated":true}]}}