{"id":5772,"date":"2025-09-13T22:57:56","date_gmt":"2025-09-13T22:57:56","guid":{"rendered":"https:\/\/tst.ba\/?post_type=product&#038;p=5772"},"modified":"2025-12-13T12:27:37","modified_gmt":"2025-12-13T12:27:37","slug":"universal-animal-cuts-42-pack","status":"publish","type":"product","link":"https:\/\/generateweb.net\/xfit\/proizvod\/universal-animal-cuts-42-pack\/","title":{"rendered":"Universal &#8211; Animal Cuts (42 pack)"},"content":{"rendered":"<p data-start=\"122\" data-end=\"376\">Vi\u0161e od deset godina, <strong data-start=\"144\" data-end=\"159\">Animal Cuts<\/strong> dr\u017ei tron me\u0111u fat burnerima. Nije rije\u010d samo o obi\u010dnom sagorjeva\u010du, ve\u0107 o kompletnom sistemu za definiciju i oblikovanje tijela. Svaki dnevni paketi\u0107 sadr\u017ei sve \u0161to vam treba \u2013 bez potrebe za dodatnim proizvodima.<\/p>\n<p data-start=\"378\" data-end=\"411\"><strong data-start=\"378\" data-end=\"409\">Za\u0161to odabrati Animal Cuts?<\/strong><\/p>\n<ul data-start=\"412\" data-end=\"694\">\n<li data-start=\"412\" data-end=\"465\">\n<p data-start=\"414\" data-end=\"465\">ubrzava metabolizam i pove\u0107ava potro\u0161nju kalorija<\/p>\n<\/li>\n<li data-start=\"466\" data-end=\"522\">\n<p data-start=\"468\" data-end=\"522\">\u0161titi i o\u010duva \u010distu mi\u0161i\u0107nu masu dok toplite masno\u0107e<\/p>\n<\/li>\n<li data-start=\"523\" data-end=\"589\">\n<p data-start=\"525\" data-end=\"589\">diuretski u\u010dinak \u2013 smanjuje zadr\u017eavanje vode i oblikuje tijelo<\/p>\n<\/li>\n<li data-start=\"590\" data-end=\"639\">\n<p data-start=\"592\" data-end=\"639\">podi\u017ee energiju i fokus za zahtjevne treninge<\/p>\n<\/li>\n<li data-start=\"640\" data-end=\"694\">\n<p data-start=\"642\" data-end=\"694\">poma\u017ee u kontroli apetita i podr\u017eava rad \u0161titnja\u010de<\/p>\n<\/li>\n<\/ul>\n<p data-start=\"696\" data-end=\"777\"><strong data-start=\"696\" data-end=\"715\">Na\u010din upotrebe:<\/strong><br data-start=\"715\" data-end=\"718\" \/>Uzimati jedan paketi\u0107 dnevno prema preporuci proizvo\u0111a\u010da.<\/p>\n<p data-start=\"779\" data-end=\"924\">Animal Cuts je idealan izbor za sportiste i rekreativce koji \u017eele <strong data-start=\"845\" data-end=\"921\">maksimalne rezultate, br\u017ee sagorijevanje masti i definiran izgled tijela<\/strong>.<\/p>\n","protected":false},"excerpt":{"rendered":"<p>Vi\u0161e od deset godina, <strong data-start=\"144\" data-end=\"159\">Animal Cuts<\/strong> dr\u017ei tron me\u0111u fat burnerima. Nije rije\u010d samo o obi\u010dnom sagorjeva\u010du, ve\u0107 o kompletnom sistemu za definiciju i oblikovanje tijela.<\/p>\n","protected":false},"featured_media":5774,"template":"","meta":{"_acf_changed":false},"product_brand":[66],"product_cat":[70,42],"product_tag":[],"class_list":{"0":"post-5772","1":"product","2":"type-product","3":"status-publish","4":"has-post-thumbnail","6":"product_brand-universal-nutrition","7":"product_cat-sagorjevaci","8":"product_cat-suplementi","10":"first","11":"instock","12":"taxable","13":"shipping-taxable","14":"purchasable","15":"product-type-simple"},"acf":[],"_links":{"self":[{"href":"https:\/\/generateweb.net\/xfit\/wp-json\/wp\/v2\/product\/5772","targetHints":{"allow":["GET"]}}],"collection":[{"href":"https:\/\/generateweb.net\/xfit\/wp-json\/wp\/v2\/product"}],"about":[{"href":"https:\/\/generateweb.net\/xfit\/wp-json\/wp\/v2\/types\/product"}],"version-history":[{"count":0,"href":"https:\/\/generateweb.net\/xfit\/wp-json\/wp\/v2\/product\/5772\/revisions"}],"wp:featuredmedia":[{"embeddable":true,"href":"https:\/\/generateweb.net\/xfit\/wp-json\/wp\/v2\/media\/5774"}],"wp:attachment":[{"href":"https:\/\/generateweb.net\/xfit\/wp-json\/wp\/v2\/media?parent=5772"}],"wp:term":[{"taxonomy":"product_brand","embeddable":true,"href":"https:\/\/generateweb.net\/xfit\/wp-json\/wp\/v2\/product_brand?post=5772"},{"taxonomy":"product_cat","embeddable":true,"href":"https:\/\/generateweb.net\/xfit\/wp-json\/wp\/v2\/product_cat?post=5772"},{"taxonomy":"product_tag","embeddable":true,"href":"https:\/\/generateweb.net\/xfit\/wp-json\/wp\/v2\/product_tag?post=5772"}],"curies":[{"name":"wp","href":"https:\/\/api.w.org\/{rel}","templated":true}]}}