{"id":5766,"date":"2025-09-13T22:54:06","date_gmt":"2025-09-13T22:54:06","guid":{"rendered":"https:\/\/tst.ba\/?post_type=product&#038;p=5766"},"modified":"2025-12-13T12:30:01","modified_gmt":"2025-12-13T12:30:01","slug":"nutrex-l-carnitine-liquid-3000","status":"publish","type":"product","link":"https:\/\/generateweb.net\/xfit\/proizvod\/nutrex-l-carnitine-liquid-3000\/","title":{"rendered":"Nutrex &#8211; L-Carnitine Liquid 3000"},"content":{"rendered":"<p data-start=\"110\" data-end=\"393\">Nutrex L-Carnitine Liquid 3000 poma\u017ee tijelu da masno\u0107e pretvori u energiju, \u010dime podr\u017eava mi\u0161i\u0107ni razvoj, pove\u0107ava izdr\u017eljivost i odga\u0111a umor. Svaka porcija donosi sna\u017enih <strong data-start=\"283\" data-end=\"314\">3000 mg teku\u0107eg L-karnitina<\/strong>, jednu od najvi\u0161ih dostupnih doza, a formula je bez vje\u0161ta\u010dkih boja i aroma.<\/p>\n<p data-start=\"395\" data-end=\"411\"><strong data-start=\"395\" data-end=\"409\">Prednosti:<\/strong><\/p>\n<ul data-start=\"412\" data-end=\"589\">\n<li data-start=\"412\" data-end=\"467\">\n<p data-start=\"414\" data-end=\"467\">Poti\u010de sagorijevanje masti i pretvaranje u energiju<\/p>\n<\/li>\n<li data-start=\"468\" data-end=\"507\">\n<p data-start=\"470\" data-end=\"507\">Pove\u0107ava izdr\u017eljivost i odga\u0111a umor<\/p>\n<\/li>\n<li data-start=\"508\" data-end=\"547\">\n<p data-start=\"510\" data-end=\"547\">Podr\u017eava performanse tokom treninga<\/p>\n<\/li>\n<li data-start=\"548\" data-end=\"589\">\n<p data-start=\"550\" data-end=\"589\">Ukusni okusi, bez vje\u0161ta\u010dkih dodataka<\/p>\n<\/li>\n<\/ul>\n<p data-start=\"591\" data-end=\"763\"><strong data-start=\"591\" data-end=\"616\">Preporu\u010dena upotreba:<\/strong><br data-start=\"616\" data-end=\"619\" \/>Dobro promu\u0107kati prije upotrebe. Uzeti jednu porciju dnevno, najbolje na prazan stomak. Na dan treninga konzumirati 30 minuta prije vje\u017ebanja.<\/p>\n<p data-start=\"765\" data-end=\"800\"><strong data-start=\"765\" data-end=\"779\">Pakovanje:<\/strong> 3000 mg po porciji<\/p>\n","protected":false},"excerpt":{"rendered":"<p>Nutrex L-Carnitine Liquid 3000 poma\u017ee tijelu da masno\u0107e pretvori u energiju, \u010dime podr\u017eava mi\u0161i\u0107ni razvoj, pove\u0107ava izdr\u017eljivost i odga\u0111a umor.<\/p>\n","protected":false},"featured_media":5768,"template":"","meta":{"_acf_changed":false},"product_brand":[59],"product_cat":[70,42],"product_tag":[],"class_list":{"0":"post-5766","1":"product","2":"type-product","3":"status-publish","4":"has-post-thumbnail","6":"product_brand-nutrex-research","7":"product_cat-sagorjevaci","8":"product_cat-suplementi","10":"first","11":"instock","12":"taxable","13":"shipping-taxable","14":"purchasable","15":"product-type-simple"},"acf":[],"_links":{"self":[{"href":"https:\/\/generateweb.net\/xfit\/wp-json\/wp\/v2\/product\/5766","targetHints":{"allow":["GET"]}}],"collection":[{"href":"https:\/\/generateweb.net\/xfit\/wp-json\/wp\/v2\/product"}],"about":[{"href":"https:\/\/generateweb.net\/xfit\/wp-json\/wp\/v2\/types\/product"}],"version-history":[{"count":0,"href":"https:\/\/generateweb.net\/xfit\/wp-json\/wp\/v2\/product\/5766\/revisions"}],"wp:featuredmedia":[{"embeddable":true,"href":"https:\/\/generateweb.net\/xfit\/wp-json\/wp\/v2\/media\/5768"}],"wp:attachment":[{"href":"https:\/\/generateweb.net\/xfit\/wp-json\/wp\/v2\/media?parent=5766"}],"wp:term":[{"taxonomy":"product_brand","embeddable":true,"href":"https:\/\/generateweb.net\/xfit\/wp-json\/wp\/v2\/product_brand?post=5766"},{"taxonomy":"product_cat","embeddable":true,"href":"https:\/\/generateweb.net\/xfit\/wp-json\/wp\/v2\/product_cat?post=5766"},{"taxonomy":"product_tag","embeddable":true,"href":"https:\/\/generateweb.net\/xfit\/wp-json\/wp\/v2\/product_tag?post=5766"}],"curies":[{"name":"wp","href":"https:\/\/api.w.org\/{rel}","templated":true}]}}