{"id":5760,"date":"2025-09-13T22:47:04","date_gmt":"2025-09-13T22:47:04","guid":{"rendered":"https:\/\/tst.ba\/?post_type=product&#038;p=5760"},"modified":"2026-02-06T13:55:44","modified_gmt":"2026-02-06T13:55:44","slug":"on-serious-mass-5-6kg","status":"publish","type":"product","link":"https:\/\/generateweb.net\/xfit\/proizvod\/on-serious-mass-5-6kg\/","title":{"rendered":"ON &#8211; Serious Mass 5,45kg"},"content":{"rendered":"<p data-start=\"124\" data-end=\"325\">Ako ti je cilj ozbiljna mi\u0161i\u0107na masa i snaga, Serious Mass je pravi izbor!<br data-start=\"198\" data-end=\"201\" \/><br \/>\nOvaj <strong data-start=\"206\" data-end=\"229\">high-calorie gainer<\/strong> pru\u017ea maksimalnu podr\u0161ku u izgradnji mi\u0161i\u0107a i br\u017eem oporavku nakon najintenzivnijih treninga.<\/p>\n<p data-start=\"327\" data-end=\"616\">Svaka porcija sadr\u017ei \u010dak <strong data-start=\"352\" data-end=\"369\">1260 kalorija<\/strong>, <strong data-start=\"371\" data-end=\"388\">50 g proteina<\/strong> i <strong data-start=\"391\" data-end=\"415\">253 g ugljikohidrata<\/strong>, uz dodatak <strong data-start=\"428\" data-end=\"455\">5 g kreatin monohidrata<\/strong> i <strong data-start=\"458\" data-end=\"475\">8 g glutamina<\/strong> za snagu, energiju i regeneraciju. Oboga\u0107en je i sa <strong data-start=\"528\" data-end=\"567\">19 esencijalnih vitamina i minerala<\/strong>, \u0161to ga \u010dini kompletnim nutritivnim rje\u0161enjem.<\/p>\n<p data-start=\"618\" data-end=\"649\"><strong data-start=\"618\" data-end=\"647\">Prednosti Serious Mass-a:<\/strong><\/p>\n<ul data-start=\"650\" data-end=\"885\">\n<li data-start=\"650\" data-end=\"705\">\n<p data-start=\"652\" data-end=\"705\">1260 kalorija i 50 g proteina za sna\u017ean rast mi\u0161i\u0107a<\/p>\n<\/li>\n<li data-start=\"706\" data-end=\"758\">\n<p data-start=\"708\" data-end=\"758\">253 g ugljikohidrata za energiju i br\u017ei oporavak<\/p>\n<\/li>\n<li data-start=\"759\" data-end=\"823\">\n<p data-start=\"761\" data-end=\"823\">Kreatin, glutamin i vitamini za bolju izvedbu i regeneraciju<\/p>\n<\/li>\n<li data-start=\"824\" data-end=\"885\">\n<p data-start=\"826\" data-end=\"885\">5 vrhunskih okusa, lako se mije\u0161a i jednostavno konzumira<\/p>\n<\/li>\n<\/ul>\n<p data-start=\"887\" data-end=\"1071\"><strong data-start=\"887\" data-end=\"912\">Preporu\u010dena upotreba:<\/strong><br data-start=\"912\" data-end=\"915\" \/><br \/>\nPomije\u0161ajte 2 mjerice s vodom ili mlijekom i konzumirajte jednom dnevno \u2013 najbolje izme\u0111u obroka ili nakon treninga, ovisno o va\u0161im kalorijskim potrebama.<\/p>\n<p data-start=\"1073\" data-end=\"1115\"><strong data-start=\"1073\" data-end=\"1113\">Nutritivne vrijednosti (po porciji):<\/strong><\/p>\n<ul data-start=\"1116\" data-end=\"1269\">\n<li data-start=\"1116\" data-end=\"1134\">\n<p data-start=\"1118\" data-end=\"1134\">Kalorije: 1260<\/p>\n<\/li>\n<li data-start=\"1135\" data-end=\"1153\">\n<p data-start=\"1137\" data-end=\"1153\">Proteini: 50 g<\/p>\n<\/li>\n<li data-start=\"1154\" data-end=\"1179\">\n<p data-start=\"1156\" data-end=\"1179\">Ugljikohidrati: 253 g<\/p>\n<\/li>\n<li data-start=\"1180\" data-end=\"1196\">\n<p data-start=\"1182\" data-end=\"1196\">Masti: 4,5 g<\/p>\n<\/li>\n<li data-start=\"1197\" data-end=\"1224\">\n<p data-start=\"1199\" data-end=\"1224\">Kreatin monohidrat: 5 g<\/p>\n<\/li>\n<li data-start=\"1225\" data-end=\"1242\">\n<p data-start=\"1227\" data-end=\"1242\">Glutamin: 8 g<\/p>\n<\/li>\n<li data-start=\"1243\" data-end=\"1269\">\n<p data-start=\"1245\" data-end=\"1269\">19 vitamina i minerala<\/p>\n<\/li>\n<\/ul>\n<p data-start=\"1271\" data-end=\"1360\"><strong data-start=\"1271\" data-end=\"1285\">Pakovanje:<\/strong> 5,45 kg<br data-start=\"1293\" data-end=\"1296\" \/><br \/>\n<strong data-start=\"1296\" data-end=\"1306\">Okusi:<\/strong> \u010cokolada, Vanilija, Banana, Jagoda, Cookies &amp; Cream<\/p>\n","protected":false},"excerpt":{"rendered":"<p>Ovaj <strong data-start=\"206\" data-end=\"229\">high-calorie gainer<\/strong> pru\u017ea maksimalnu podr\u0161ku u izgradnji mi\u0161i\u0107a i br\u017eem oporavku nakon najintenzivnijih treninga.<\/p>\n","protected":false},"featured_media":5762,"template":"","meta":{"_acf_changed":false},"product_brand":[60],"product_cat":[69,42],"product_tag":[],"class_list":{"0":"post-5760","1":"product","2":"type-product","3":"status-publish","4":"has-post-thumbnail","6":"product_brand-optimum-nutrition","7":"product_cat-gaineri","8":"product_cat-suplementi","10":"first","11":"instock","12":"taxable","13":"shipping-taxable","14":"purchasable","15":"product-type-variable"},"acf":[],"_links":{"self":[{"href":"https:\/\/generateweb.net\/xfit\/wp-json\/wp\/v2\/product\/5760","targetHints":{"allow":["GET"]}}],"collection":[{"href":"https:\/\/generateweb.net\/xfit\/wp-json\/wp\/v2\/product"}],"about":[{"href":"https:\/\/generateweb.net\/xfit\/wp-json\/wp\/v2\/types\/product"}],"version-history":[{"count":0,"href":"https:\/\/generateweb.net\/xfit\/wp-json\/wp\/v2\/product\/5760\/revisions"}],"wp:featuredmedia":[{"embeddable":true,"href":"https:\/\/generateweb.net\/xfit\/wp-json\/wp\/v2\/media\/5762"}],"wp:attachment":[{"href":"https:\/\/generateweb.net\/xfit\/wp-json\/wp\/v2\/media?parent=5760"}],"wp:term":[{"taxonomy":"product_brand","embeddable":true,"href":"https:\/\/generateweb.net\/xfit\/wp-json\/wp\/v2\/product_brand?post=5760"},{"taxonomy":"product_cat","embeddable":true,"href":"https:\/\/generateweb.net\/xfit\/wp-json\/wp\/v2\/product_cat?post=5760"},{"taxonomy":"product_tag","embeddable":true,"href":"https:\/\/generateweb.net\/xfit\/wp-json\/wp\/v2\/product_tag?post=5760"}],"curies":[{"name":"wp","href":"https:\/\/api.w.org\/{rel}","templated":true}]}}