{"id":5745,"date":"2025-09-13T22:34:29","date_gmt":"2025-09-13T22:34:29","guid":{"rendered":"https:\/\/tst.ba\/?post_type=product&#038;p=5745"},"modified":"2026-03-26T21:10:01","modified_gmt":"2026-03-26T21:10:01","slug":"basic-supplements-creatine-pro-500g","status":"publish","type":"product","link":"https:\/\/generateweb.net\/xfit\/proizvod\/basic-supplements-creatine-pro-500g\/","title":{"rendered":"Basic Supplements &#8211; Creatine PRO (500g) &#8211; 100 doza"},"content":{"rendered":"<p data-start=\"135\" data-end=\"428\">Basic Supplements CreaPRO donosi <strong data-start=\"168\" data-end=\"218\">5 g \u010distog, mikronizovanog kreatin monohidrata<\/strong> po porciji, osmi\u0161ljenog da podr\u017ei snagu, eksplozivnost i izgradnju nemasne mi\u0161i\u0107ne mase. Kreatin obezbje\u0111uje energiju tokom kratkih, intenzivnih treninga i poma\u017ee tijelu da obnovi sopstvene rezerve kreatina.<\/p>\n<p data-start=\"430\" data-end=\"594\">Mikronizacija omogu\u0107ava bolju apsorpciju i du\u017ee zadr\u017eavanje u rastvoru, \u0161to garantuje maksimalnu iskoristivost i efikasniji transport kreatina direktno do mi\u0161i\u0107a.<\/p>\n<p data-start=\"596\" data-end=\"620\"><strong data-start=\"596\" data-end=\"618\">Prednosti CreaPRO:<\/strong><\/p>\n<ul data-start=\"621\" data-end=\"829\">\n<li data-start=\"621\" data-end=\"656\">\n<p data-start=\"623\" data-end=\"656\">100% \u010dist mikronizovani kreatin<\/p>\n<\/li>\n<li data-start=\"657\" data-end=\"693\">\n<p data-start=\"659\" data-end=\"693\">Podr\u017eava rast \u010diste mi\u0161i\u0107ne mase<\/p>\n<\/li>\n<li data-start=\"694\" data-end=\"728\">\n<p data-start=\"696\" data-end=\"728\">Pove\u0107ava snagu i eksplozivnost<\/p>\n<\/li>\n<li data-start=\"729\" data-end=\"782\">\n<p data-start=\"731\" data-end=\"782\">Pobolj\u0161ava energiju i izdr\u017eljivost tokom treninga<\/p>\n<\/li>\n<li data-start=\"783\" data-end=\"829\">\n<p data-start=\"785\" data-end=\"829\">Brza apsorpcija zahvaljuju\u0107i mikronizaciji<\/p>\n<\/li>\n<\/ul>\n<p data-start=\"831\" data-end=\"932\">CreaPRO je idealan izbor za sportiste i rekreativce koji \u017eele da podignu svoj trening na vi\u0161i nivo.<\/p>\n","protected":false},"excerpt":{"rendered":"<p>Basic Supplements CreaPRO donosi <strong data-start=\"168\" data-end=\"218\">5 g \u010distog, mikronizovanog kreatin monohidrata<\/strong> po porciji, osmi\u0161ljenog da podr\u017ei snagu, eksplozivnost i izgradnju nemasne mi\u0161i\u0107ne mase.<\/p>\n","protected":false},"featured_media":5746,"template":"","meta":{"_acf_changed":false},"product_brand":[99],"product_cat":[68,42],"product_tag":[],"class_list":{"0":"post-5745","1":"product","2":"type-product","3":"status-publish","4":"has-post-thumbnail","6":"product_brand-basic-supplements","7":"product_cat-creatini","8":"product_cat-suplementi","10":"first","11":"instock","12":"taxable","13":"shipping-taxable","14":"purchasable","15":"product-type-simple"},"acf":[],"_links":{"self":[{"href":"https:\/\/generateweb.net\/xfit\/wp-json\/wp\/v2\/product\/5745","targetHints":{"allow":["GET"]}}],"collection":[{"href":"https:\/\/generateweb.net\/xfit\/wp-json\/wp\/v2\/product"}],"about":[{"href":"https:\/\/generateweb.net\/xfit\/wp-json\/wp\/v2\/types\/product"}],"version-history":[{"count":0,"href":"https:\/\/generateweb.net\/xfit\/wp-json\/wp\/v2\/product\/5745\/revisions"}],"wp:featuredmedia":[{"embeddable":true,"href":"https:\/\/generateweb.net\/xfit\/wp-json\/wp\/v2\/media\/5746"}],"wp:attachment":[{"href":"https:\/\/generateweb.net\/xfit\/wp-json\/wp\/v2\/media?parent=5745"}],"wp:term":[{"taxonomy":"product_brand","embeddable":true,"href":"https:\/\/generateweb.net\/xfit\/wp-json\/wp\/v2\/product_brand?post=5745"},{"taxonomy":"product_cat","embeddable":true,"href":"https:\/\/generateweb.net\/xfit\/wp-json\/wp\/v2\/product_cat?post=5745"},{"taxonomy":"product_tag","embeddable":true,"href":"https:\/\/generateweb.net\/xfit\/wp-json\/wp\/v2\/product_tag?post=5745"}],"curies":[{"name":"wp","href":"https:\/\/api.w.org\/{rel}","templated":true}]}}