{"id":5731,"date":"2025-09-13T22:24:05","date_gmt":"2025-09-13T22:24:05","guid":{"rendered":"https:\/\/tst.ba\/?post_type=product&#038;p=5731"},"modified":"2025-12-29T16:26:06","modified_gmt":"2025-12-29T16:26:06","slug":"amix-creatin-100-creapure-300g","status":"publish","type":"product","link":"https:\/\/generateweb.net\/xfit\/proizvod\/amix-creatin-100-creapure-300g\/","title":{"rendered":"Amix &#8211; Creatin 100% Creapure\u00ae (300g)"},"content":{"rendered":"<p data-start=\"76\" data-end=\"443\"><strong data-start=\"76\" data-end=\"110\">Creatine Monohydrate Creapure\u00ae<\/strong> je dodatak prehrani vrhunske \u010disto\u0107e, proizveden u Njema\u010dkoj prema najvi\u0161im GMP standardima. Kreiran od pa\u017eljivo odabranih sirovina i obra\u0111en naprednom tehnologijom <strong data-start=\"276\" data-end=\"296\">rekristalizacije<\/strong>, ovaj kreatin monohidrat garantira <strong data-start=\"332\" data-end=\"360\">minimalno 99,95% \u010disto\u0107e<\/strong>, bez ne\u017eeljenih nusprodukata poput kreatinina, dicijandiamida i dihidrotriazina.<\/p>\n<p data-start=\"445\" data-end=\"839\">Kreatin monohidrat je osnovni gradivni blok za stvaranje <strong data-start=\"502\" data-end=\"521\">kreatin fosfata<\/strong>, klju\u010dnog izvora energije u mi\u0161i\u0107nim \u0107elijama. Redovnom suplementacijom posti\u017ee se <strong data-start=\"605\" data-end=\"656\">pove\u0107anje snage, eksplozivnosti i izdr\u017eljivosti<\/strong>, \u0161to ga \u010dini nezamjenjivim dodatkom za sportiste, bodybuildere, diza\u010de tegova, powerliftere i sve koji \u017eele napredovati u izgradnji <strong data-start=\"789\" data-end=\"811\">\u010diste mi\u0161i\u0107ne mase<\/strong> i op\u0107e fizi\u010dke kondicije.<\/p>\n<p data-start=\"841\" data-end=\"857\"><strong data-start=\"841\" data-end=\"855\">Prednosti:<\/strong><\/p>\n<ul data-start=\"858\" data-end=\"1122\">\n<li data-start=\"858\" data-end=\"919\">\n<p data-start=\"860\" data-end=\"919\">100% <strong data-start=\"865\" data-end=\"897\">Creapure\u00ae kreatin monohidrat<\/strong> \u2013 premium kvaliteta<\/p>\n<\/li>\n<li data-start=\"920\" data-end=\"958\">\n<p data-start=\"922\" data-end=\"958\"><strong data-start=\"922\" data-end=\"956\">Pove\u0107ava snagu i eksplozivnost<\/strong><\/p>\n<\/li>\n<li data-start=\"959\" data-end=\"1009\">\n<p data-start=\"961\" data-end=\"1009\"><strong data-start=\"961\" data-end=\"1007\">Podr\u017eava rast i volumen \u010diste mi\u0161i\u0107ne mase<\/strong><\/p>\n<\/li>\n<li data-start=\"1010\" data-end=\"1050\">\n<p data-start=\"1012\" data-end=\"1050\"><strong data-start=\"1012\" data-end=\"1048\">Smanjuje umor i ubrzava oporavak<\/strong><\/p>\n<\/li>\n<li data-start=\"1051\" data-end=\"1122\">\n<p data-start=\"1053\" data-end=\"1122\">Proizveden u Njema\u010dkoj, testiran HPLC metodom za maksimalnu \u010disto\u0107u<\/p>\n<\/li>\n<\/ul>\n","protected":false},"excerpt":{"rendered":"<p><strong data-start=\"76\" data-end=\"110\">Creatine Monohydrate Creapure\u00ae<\/strong> je dodatak prehrani vrhunske \u010disto\u0107e, proizveden u Njema\u010dkoj prema najvi\u0161im GMP standardima.<\/p>\n","protected":false},"featured_media":5733,"template":"","meta":{"_acf_changed":false},"product_brand":[94],"product_cat":[68,42],"product_tag":[],"class_list":{"0":"post-5731","1":"product","2":"type-product","3":"status-publish","4":"has-post-thumbnail","6":"product_brand-amix","7":"product_cat-creatini","8":"product_cat-suplementi","10":"first","11":"instock","12":"taxable","13":"shipping-taxable","14":"purchasable","15":"product-type-simple"},"acf":[],"_links":{"self":[{"href":"https:\/\/generateweb.net\/xfit\/wp-json\/wp\/v2\/product\/5731","targetHints":{"allow":["GET"]}}],"collection":[{"href":"https:\/\/generateweb.net\/xfit\/wp-json\/wp\/v2\/product"}],"about":[{"href":"https:\/\/generateweb.net\/xfit\/wp-json\/wp\/v2\/types\/product"}],"version-history":[{"count":0,"href":"https:\/\/generateweb.net\/xfit\/wp-json\/wp\/v2\/product\/5731\/revisions"}],"wp:featuredmedia":[{"embeddable":true,"href":"https:\/\/generateweb.net\/xfit\/wp-json\/wp\/v2\/media\/5733"}],"wp:attachment":[{"href":"https:\/\/generateweb.net\/xfit\/wp-json\/wp\/v2\/media?parent=5731"}],"wp:term":[{"taxonomy":"product_brand","embeddable":true,"href":"https:\/\/generateweb.net\/xfit\/wp-json\/wp\/v2\/product_brand?post=5731"},{"taxonomy":"product_cat","embeddable":true,"href":"https:\/\/generateweb.net\/xfit\/wp-json\/wp\/v2\/product_cat?post=5731"},{"taxonomy":"product_tag","embeddable":true,"href":"https:\/\/generateweb.net\/xfit\/wp-json\/wp\/v2\/product_tag?post=5731"}],"curies":[{"name":"wp","href":"https:\/\/api.w.org\/{rel}","templated":true}]}}