{"id":5712,"date":"2025-09-13T21:01:41","date_gmt":"2025-09-13T21:01:41","guid":{"rendered":"https:\/\/tst.ba\/?post_type=product&#038;p=5712"},"modified":"2025-12-13T13:46:43","modified_gmt":"2025-12-13T13:46:43","slug":"applied-nutrition-bcaa-hydro","status":"publish","type":"product","link":"https:\/\/generateweb.net\/xfit\/proizvod\/applied-nutrition-bcaa-hydro\/","title":{"rendered":"Applied Nutrition &#8211; BCAA Amino-Hydrate (450g)"},"content":{"rendered":"<p data-start=\"0\" data-end=\"85\"><strong data-start=\"0\" data-end=\"22\">BCAA Amino Hydrate<\/strong> \u2013 napitak bez \u0161e\u0107era za vrhunske performanse tokom treninga.<\/p>\n<p data-start=\"87\" data-end=\"351\">Formuliran za sporta\u0161e, bodybuildere, powerliftere, boksa\u010de i fitness entuzijaste, sadr\u017ei visoke doze BCAA koje podr\u017eavaju energiju, oporavak i izdr\u017eljivost. Oboga\u0107en je elektrolitima za optimalnu hidrataciju i citrulinom za sna\u017ean \u201cpump\u201d efekat tokom vje\u017ebanja.<\/p>\n<p data-start=\"353\" data-end=\"369\"><strong data-start=\"353\" data-end=\"367\">Prednosti:<\/strong><\/p>\n<ul data-start=\"370\" data-end=\"644\">\n<li data-start=\"370\" data-end=\"435\">\n<p data-start=\"372\" data-end=\"435\">Informed-Sport batch tested \u2013 garantirana \u010disto\u0107a i sigurnost<\/p>\n<\/li>\n<li data-start=\"436\" data-end=\"472\">\n<p data-start=\"438\" data-end=\"472\">100% halal certificiran proizvod<\/p>\n<\/li>\n<li data-start=\"473\" data-end=\"516\">\n<p data-start=\"475\" data-end=\"516\">Visoke doze BCAA za energiju i oporavak<\/p>\n<\/li>\n<li data-start=\"517\" data-end=\"549\">\n<p data-start=\"519\" data-end=\"549\">Dodani citrulin za ja\u010di pump<\/p>\n<\/li>\n<li data-start=\"550\" data-end=\"593\">\n<p data-start=\"552\" data-end=\"593\">Elektroliti i soli za bolju hidrataciju<\/p>\n<\/li>\n<li data-start=\"594\" data-end=\"644\">\n<p data-start=\"596\" data-end=\"644\">Bez \u0161e\u0107era, lako se mije\u0161a i odli\u010dno osvje\u017eava<\/p>\n<\/li>\n<\/ul>\n<p data-start=\"646\" data-end=\"747\">Savr\u0161en intra-workout dodatak za sve koji \u017eele maksimalan intenzitet i brz oporavak bez kompromisa.<\/p>\n","protected":false},"excerpt":{"rendered":"<p><strong data-start=\"0\" data-end=\"22\">BCAA Amino Hydrate<\/strong> \u2013 napitak bez \u0161e\u0107era za vrhunske performanse tokom treninga.<\/p>\n","protected":false},"featured_media":5714,"template":"","meta":{"_acf_changed":false},"product_brand":[101],"product_cat":[51,73,42],"product_tag":[],"class_list":{"0":"post-5712","1":"product","2":"type-product","3":"status-publish","4":"has-post-thumbnail","6":"product_brand-applied-nutrition","7":"product_cat-bcaa-glutamin","8":"product_cat-izdrzljivost-energija","9":"product_cat-suplementi","11":"first","12":"instock","13":"taxable","14":"shipping-taxable","15":"purchasable","16":"product-type-variable"},"acf":[],"_links":{"self":[{"href":"https:\/\/generateweb.net\/xfit\/wp-json\/wp\/v2\/product\/5712","targetHints":{"allow":["GET"]}}],"collection":[{"href":"https:\/\/generateweb.net\/xfit\/wp-json\/wp\/v2\/product"}],"about":[{"href":"https:\/\/generateweb.net\/xfit\/wp-json\/wp\/v2\/types\/product"}],"version-history":[{"count":0,"href":"https:\/\/generateweb.net\/xfit\/wp-json\/wp\/v2\/product\/5712\/revisions"}],"wp:featuredmedia":[{"embeddable":true,"href":"https:\/\/generateweb.net\/xfit\/wp-json\/wp\/v2\/media\/5714"}],"wp:attachment":[{"href":"https:\/\/generateweb.net\/xfit\/wp-json\/wp\/v2\/media?parent=5712"}],"wp:term":[{"taxonomy":"product_brand","embeddable":true,"href":"https:\/\/generateweb.net\/xfit\/wp-json\/wp\/v2\/product_brand?post=5712"},{"taxonomy":"product_cat","embeddable":true,"href":"https:\/\/generateweb.net\/xfit\/wp-json\/wp\/v2\/product_cat?post=5712"},{"taxonomy":"product_tag","embeddable":true,"href":"https:\/\/generateweb.net\/xfit\/wp-json\/wp\/v2\/product_tag?post=5712"}],"curies":[{"name":"wp","href":"https:\/\/api.w.org\/{rel}","templated":true}]}}