{"id":5707,"date":"2025-09-13T20:55:32","date_gmt":"2025-09-13T20:55:32","guid":{"rendered":"https:\/\/tst.ba\/?post_type=product&#038;p=5707"},"modified":"2025-12-13T13:53:51","modified_gmt":"2025-12-13T13:53:51","slug":"basic-supplements-gluta-pro-500g","status":"publish","type":"product","link":"https:\/\/generateweb.net\/xfit\/proizvod\/basic-supplements-gluta-pro-500g\/","title":{"rendered":"Basic Supplements &#8211; Gluta PRO (500g)"},"content":{"rendered":"<p data-start=\"44\" data-end=\"392\">Basic Supplements Gluta PRO je napredni dodatak prehrani koji sadr\u017ei \u010disti L-glutamin, aminokiselinu koja igra klju\u010dnu ulogu u regeneraciji i ja\u010danju imunog sistema. Namijenjen je svima koji redovno i intenzivno treniraju, od vrhunskih sporta\u0161a do rekreativaca, a posebno se preporu\u010duje u sportovima snage, izdr\u017eljivosti i intervalnim treninzima.<\/p>\n<p data-start=\"394\" data-end=\"670\">Glutamin ubrzava proces oporavka nakon napornih treninga, podr\u017eava imunitet i sprje\u010dava mi\u0161i\u0107ni katabolizam. Osim sportskih benefita, poznat je i po svojoj ulozi u ja\u010danju otpornosti organizma, br\u017eem oporavku nakon bolesti ili operacija te smanjenju mi\u0161i\u0107nih gr\u010deva i upala.<\/p>\n<p data-start=\"672\" data-end=\"688\"><strong data-start=\"672\" data-end=\"686\">Prednosti:<\/strong><\/p>\n<ul data-start=\"689\" data-end=\"927\">\n<li data-start=\"689\" data-end=\"731\">\n<p data-start=\"691\" data-end=\"731\">Ubrzava regeneraciju i oporavak mi\u0161i\u0107a<\/p>\n<\/li>\n<li data-start=\"732\" data-end=\"763\">\n<p data-start=\"734\" data-end=\"763\">Pove\u0107ava nivo hormona rasta<\/p>\n<\/li>\n<li data-start=\"764\" data-end=\"797\">\n<p data-start=\"766\" data-end=\"797\">Podr\u017eava gubitak masnog tkiva<\/p>\n<\/li>\n<li data-start=\"798\" data-end=\"835\">\n<p data-start=\"800\" data-end=\"835\">Sprje\u010dava razgradnju mi\u0161i\u0107ne mase<\/p>\n<\/li>\n<li data-start=\"836\" data-end=\"879\">\n<p data-start=\"838\" data-end=\"879\">Ja\u010da imuni sistem i otpornost organizma<\/p>\n<\/li>\n<li data-start=\"880\" data-end=\"927\">\n<p data-start=\"882\" data-end=\"927\">Poma\u017ee u oporavku nakon bolesti i operacija<\/p>\n<\/li>\n<\/ul>\n<p data-start=\"929\" data-end=\"1332\"><strong data-start=\"929\" data-end=\"953\">Za\u0161to ba\u0161 Gluta PRO?<\/strong><br data-start=\"953\" data-end=\"956\" \/>Za razliku od mnogih suplemenata, Basic Supplements Gluta PRO nudi visok nivo \u010disto\u0107e i dokazanu efikasnost. Njegova primjena donosi vi\u0161estruke benefite \u2013 od br\u017eeg oporavka i boljih sportskih performansi do ja\u010danja zdravlja probavnog sistema i otpornosti tijela. Ovaj glutamin je idealan izbor za svakoga ko \u017eeli potpuni balans izme\u0111u sportskog napretka i o\u010duvanja zdravlja.<\/p>\n","protected":false},"excerpt":{"rendered":"<p>Basic Supplements Gluta PRO je napredni dodatak prehrani koji sadr\u017ei \u010disti L-glutamin, aminokiselinu koja igra klju\u010dnu ulogu u regeneraciji i ja\u010danju imunog sistema.<\/p>\n","protected":false},"featured_media":5709,"template":"","meta":{"_acf_changed":false},"product_brand":[99],"product_cat":[51,42],"product_tag":[],"class_list":{"0":"post-5707","1":"product","2":"type-product","3":"status-publish","4":"has-post-thumbnail","6":"product_brand-basic-supplements","7":"product_cat-bcaa-glutamin","8":"product_cat-suplementi","10":"first","11":"instock","12":"taxable","13":"shipping-taxable","14":"purchasable","15":"product-type-simple"},"acf":[],"_links":{"self":[{"href":"https:\/\/generateweb.net\/xfit\/wp-json\/wp\/v2\/product\/5707","targetHints":{"allow":["GET"]}}],"collection":[{"href":"https:\/\/generateweb.net\/xfit\/wp-json\/wp\/v2\/product"}],"about":[{"href":"https:\/\/generateweb.net\/xfit\/wp-json\/wp\/v2\/types\/product"}],"version-history":[{"count":0,"href":"https:\/\/generateweb.net\/xfit\/wp-json\/wp\/v2\/product\/5707\/revisions"}],"wp:featuredmedia":[{"embeddable":true,"href":"https:\/\/generateweb.net\/xfit\/wp-json\/wp\/v2\/media\/5709"}],"wp:attachment":[{"href":"https:\/\/generateweb.net\/xfit\/wp-json\/wp\/v2\/media?parent=5707"}],"wp:term":[{"taxonomy":"product_brand","embeddable":true,"href":"https:\/\/generateweb.net\/xfit\/wp-json\/wp\/v2\/product_brand?post=5707"},{"taxonomy":"product_cat","embeddable":true,"href":"https:\/\/generateweb.net\/xfit\/wp-json\/wp\/v2\/product_cat?post=5707"},{"taxonomy":"product_tag","embeddable":true,"href":"https:\/\/generateweb.net\/xfit\/wp-json\/wp\/v2\/product_tag?post=5707"}],"curies":[{"name":"wp","href":"https:\/\/api.w.org\/{rel}","templated":true}]}}