{"id":5679,"date":"2025-09-13T10:20:28","date_gmt":"2025-09-13T10:20:28","guid":{"rendered":"https:\/\/tst.ba\/?post_type=product&#038;p=5679"},"modified":"2025-12-13T14:01:48","modified_gmt":"2025-12-13T14:01:48","slug":"scivation-xtend-bcaa-30-servings","status":"publish","type":"product","link":"https:\/\/generateweb.net\/xfit\/proizvod\/scivation-xtend-bcaa-30-servings\/","title":{"rendered":"SciVation &#8211; Xtend &#8211; BCAA (30 servings)"},"content":{"rendered":"<p data-start=\"107\" data-end=\"309\">Xtend je premium formula BCAA aminokiselina u omjeru 2:1:1, oboga\u0107ena glutaminom, citrulin malatom i vitaminom B6. Dizajniran je da pru\u017ei energiju tokom treninga, ubrza oporavak i pove\u0107a izdr\u017eljivost.<\/p>\n<p data-start=\"311\" data-end=\"330\">Glavne prednosti:<\/p>\n<ul data-start=\"331\" data-end=\"597\">\n<li data-start=\"331\" data-end=\"396\">\n<p data-start=\"333\" data-end=\"396\">7 g BCAA po serviranju za podr\u0161ku rastu i regeneraciji mi\u0161i\u0107a<\/p>\n<\/li>\n<li data-start=\"397\" data-end=\"446\">\n<p data-start=\"399\" data-end=\"446\">Glutamin za ja\u010danje imuniteta i br\u017ei oporavak<\/p>\n<\/li>\n<li data-start=\"447\" data-end=\"501\">\n<p data-start=\"449\" data-end=\"501\">Citrulin malat za bolji protok krvi i izdr\u017eljivost<\/p>\n<\/li>\n<li data-start=\"502\" data-end=\"542\">\n<p data-start=\"504\" data-end=\"542\">Vitamin B6 za energiju i metabolizam<\/p>\n<\/li>\n<li data-start=\"543\" data-end=\"597\">\n<p data-start=\"545\" data-end=\"597\">Podr\u017eava sintezu proteina i smanjuje osje\u0107aj umora<\/p>\n<\/li>\n<\/ul>\n<p data-start=\"599\" data-end=\"707\">Xtend je idealan izbor za sporta\u0161e i rekreativce koji \u017eele maksimalnu snagu, izdr\u017eljivost i br\u017ei oporavak.<\/p>\n<p><strong data-start=\"841\" data-end=\"857\">Za\u0161to Xtend?<\/strong><\/p>\n<p data-start=\"599\" data-end=\"707\">-Br\u017ei oporavak nakon treninga<br data-start=\"890\" data-end=\"893\" \/>-Vi\u0161e energije i fokus tokom treninga<br data-start=\"931\" data-end=\"934\" \/>-Podr\u0161ka imunitetu i zdravlju probave<br data-start=\"972\" data-end=\"975\" \/>-Bez \u0161e\u0107era i ugljikohidrata<\/p>\n","protected":false},"excerpt":{"rendered":"<p>Xtend je premium formula BCAA aminokiselina u omjeru 2:1:1, oboga\u0107ena glutaminom, citrulin malatom i vitaminom B6.<\/p>\n","protected":false},"featured_media":5681,"template":"","meta":{"_acf_changed":false},"product_brand":[65],"product_cat":[49,51,42],"product_tag":[],"class_list":{"0":"post-5679","1":"product","2":"type-product","3":"status-publish","4":"has-post-thumbnail","6":"product_brand-scivation","7":"product_cat-amino","8":"product_cat-bcaa-glutamin","9":"product_cat-suplementi","11":"first","12":"instock","13":"taxable","14":"shipping-taxable","15":"purchasable","16":"product-type-variable"},"acf":[],"_links":{"self":[{"href":"https:\/\/generateweb.net\/xfit\/wp-json\/wp\/v2\/product\/5679","targetHints":{"allow":["GET"]}}],"collection":[{"href":"https:\/\/generateweb.net\/xfit\/wp-json\/wp\/v2\/product"}],"about":[{"href":"https:\/\/generateweb.net\/xfit\/wp-json\/wp\/v2\/types\/product"}],"version-history":[{"count":0,"href":"https:\/\/generateweb.net\/xfit\/wp-json\/wp\/v2\/product\/5679\/revisions"}],"wp:featuredmedia":[{"embeddable":true,"href":"https:\/\/generateweb.net\/xfit\/wp-json\/wp\/v2\/media\/5681"}],"wp:attachment":[{"href":"https:\/\/generateweb.net\/xfit\/wp-json\/wp\/v2\/media?parent=5679"}],"wp:term":[{"taxonomy":"product_brand","embeddable":true,"href":"https:\/\/generateweb.net\/xfit\/wp-json\/wp\/v2\/product_brand?post=5679"},{"taxonomy":"product_cat","embeddable":true,"href":"https:\/\/generateweb.net\/xfit\/wp-json\/wp\/v2\/product_cat?post=5679"},{"taxonomy":"product_tag","embeddable":true,"href":"https:\/\/generateweb.net\/xfit\/wp-json\/wp\/v2\/product_tag?post=5679"}],"curies":[{"name":"wp","href":"https:\/\/api.w.org\/{rel}","templated":true}]}}