{"id":5670,"date":"2025-09-13T10:14:12","date_gmt":"2025-09-13T10:14:12","guid":{"rendered":"https:\/\/tst.ba\/?post_type=product&#038;p=5670"},"modified":"2025-12-13T14:05:45","modified_gmt":"2025-12-13T14:05:45","slug":"applied-nutrition-amino-fuel-eaa-30-servings","status":"publish","type":"product","link":"https:\/\/generateweb.net\/xfit\/proizvod\/applied-nutrition-amino-fuel-eaa-30-servings\/","title":{"rendered":"Applied Nutrition &#8211; Amino Fuel EAA (30 servings)"},"content":{"rendered":"<div class=\"text-base my-auto mx-auto pb-10 [--thread-content-margin:--spacing(4)] thread-sm:[--thread-content-margin:--spacing(6)] thread-lg:[--thread-content-margin:--spacing(16)] px-(--thread-content-margin)\">\n<div class=\"[--thread-content-max-width:40rem] thread-sm:[--thread-content-max-width:40rem] thread-lg:[--thread-content-max-width:48rem] mx-auto max-w-(--thread-content-max-width) flex-1 group\/turn-messages focus-visible:outline-hidden relative flex w-full min-w-0 flex-col agent-turn\" tabindex=\"-1\">\n<div class=\"flex max-w-full flex-col grow\">\n<div class=\"min-h-8 text-message relative flex w-full flex-col items-end gap-2 text-start break-words whitespace-normal [.text-message+&amp;]:mt-5\" dir=\"auto\" data-message-author-role=\"assistant\" data-message-id=\"6d927d7f-f0c4-4a17-892a-c77109472eee\" data-message-model-slug=\"gpt-5-instant\">\n<div class=\"flex w-full flex-col gap-1 empty:hidden first:pt-[3px]\">\n<div class=\"markdown prose dark:prose-invert w-full break-words light markdown-new-styling\">\n<p data-start=\"0\" data-end=\"120\">Applied Nutrition Amino Fuel EAA \u2013 ultimativna formula esencijalnih aminokiselina za energiju, rast i oporavak mi\u0161i\u0107a.<\/p>\n<p data-start=\"122\" data-end=\"362\">Svaka porcija od 13 g sadr\u017ei 11 g aminokiselina, uklju\u010duju\u0107i 9 g EAA i 6 g BCAA u optimalnom omjeru 2:1:1 (3000 mg L-Leucina, 1500 mg L-Izoleucina i 1500 mg L-Valina). Tu je i dodatnih 2500 mg L-Glutamina za br\u017ei oporavak i ja\u010di imunitet.<\/p>\n<p data-start=\"364\" data-end=\"496\">Zahvaljuju\u0107i jedinstvenoj Breathe Easy\u2122 formuli, Amino Fuel poma\u017ee \u0161irenju disajnih puteva i pove\u0107ava izdr\u017eljivost tokom treninga.<\/p>\n<p data-start=\"498\" data-end=\"510\">Prednosti:<\/p>\n<ul data-start=\"511\" data-end=\"820\">\n<li data-start=\"511\" data-end=\"547\">\n<p data-start=\"513\" data-end=\"547\">11 g aminokiselina po serviranju<\/p>\n<\/li>\n<li data-start=\"548\" data-end=\"609\">\n<p data-start=\"550\" data-end=\"609\">9 g EAA i 6 g BCAA (2:1:1) za mi\u0161i\u0107ni rast i regeneraciju<\/p>\n<\/li>\n<li data-start=\"610\" data-end=\"656\">\n<p data-start=\"612\" data-end=\"656\">2500 mg L-Glutamina za oporavak i imunitet<\/p>\n<\/li>\n<li data-start=\"657\" data-end=\"721\">\n<p data-start=\"659\" data-end=\"721\">Pobolj\u0161ava izdr\u017eljivost zahvaljuju\u0107i Breathe Easy\u2122 kompleksu<\/p>\n<\/li>\n<li data-start=\"722\" data-end=\"778\">\n<p data-start=\"724\" data-end=\"778\">Testirano i sigurno za sporta\u0161e, halal certificirano<\/p>\n<\/li>\n<li data-start=\"779\" data-end=\"820\">\n<p data-start=\"781\" data-end=\"820\">Fantasti\u010dan ukus i odli\u010dna topljivost<\/p>\n<\/li>\n<\/ul>\n<p data-start=\"822\" data-end=\"916\">Upotreba: Pomije\u0161ati 1 mjericu (13 g) sa 500 ml vode i piti prije, tokom ili nakon treninga.<\/p>\n<\/div>\n<\/div>\n<\/div>\n<\/div>\n<\/div>\n<\/div>\n","protected":false},"excerpt":{"rendered":"<p>Applied Nutrition Amino Fuel EAA \u2013 ultimativna formula esencijalnih aminokiselina za energiju, rast i oporavak mi\u0161i\u0107a.<\/p>\n","protected":false},"featured_media":5671,"template":"","meta":{"_acf_changed":false},"product_brand":[101],"product_cat":[49,46,42],"product_tag":[],"class_list":{"0":"post-5670","1":"product","2":"type-product","3":"status-publish","4":"has-post-thumbnail","6":"product_brand-applied-nutrition","7":"product_cat-amino","8":"product_cat-najtrazenije-najprodavanije-izdvojeno","9":"product_cat-suplementi","11":"first","12":"instock","13":"sale","14":"taxable","15":"shipping-taxable","16":"purchasable","17":"product-type-variable"},"acf":[],"_links":{"self":[{"href":"https:\/\/generateweb.net\/xfit\/wp-json\/wp\/v2\/product\/5670","targetHints":{"allow":["GET"]}}],"collection":[{"href":"https:\/\/generateweb.net\/xfit\/wp-json\/wp\/v2\/product"}],"about":[{"href":"https:\/\/generateweb.net\/xfit\/wp-json\/wp\/v2\/types\/product"}],"version-history":[{"count":0,"href":"https:\/\/generateweb.net\/xfit\/wp-json\/wp\/v2\/product\/5670\/revisions"}],"wp:featuredmedia":[{"embeddable":true,"href":"https:\/\/generateweb.net\/xfit\/wp-json\/wp\/v2\/media\/5671"}],"wp:attachment":[{"href":"https:\/\/generateweb.net\/xfit\/wp-json\/wp\/v2\/media?parent=5670"}],"wp:term":[{"taxonomy":"product_brand","embeddable":true,"href":"https:\/\/generateweb.net\/xfit\/wp-json\/wp\/v2\/product_brand?post=5670"},{"taxonomy":"product_cat","embeddable":true,"href":"https:\/\/generateweb.net\/xfit\/wp-json\/wp\/v2\/product_cat?post=5670"},{"taxonomy":"product_tag","embeddable":true,"href":"https:\/\/generateweb.net\/xfit\/wp-json\/wp\/v2\/product_tag?post=5670"}],"curies":[{"name":"wp","href":"https:\/\/api.w.org\/{rel}","templated":true}]}}