{"id":5662,"date":"2025-09-13T09:43:46","date_gmt":"2025-09-13T09:43:46","guid":{"rendered":"https:\/\/tst.ba\/?post_type=product&#038;p=5662"},"modified":"2025-12-13T14:06:56","modified_gmt":"2025-12-13T14:06:56","slug":"on-eaa-amino-energy-270g","status":"publish","type":"product","link":"https:\/\/generateweb.net\/xfit\/proizvod\/on-eaa-amino-energy-270g\/","title":{"rendered":"ON &#8211; EAA Amino Energy (270g)"},"content":{"rendered":"<p data-start=\"0\" data-end=\"166\">Optimum Nutrition Amino Energy je napredni kompleks esencijalnih aminokiselina (EAA) oboga\u0107en kofeinom i vitaminom C \u2013 savr\u0161en za energiju, fokus i oporavak mi\u0161i\u0107a.<\/p>\n<p data-start=\"168\" data-end=\"348\">Svaka porcija sadr\u017ei 5 g aminokiselina koje podr\u017eavaju regeneraciju i rast mi\u0161i\u0107a, 100 mg prirodnog kofeina za energiju i budnost te vitamin C za ja\u010di imunitet i smanjenje umora.<\/p>\n<p data-start=\"350\" data-end=\"369\">Glavne prednosti:<\/p>\n<ul data-start=\"370\" data-end=\"621\">\n<li data-start=\"370\" data-end=\"422\">\n<p data-start=\"372\" data-end=\"422\">5 g EAA po porciji \u2013 podr\u0161ka mi\u0161i\u0107ima i oporavku<\/p>\n<\/li>\n<li data-start=\"423\" data-end=\"483\">\n<p data-start=\"425\" data-end=\"483\">100 mg kofeina \u2013 prirodan boost energije i koncentracije<\/p>\n<\/li>\n<li data-start=\"484\" data-end=\"529\">\n<p data-start=\"486\" data-end=\"529\">Vitamin C \u2013 ja\u010da imunitet i smanjuje umor<\/p>\n<\/li>\n<li data-start=\"530\" data-end=\"573\">\n<p data-start=\"532\" data-end=\"573\">Idealno prije, tokom ili nakon treninga<\/p>\n<\/li>\n<li data-start=\"574\" data-end=\"621\">\n<p data-start=\"576\" data-end=\"621\">Odli\u010dan okus, lako se mije\u0161a u hladnoj vodi<\/p>\n<\/li>\n<\/ul>\n<p data-start=\"623\" data-end=\"755\">Na\u010din upotrebe: Pomije\u0161ati 2 mjerice (9 g) u 330 ml hladne vode i konzumirati prema potrebama \u2013 prije, tokom ili poslije treninga.<\/p>\n<p data-start=\"757\" data-end=\"869\">Amino Energy je odli\u010dan izbor za sporta\u0161e, rekreativce i sve koji \u017eele vi\u0161e energije i bolji fokus tokom dana.<\/p>\n","protected":false},"excerpt":{"rendered":"<p>Optimum Nutrition Amino Energy je napredni kompleks esencijalnih aminokiselina (EAA) oboga\u0107en kofeinom i vitaminom C \u2013 savr\u0161en za energiju, fokus i oporavak mi\u0161i\u0107a.<\/p>\n","protected":false},"featured_media":5665,"template":"","meta":{"_acf_changed":false},"product_brand":[60],"product_cat":[49,42],"product_tag":[],"class_list":{"0":"post-5662","1":"product","2":"type-product","3":"status-publish","4":"has-post-thumbnail","6":"product_brand-optimum-nutrition","7":"product_cat-amino","8":"product_cat-suplementi","10":"first","11":"instock","12":"taxable","13":"shipping-taxable","14":"purchasable","15":"product-type-variable"},"acf":[],"_links":{"self":[{"href":"https:\/\/generateweb.net\/xfit\/wp-json\/wp\/v2\/product\/5662","targetHints":{"allow":["GET"]}}],"collection":[{"href":"https:\/\/generateweb.net\/xfit\/wp-json\/wp\/v2\/product"}],"about":[{"href":"https:\/\/generateweb.net\/xfit\/wp-json\/wp\/v2\/types\/product"}],"version-history":[{"count":0,"href":"https:\/\/generateweb.net\/xfit\/wp-json\/wp\/v2\/product\/5662\/revisions"}],"wp:featuredmedia":[{"embeddable":true,"href":"https:\/\/generateweb.net\/xfit\/wp-json\/wp\/v2\/media\/5665"}],"wp:attachment":[{"href":"https:\/\/generateweb.net\/xfit\/wp-json\/wp\/v2\/media?parent=5662"}],"wp:term":[{"taxonomy":"product_brand","embeddable":true,"href":"https:\/\/generateweb.net\/xfit\/wp-json\/wp\/v2\/product_brand?post=5662"},{"taxonomy":"product_cat","embeddable":true,"href":"https:\/\/generateweb.net\/xfit\/wp-json\/wp\/v2\/product_cat?post=5662"},{"taxonomy":"product_tag","embeddable":true,"href":"https:\/\/generateweb.net\/xfit\/wp-json\/wp\/v2\/product_tag?post=5662"}],"curies":[{"name":"wp","href":"https:\/\/api.w.org\/{rel}","templated":true}]}}