{"id":5656,"date":"2025-09-13T09:38:51","date_gmt":"2025-09-13T09:38:51","guid":{"rendered":"https:\/\/tst.ba\/?post_type=product&#038;p=5656"},"modified":"2025-12-13T14:09:45","modified_gmt":"2025-12-13T14:09:45","slug":"basic-supplement-eaa-pro-300g","status":"publish","type":"product","link":"https:\/\/generateweb.net\/xfit\/proizvod\/basic-supplement-eaa-pro-300g\/","title":{"rendered":"Basic Supplement &#8211; EAA Pro (300g)"},"content":{"rendered":"<p data-start=\"0\" data-end=\"184\">EAA PRO sadr\u017ei svih devet esencijalnih aminokiselina, dodatno oboga\u0107enih s BCAA (leucin, izoleucin i valin), \u010dine\u0107i ga savr\u0161enim intra-workout suplementom za sportiste i rekreativce.<\/p>\n<p data-start=\"186\" data-end=\"395\">Aminokiseline su temeljni gradivni blokovi proteina, a njihov pravilan unos klju\u010dan je za brojne procese u tijelu. EAA PRO podr\u017eava sintezu proteina i energiju tokom treninga, ali i op\u0161te zdravlje organizma.<\/p>\n<p data-start=\"397\" data-end=\"669\">Prednosti koje donosi uklju\u010duju bolju probavu i razgradnju hrane, u\u010destvovanje u stvaranju hormona i neurotransmitera u mozgu, osiguravanje stabilnog izvora energije, o\u010duvanje zdrave ko\u017ee, kose i noktiju, podr\u0161ku rastu i odr\u017eavanju mi\u0161i\u0107a te ja\u010danje imunolo\u0161kog sistema.<\/p>\n<p data-start=\"671\" data-end=\"832\">Ovaj kompleks aminokiselina predstavlja kvalitetan izbor za svakoga ko \u017eeli pobolj\u0161ati performanse, izdr\u017eljivost i oporavak, ali i o\u010duvati vitalnost organizma.<\/p>\n","protected":false},"excerpt":{"rendered":"<p>EAA PRO sadr\u017ei svih devet esencijalnih aminokiselina, dodatno oboga\u0107enih s BCAA (leucin, izoleucin i valin), \u010dine\u0107i ga savr\u0161enim intra-workout suplementom za sportiste i rekreativce.<\/p>\n","protected":false},"featured_media":5658,"template":"","meta":{"_acf_changed":false},"product_brand":[99],"product_cat":[49,42],"product_tag":[],"class_list":{"0":"post-5656","1":"product","2":"type-product","3":"status-publish","4":"has-post-thumbnail","6":"product_brand-basic-supplements","7":"product_cat-amino","8":"product_cat-suplementi","10":"first","11":"instock","12":"taxable","13":"shipping-taxable","14":"purchasable","15":"product-type-variable"},"acf":[],"_links":{"self":[{"href":"https:\/\/generateweb.net\/xfit\/wp-json\/wp\/v2\/product\/5656","targetHints":{"allow":["GET"]}}],"collection":[{"href":"https:\/\/generateweb.net\/xfit\/wp-json\/wp\/v2\/product"}],"about":[{"href":"https:\/\/generateweb.net\/xfit\/wp-json\/wp\/v2\/types\/product"}],"version-history":[{"count":0,"href":"https:\/\/generateweb.net\/xfit\/wp-json\/wp\/v2\/product\/5656\/revisions"}],"wp:featuredmedia":[{"embeddable":true,"href":"https:\/\/generateweb.net\/xfit\/wp-json\/wp\/v2\/media\/5658"}],"wp:attachment":[{"href":"https:\/\/generateweb.net\/xfit\/wp-json\/wp\/v2\/media?parent=5656"}],"wp:term":[{"taxonomy":"product_brand","embeddable":true,"href":"https:\/\/generateweb.net\/xfit\/wp-json\/wp\/v2\/product_brand?post=5656"},{"taxonomy":"product_cat","embeddable":true,"href":"https:\/\/generateweb.net\/xfit\/wp-json\/wp\/v2\/product_cat?post=5656"},{"taxonomy":"product_tag","embeddable":true,"href":"https:\/\/generateweb.net\/xfit\/wp-json\/wp\/v2\/product_tag?post=5656"}],"curies":[{"name":"wp","href":"https:\/\/api.w.org\/{rel}","templated":true}]}}