{"id":5627,"date":"2025-09-13T09:07:18","date_gmt":"2025-09-13T09:07:18","guid":{"rendered":"https:\/\/tst.ba\/?post_type=product&#038;p=5627"},"modified":"2025-12-13T14:30:32","modified_gmt":"2025-12-13T14:30:32","slug":"the-amino-hydro-3500g","status":"publish","type":"product","link":"https:\/\/generateweb.net\/xfit\/proizvod\/the-amino-hydro-3500g\/","title":{"rendered":"THE &#8211; Amino Whey Hydro (3500g) &#8211; 125 doza"},"content":{"rendered":"<p data-start=\"117\" data-end=\"398\">Ovaj proteinski blend donosi fantasti\u010dne okuse, visok sadr\u017eaj proteina i minimalan udio masti i ugljikohidrata \u2013 savr\u0161en izbor za ozbiljne sporta\u0161e i rekreativce.<\/p>\n<p data-start=\"400\" data-end=\"458\">Sa \u010dak <strong data-start=\"407\" data-end=\"430\">86% \u010distog proteina<\/strong>, svaka porcija osigurava:<\/p>\n<ul data-start=\"459\" data-end=\"581\">\n<li data-start=\"459\" data-end=\"480\">\n<p data-start=\"461\" data-end=\"480\"><strong data-start=\"461\" data-end=\"478\">24 g proteina<\/strong><\/p>\n<\/li>\n<li data-start=\"481\" data-end=\"513\">\n<p data-start=\"483\" data-end=\"513\"><strong data-start=\"483\" data-end=\"511\">5,5 g BCAA aminokiselina<\/strong><\/p>\n<\/li>\n<li data-start=\"514\" data-end=\"537\">\n<p data-start=\"516\" data-end=\"537\"><strong data-start=\"516\" data-end=\"535\">4,7 g glutamina<\/strong><\/p>\n<\/li>\n<li data-start=\"538\" data-end=\"581\">\n<p data-start=\"540\" data-end=\"581\">Manje od <strong data-start=\"549\" data-end=\"579\">1 g masti i ugljikohidrata<\/strong><\/p>\n<\/li>\n<\/ul>\n<p data-start=\"583\" data-end=\"714\">Formula je <strong data-start=\"594\" data-end=\"629\">bez glutena, \u0161e\u0107era i aspartama<\/strong>, dizajnirana za upotrebu odmah nakon treninga ili kao kvalitetna zamjena za obrok.<\/p>\n<p data-start=\"716\" data-end=\"1150\"><strong data-start=\"716\" data-end=\"759\">\u0160ta \u010dini THE Amino Whey Hydro posebnim?<\/strong><br data-start=\"759\" data-end=\"762\" \/>Ovaj blend spaja <strong data-start=\"779\" data-end=\"809\">hidrolizirani whey protein<\/strong>, <strong data-start=\"811\" data-end=\"830\">whey koncentrat<\/strong> i <strong data-start=\"833\" data-end=\"858\">hidrolizirani kolagen<\/strong>, pru\u017eaju\u0107i superioran aminokiselinski profil i razli\u010dite brzine apsorpcije. Zahvaljuju\u0107i <strong data-start=\"948\" data-end=\"995\">Enhanced Amino Acid Delivery System (EAADS)<\/strong> tehnologiji, mi\u0161i\u0107i dobijaju direktan transfer anaboli\u010dkih i anti-kataboli\u010dkih aminokiselina, \u0161to pove\u0107ava rast i sprje\u010dava razgradnju mi\u0161i\u0107nih vlakana.<\/p>\n<p data-start=\"1152\" data-end=\"1398\">Hidrolizirani kolagen dodatno doprinosi zdravlju zglobova, tetiva i kostiju. Klini\u010dke studije pokazuju da unos kolagena mo\u017ee smanjiti bol u zglobovima i pobolj\u0161ati gustinu kostiju, \u0161to je idealno za sve koji \u017eele dugoro\u010dnu snagu i izdr\u017eljivost.<\/p>\n<p data-start=\"1400\" data-end=\"1446\"><strong data-start=\"1400\" data-end=\"1444\">Prednosti THE Amino Whey Hydro proteina:<\/strong><\/p>\n<ul data-start=\"1447\" data-end=\"1687\">\n<li data-start=\"1447\" data-end=\"1497\">\n<p data-start=\"1449\" data-end=\"1497\">86% \u010distog proteina \u2013 maksimalna iskoristivost<\/p>\n<\/li>\n<li data-start=\"1498\" data-end=\"1557\">\n<p data-start=\"1500\" data-end=\"1557\">Razli\u010dite stope apsorpcije za optimalan rast i oporavak<\/p>\n<\/li>\n<li data-start=\"1558\" data-end=\"1634\">\n<p data-start=\"1560\" data-end=\"1634\">Podr\u0161ka zdravlju zglobova i kostiju zahvaljuju\u0107i hidroliziranom kolagenu<\/p>\n<\/li>\n<li data-start=\"1635\" data-end=\"1687\">\n<p data-start=\"1637\" data-end=\"1687\">Savr\u0161en balans snage, performansi i regeneracije<\/p>\n<\/li>\n<\/ul>\n<p data-start=\"1689\" data-end=\"1807\"><strong data-start=\"1689\" data-end=\"1713\">THE Amino Whey Hydro<\/strong> \u2013 premium proteinski blend za one koji \u017eele vi\u0161e snage, br\u017ei oporavak i dugoro\u010dno zdravlje.<\/p>\n","protected":false},"excerpt":{"rendered":"<p>Ovaj proteinski blend donosi fantasti\u010dne okuse, visok sadr\u017eaj proteina i minimalan udio masti i ugljikohidrata \u2013 savr\u0161en izbor za ozbiljne sporta\u0161e i rekreativce.<\/p>\n","protected":false},"featured_media":5630,"template":"","meta":{"_acf_changed":false},"product_brand":[100],"product_cat":[53,42],"product_tag":[],"class_list":{"0":"post-5627","1":"product","2":"type-product","3":"status-publish","4":"has-post-thumbnail","6":"product_brand-the-nutrition","7":"product_cat-proteini","8":"product_cat-suplementi","10":"first","11":"instock","12":"sale","13":"taxable","14":"shipping-taxable","15":"purchasable","16":"product-type-variable"},"acf":[],"_links":{"self":[{"href":"https:\/\/generateweb.net\/xfit\/wp-json\/wp\/v2\/product\/5627","targetHints":{"allow":["GET"]}}],"collection":[{"href":"https:\/\/generateweb.net\/xfit\/wp-json\/wp\/v2\/product"}],"about":[{"href":"https:\/\/generateweb.net\/xfit\/wp-json\/wp\/v2\/types\/product"}],"version-history":[{"count":0,"href":"https:\/\/generateweb.net\/xfit\/wp-json\/wp\/v2\/product\/5627\/revisions"}],"wp:featuredmedia":[{"embeddable":true,"href":"https:\/\/generateweb.net\/xfit\/wp-json\/wp\/v2\/media\/5630"}],"wp:attachment":[{"href":"https:\/\/generateweb.net\/xfit\/wp-json\/wp\/v2\/media?parent=5627"}],"wp:term":[{"taxonomy":"product_brand","embeddable":true,"href":"https:\/\/generateweb.net\/xfit\/wp-json\/wp\/v2\/product_brand?post=5627"},{"taxonomy":"product_cat","embeddable":true,"href":"https:\/\/generateweb.net\/xfit\/wp-json\/wp\/v2\/product_cat?post=5627"},{"taxonomy":"product_tag","embeddable":true,"href":"https:\/\/generateweb.net\/xfit\/wp-json\/wp\/v2\/product_tag?post=5627"}],"curies":[{"name":"wp","href":"https:\/\/api.w.org\/{rel}","templated":true}]}}