{"id":5607,"date":"2025-09-13T08:47:28","date_gmt":"2025-09-13T08:47:28","guid":{"rendered":"https:\/\/tst.ba\/?post_type=product&#038;p=5607"},"modified":"2026-02-06T14:00:06","modified_gmt":"2026-02-06T14:00:06","slug":"optimum-whey-gold-standard-protein-908g","status":"publish","type":"product","link":"https:\/\/generateweb.net\/xfit\/proizvod\/optimum-whey-gold-standard-protein-908g\/","title":{"rendered":"ON &#8211; Whey Gold Standard 100% (907g)"},"content":{"rendered":"<p data-start=\"126\" data-end=\"372\"><strong data-start=\"126\" data-end=\"171\">Optimum Nutrition Gold Standard 100% Whey<\/strong> jedan je od najpoznatijih i najnagra\u0111ivanijih proteinskih pra\u0161kova na svijetu. Ova premium formula poma\u017ee u rastu i oporavku mi\u0161i\u0107a, smanjenju umora i postizanju boljih rezultata iz svakog treninga.<\/p>\n<p data-start=\"374\" data-end=\"692\">Glavni sastojak je <strong data-start=\"393\" data-end=\"420\">izolat proteina sirutke<\/strong>, koji osigurava visok udio proteina uz minimalan sadr\u017eaj masti i ugljikohidrata. Svaka porcija nudi <strong data-start=\"521\" data-end=\"556\">24 g visokokvalitetnog proteina<\/strong>, <strong data-start=\"558\" data-end=\"591\">5,5 g prirodno prisutnih BCAA<\/strong> i <strong data-start=\"594\" data-end=\"635\">11 g esencijalnih aminokiselina (EAA)<\/strong>, klju\u010dnih za sintezu proteina i o\u010duvanje mi\u0161i\u0107ne mase.<\/p>\n<p data-start=\"694\" data-end=\"1004\">Sa \u0161irokim izborom nagra\u0111ivanih okusa, <strong data-start=\"733\" data-end=\"755\">Gold Standard Whey<\/strong> \u010dini regeneraciju nakon treninga ukusnom, brzom i jednostavnom. Od 2005. godine u\u017eiva globalnu reputaciju kao originalni i neponovljivi <strong data-start=\"892\" data-end=\"911\">\u201cGold Standard\u201d<\/strong> me\u0111u whey proteinima, prepoznat zbog svoje teksture, topljivosti i konzistentne kvalitete.<\/p>\n<p data-start=\"1006\" data-end=\"1053\"><strong data-start=\"1006\" data-end=\"1051\">Prednosti ON Gold Standard Whey proteina:<\/strong><\/p>\n<ul data-start=\"1054\" data-end=\"1321\">\n<li data-start=\"1054\" data-end=\"1108\">\n<p data-start=\"1056\" data-end=\"1108\">24 g proteina po porciji za rast i oporavak mi\u0161i\u0107a<\/p>\n<\/li>\n<li data-start=\"1109\" data-end=\"1165\">\n<p data-start=\"1111\" data-end=\"1165\">5,5 g BCAA i 11 g EAA za regeneraciju i izdr\u017eljivost<\/p>\n<\/li>\n<li data-start=\"1166\" data-end=\"1207\">\n<p data-start=\"1168\" data-end=\"1207\">Minimalan udio masti i ugljikohidrata<\/p>\n<\/li>\n<li data-start=\"1208\" data-end=\"1246\">\n<p data-start=\"1210\" data-end=\"1246\">Lako se mije\u0161a i odli\u010dno probavlja<\/p>\n<\/li>\n<li data-start=\"1247\" data-end=\"1321\">\n<p data-start=\"1249\" data-end=\"1321\">Broj 1 whey protein u svijetu, s potvr\u0111enom kvalitetom i autenti\u010dno\u0161\u0107u<\/p>\n<\/li>\n<\/ul>\n<p data-start=\"1323\" data-end=\"1504\">Bez obzira jeste li profesionalni sporta\u0161, rekreativac ili tra\u017eite pouzdanu podr\u0161ku prehrani, <strong data-start=\"1417\" data-end=\"1447\">ON Gold Standard 100% Whey<\/strong> je protein kojem vjeruju milijuni ljudi \u0161irom svijeta.<\/p>\n","protected":false},"excerpt":{"rendered":"<p><strong data-start=\"126\" data-end=\"171\">Optimum Nutrition Gold Standard 100% Whey<\/strong> jedan je od najpoznatijih i najnagra\u0111ivanijih proteinskih pra\u0161kova na svijetu.<\/p>\n","protected":false},"featured_media":5609,"template":"","meta":{"_acf_changed":false},"product_brand":[60],"product_cat":[53,42],"product_tag":[],"class_list":{"0":"post-5607","1":"product","2":"type-product","3":"status-publish","4":"has-post-thumbnail","6":"product_brand-optimum-nutrition","7":"product_cat-proteini","8":"product_cat-suplementi","10":"first","11":"instock","12":"sale","13":"taxable","14":"shipping-taxable","15":"purchasable","16":"product-type-variable"},"acf":[],"_links":{"self":[{"href":"https:\/\/generateweb.net\/xfit\/wp-json\/wp\/v2\/product\/5607","targetHints":{"allow":["GET"]}}],"collection":[{"href":"https:\/\/generateweb.net\/xfit\/wp-json\/wp\/v2\/product"}],"about":[{"href":"https:\/\/generateweb.net\/xfit\/wp-json\/wp\/v2\/types\/product"}],"version-history":[{"count":0,"href":"https:\/\/generateweb.net\/xfit\/wp-json\/wp\/v2\/product\/5607\/revisions"}],"wp:featuredmedia":[{"embeddable":true,"href":"https:\/\/generateweb.net\/xfit\/wp-json\/wp\/v2\/media\/5609"}],"wp:attachment":[{"href":"https:\/\/generateweb.net\/xfit\/wp-json\/wp\/v2\/media?parent=5607"}],"wp:term":[{"taxonomy":"product_brand","embeddable":true,"href":"https:\/\/generateweb.net\/xfit\/wp-json\/wp\/v2\/product_brand?post=5607"},{"taxonomy":"product_cat","embeddable":true,"href":"https:\/\/generateweb.net\/xfit\/wp-json\/wp\/v2\/product_cat?post=5607"},{"taxonomy":"product_tag","embeddable":true,"href":"https:\/\/generateweb.net\/xfit\/wp-json\/wp\/v2\/product_tag?post=5607"}],"curies":[{"name":"wp","href":"https:\/\/api.w.org\/{rel}","templated":true}]}}