{"id":5603,"date":"2025-09-13T08:45:28","date_gmt":"2025-09-13T08:45:28","guid":{"rendered":"https:\/\/tst.ba\/?post_type=product&#038;p=5603"},"modified":"2025-10-08T20:04:06","modified_gmt":"2025-10-08T20:04:06","slug":"muscletech-nitro-tech-whey-gold-100-907g","status":"publish","type":"product","link":"https:\/\/generateweb.net\/xfit\/proizvod\/muscletech-nitro-tech-whey-gold-100-907g\/","title":{"rendered":"Muscletech &#8211; Nitro Tech Whey Gold 100% (907g)"},"content":{"rendered":"<p data-start=\"121\" data-end=\"449\"><strong data-start=\"121\" data-end=\"156\">Muscletech Nitro Tech Whey Gold<\/strong> predstavlja vrhunski protein sirutke osmi\u0161ljen za maksimalne rezultate u izgradnji mi\u0161i\u0107a, oporavku i snazi. Ova premium formula kombinira <strong data-start=\"296\" data-end=\"339\">mikrofiltrirani izolat proteina sirutke<\/strong> i <strong data-start=\"342\" data-end=\"361\">peptide sirutke<\/strong>, osiguravaju\u0107i brzu apsorpciju, savr\u0161enu probavljivost i najvi\u0161u biolo\u0161ku vrijednost.<\/p>\n<p data-start=\"451\" data-end=\"595\">Zahvaljuju\u0107i hladnoj mikrofiltraciji, proteini zadr\u017eavaju svoju \u010disto\u0107u i prirodnu kvalitetu \u2013 bez nepotrebnih punila ili skrivenih sastojaka.<\/p>\n<p data-start=\"597\" data-end=\"632\"><strong data-start=\"597\" data-end=\"630\">\u0160to dobiva\u0161 u svakoj porciji?<\/strong><\/p>\n<ul data-start=\"633\" data-end=\"967\">\n<li data-start=\"633\" data-end=\"696\">\n<p data-start=\"635\" data-end=\"696\"><strong data-start=\"635\" data-end=\"659\">24 g \u010distih proteina<\/strong> \u2013 za sna\u017ean rast i oporavak mi\u0161i\u0107a<\/p>\n<\/li>\n<li data-start=\"697\" data-end=\"771\">\n<p data-start=\"699\" data-end=\"771\"><strong data-start=\"699\" data-end=\"727\">5,5 g BCAA aminokiselina<\/strong> \u2013 klju\u010dnih za izdr\u017eljivost i regeneraciju<\/p>\n<\/li>\n<li data-start=\"772\" data-end=\"841\">\n<p data-start=\"774\" data-end=\"841\"><strong data-start=\"774\" data-end=\"804\">4 g glutamina i prekursora<\/strong> \u2013 za br\u017ei oporavak i bolju izvedbu<\/p>\n<\/li>\n<li data-start=\"842\" data-end=\"892\">\n<p data-start=\"844\" data-end=\"892\"><strong data-start=\"844\" data-end=\"865\">100% whey protein<\/strong> \u2013 bez skrivenih dodataka<\/p>\n<\/li>\n<li data-start=\"893\" data-end=\"967\">\n<p data-start=\"895\" data-end=\"967\">Bez glutena i zabranjenih sastojaka \u2013 maksimalna sigurnost i kvaliteta<\/p>\n<\/li>\n<\/ul>\n<p data-start=\"969\" data-end=\"1010\"><strong data-start=\"969\" data-end=\"1008\">Za\u0161to odabrati NitroTech Whey Gold?<\/strong><\/p>\n<ul data-start=\"1011\" data-end=\"1225\">\n<li data-start=\"1011\" data-end=\"1065\">\n<p data-start=\"1013\" data-end=\"1065\">Brza apsorpcija \u2013 idealan prije i poslije treninga<\/p>\n<\/li>\n<li data-start=\"1066\" data-end=\"1135\">\n<p data-start=\"1068\" data-end=\"1135\">Maksimalna probavljivost \u2013 lako se mije\u0161a i ne optere\u0107uje \u017eeludac<\/p>\n<\/li>\n<li data-start=\"1136\" data-end=\"1166\">\n<p data-start=\"1138\" data-end=\"1166\">Vrhunski nagra\u0111ivani okusi<\/p>\n<\/li>\n<li data-start=\"1167\" data-end=\"1225\">\n<p data-start=\"1169\" data-end=\"1225\">Podr\u017eava rast \u010diste mi\u0161i\u0107ne mase bez suvi\u0161nih kalorija<\/p>\n<\/li>\n<\/ul>\n<p data-start=\"1227\" data-end=\"1414\">Ako \u017eeli\u0161 naj\u010distiji, najbr\u017ee apsorbiraju\u0107i i najukusniji protein \u2013 <strong data-start=\"1295\" data-end=\"1318\">NitroTech Whey Gold<\/strong> je pravi izbor za tebe. Osjeti snagu premium proteina i podigni svoje rezultate na vi\u0161i nivo!<\/p>\n","protected":false},"excerpt":{"rendered":"<p><strong data-start=\"121\" data-end=\"156\">Muscletech Nitro Tech Whey Gold<\/strong> predstavlja vrhunski protein sirutke osmi\u0161ljen za maksimalne rezultate u izgradnji mi\u0161i\u0107a, oporavku i snazi.<\/p>\n","protected":false},"featured_media":5606,"template":"","meta":{"_acf_changed":false},"product_brand":[47],"product_cat":[53,42],"product_tag":[],"class_list":{"0":"post-5603","1":"product","2":"type-product","3":"status-publish","4":"has-post-thumbnail","6":"product_brand-muscletech","7":"product_cat-proteini","8":"product_cat-suplementi","10":"first","11":"instock","12":"taxable","13":"shipping-taxable","14":"purchasable","15":"product-type-variable"},"acf":[],"_links":{"self":[{"href":"https:\/\/generateweb.net\/xfit\/wp-json\/wp\/v2\/product\/5603","targetHints":{"allow":["GET"]}}],"collection":[{"href":"https:\/\/generateweb.net\/xfit\/wp-json\/wp\/v2\/product"}],"about":[{"href":"https:\/\/generateweb.net\/xfit\/wp-json\/wp\/v2\/types\/product"}],"version-history":[{"count":0,"href":"https:\/\/generateweb.net\/xfit\/wp-json\/wp\/v2\/product\/5603\/revisions"}],"wp:featuredmedia":[{"embeddable":true,"href":"https:\/\/generateweb.net\/xfit\/wp-json\/wp\/v2\/media\/5606"}],"wp:attachment":[{"href":"https:\/\/generateweb.net\/xfit\/wp-json\/wp\/v2\/media?parent=5603"}],"wp:term":[{"taxonomy":"product_brand","embeddable":true,"href":"https:\/\/generateweb.net\/xfit\/wp-json\/wp\/v2\/product_brand?post=5603"},{"taxonomy":"product_cat","embeddable":true,"href":"https:\/\/generateweb.net\/xfit\/wp-json\/wp\/v2\/product_cat?post=5603"},{"taxonomy":"product_tag","embeddable":true,"href":"https:\/\/generateweb.net\/xfit\/wp-json\/wp\/v2\/product_tag?post=5603"}],"curies":[{"name":"wp","href":"https:\/\/api.w.org\/{rel}","templated":true}]}}