{"id":5591,"date":"2025-09-13T08:37:03","date_gmt":"2025-09-13T08:37:03","guid":{"rendered":"https:\/\/tst.ba\/?post_type=product&#038;p=5591"},"modified":"2025-10-08T20:03:21","modified_gmt":"2025-10-08T20:03:21","slug":"azgard-100-whey-cfm-protein-908g","status":"publish","type":"product","link":"https:\/\/generateweb.net\/xfit\/azgard-100-whey-cfm-protein-908g\/","title":{"rendered":"Azgard &#8211; 100% Whey CFM Protein (908g)"},"content":{"rendered":"<p data-start=\"101\" data-end=\"384\"><strong data-start=\"101\" data-end=\"121\">Azgard 100% Whey<\/strong> namijenjen je svima koji \u017eele pove\u0107ati unos proteina radi boljeg rasta i o\u010duvanja mi\u0161i\u0107ne mase. Idealan je za rekreativce i sportiste koji redovno treniraju, za one koji \u017eele pove\u0107ati mi\u0161i\u0107nu masu, izgubiti masno tkivo ili odr\u017eati postoje\u0107u mi\u0161i\u0107nu definiciju.<\/p>\n<p data-start=\"386\" data-end=\"663\">Trening s utezima uzrokuje o\u0161te\u0107enje mi\u0161i\u0107nih vlakana, a upravo proteini su gradivni blokovi potrebni za njihov oporavak i rast. Preporu\u010deni dnevni unos proteina za aktivne osobe iznosi oko <strong data-start=\"576\" data-end=\"610\">2 g po kilogramu tjelesne mase<\/strong>, \u0161to je te\u0161ko posti\u0107i bez kvalitetnih suplemenata.<\/p>\n<p data-start=\"665\" data-end=\"711\"><strong data-start=\"665\" data-end=\"709\">Za\u0161to odabrati Azgard 100% Whey Protein?<\/strong><\/p>\n<ul data-start=\"712\" data-end=\"1159\">\n<li data-start=\"712\" data-end=\"819\">\n<p data-start=\"714\" data-end=\"819\">Sadr\u017ei <strong data-start=\"721\" data-end=\"749\">73% CFM proteina sirutke<\/strong>, koji doprinosi rastu i odr\u017eavanju mi\u0161i\u0107ne mase te zdravlju kostiju<\/p>\n<\/li>\n<li data-start=\"820\" data-end=\"946\">\n<p data-start=\"822\" data-end=\"946\">Dobiven postupkom <strong data-start=\"840\" data-end=\"876\">Cross-Flow Microfiltration (CFM)<\/strong> \u2013 jednim od najboljih na\u010dina za izolaciju naj\u010di\u0161\u0107eg oblika proteina<\/p>\n<\/li>\n<li data-start=\"947\" data-end=\"1037\">\n<p data-start=\"949\" data-end=\"1037\">Oboga\u0107en probavnim enzimima <strong data-start=\"977\" data-end=\"999\">papain i bromelain<\/strong> za bolju apsorpciju i probavljivost<\/p>\n<\/li>\n<li data-start=\"1038\" data-end=\"1159\">\n<p data-start=\"1040\" data-end=\"1159\">Brzo se apsorbira i osigurava sve esencijalne aminokiseline, uklju\u010duju\u0107i <strong data-start=\"1113\" data-end=\"1121\">BCAA<\/strong> koje su klju\u010dne za mi\u0161i\u0107ni oporavak<\/p>\n<\/li>\n<\/ul>\n<p data-start=\"1161\" data-end=\"1376\">CFM proces mikrofiltracije koristi kerami\u010dke filtere za uklanjanje masti, laktoze i ne\u017eeljenih tvari, bez upotrebe kemikalija. Na taj na\u010din protein ostaje u svom izvornom, prirodnom stanju i maksimalno iskoristiv.<\/p>\n<p data-start=\"1378\" data-end=\"1502\"><strong data-start=\"1378\" data-end=\"1398\">Azgard 100% Whey<\/strong> \u2013 savr\u0161en izbor nakon treninga ili u bilo koje doba dana kada \u017eelite kvalitetan i brz izvor proteina.<\/p>\n","protected":false},"excerpt":{"rendered":"<p><strong data-start=\"101\" data-end=\"121\">Azgard 100% Whey<\/strong> namijenjen je svima koji \u017eele pove\u0107ati unos proteina radi boljeg rasta i o\u010duvanja mi\u0161i\u0107ne mase.<\/p>\n","protected":false},"featured_media":5593,"template":"","meta":{"_acf_changed":false},"product_brand":[96],"product_cat":[53,42],"product_tag":[],"class_list":{"0":"post-5591","1":"product","2":"type-product","3":"status-publish","4":"has-post-thumbnail","6":"product_brand-azgard","7":"product_cat-proteini","8":"product_cat-suplementi","10":"first","11":"instock","12":"sale","13":"taxable","14":"shipping-taxable","15":"purchasable","16":"product-type-variable"},"acf":[],"_links":{"self":[{"href":"https:\/\/generateweb.net\/xfit\/wp-json\/wp\/v2\/product\/5591","targetHints":{"allow":["GET"]}}],"collection":[{"href":"https:\/\/generateweb.net\/xfit\/wp-json\/wp\/v2\/product"}],"about":[{"href":"https:\/\/generateweb.net\/xfit\/wp-json\/wp\/v2\/types\/product"}],"version-history":[{"count":0,"href":"https:\/\/generateweb.net\/xfit\/wp-json\/wp\/v2\/product\/5591\/revisions"}],"wp:featuredmedia":[{"embeddable":true,"href":"https:\/\/generateweb.net\/xfit\/wp-json\/wp\/v2\/media\/5593"}],"wp:attachment":[{"href":"https:\/\/generateweb.net\/xfit\/wp-json\/wp\/v2\/media?parent=5591"}],"wp:term":[{"taxonomy":"product_brand","embeddable":true,"href":"https:\/\/generateweb.net\/xfit\/wp-json\/wp\/v2\/product_brand?post=5591"},{"taxonomy":"product_cat","embeddable":true,"href":"https:\/\/generateweb.net\/xfit\/wp-json\/wp\/v2\/product_cat?post=5591"},{"taxonomy":"product_tag","embeddable":true,"href":"https:\/\/generateweb.net\/xfit\/wp-json\/wp\/v2\/product_tag?post=5591"}],"curies":[{"name":"wp","href":"https:\/\/api.w.org\/{rel}","templated":true}]}}