{"id":5588,"date":"2025-09-13T08:34:03","date_gmt":"2025-09-13T08:34:03","guid":{"rendered":"https:\/\/tst.ba\/?post_type=product&#038;p=5588"},"modified":"2025-10-08T20:03:06","modified_gmt":"2025-10-08T20:03:06","slug":"asic-supplements-pro-whey-1-doza","status":"publish","type":"product","link":"https:\/\/generateweb.net\/xfit\/asic-supplements-pro-whey-1-doza\/","title":{"rendered":"Basic Supplements &#8211; PRO Whey 30g &#8211; 1 doza"},"content":{"rendered":"<p data-start=\"117\" data-end=\"433\">Premium whey protein dizajniran je za sve sporta\u0161e i rekreativce koji \u017eele vi\u0161e mi\u0161i\u0107a, vi\u0161e snage i br\u017ei oporavak. Uz senzacionalne kremaste okuse i vrhunsku formulu, ovaj protein postavlja standard kada je u pitanju kvalitet po pristupa\u010dnoj cijeni.<\/p>\n<p data-start=\"435\" data-end=\"644\">Svaka porcija sadr\u017ei <strong data-start=\"456\" data-end=\"485\">22 g \u010distog whey proteina<\/strong> i <strong data-start=\"488\" data-end=\"514\">5 g BCAA aminokiselina<\/strong>, uklju\u010duju\u0107i <strong data-start=\"528\" data-end=\"547\">2,4 g L-leucina<\/strong>, koji igra klju\u010dnu ulogu u izgradnji i regeneraciji mi\u0161i\u0107a tokom i nakon intenzivnog treninga.<\/p>\n<p data-start=\"646\" data-end=\"851\">Osim \u0161to stimuli\u0161e rast mi\u0161i\u0107a, PRO Whey doprinosi br\u017eem oporavku, odli\u010dnog je okusa i odli\u010dno se mije\u0161a. Uz to, potpuno je <strong data-start=\"770\" data-end=\"785\">gluten free<\/strong> i <strong data-start=\"788\" data-end=\"800\">soy free<\/strong>, \u0161to ga \u010dini pogodnim izborom za gotovo svakoga.<\/p>\n<p data-start=\"853\" data-end=\"898\"><strong data-start=\"853\" data-end=\"896\">Prednosti Basic Supplements PRO Whey-a:<\/strong><\/p>\n<ul data-start=\"899\" data-end=\"1102\">\n<li data-start=\"899\" data-end=\"927\">\n<p data-start=\"901\" data-end=\"927\">22 g proteina po porciji<\/p>\n<\/li>\n<li data-start=\"928\" data-end=\"965\">\n<p data-start=\"930\" data-end=\"965\">5 g BCAA aminokiselina po porciji<\/p>\n<\/li>\n<li data-start=\"966\" data-end=\"1010\">\n<p data-start=\"968\" data-end=\"1010\">Veoma nizak udio ugljikohidrata i \u0161e\u0107era<\/p>\n<\/li>\n<li data-start=\"1011\" data-end=\"1051\">\n<p data-start=\"1013\" data-end=\"1051\">Podr\u017eava rast mi\u0161i\u0107a i br\u017ei oporavak<\/p>\n<\/li>\n<li data-start=\"1052\" data-end=\"1102\">\n<p data-start=\"1054\" data-end=\"1102\">Odli\u010dno se mije\u0161a i ima vrhunski kremasti okus<\/p>\n<\/li>\n<\/ul>\n<p data-start=\"1104\" data-end=\"1215\">Mo\u017ee se koristiti odmah nakon treninga ili u bilo koje doba dana kao pouzdana podr\u0161ka va\u0161im fitnes ciljevima.<\/p>\n<p data-start=\"1217\" data-end=\"1274\"><strong data-start=\"1217\" data-end=\"1247\">Basic Supplements PRO Whey<\/strong> \u2013 kvalitet ispred svega!<\/p>\n","protected":false},"excerpt":{"rendered":"<p>Premium whey protein dizajniran je za sve sporta\u0161e i rekreativce koji \u017eele vi\u0161e mi\u0161i\u0107a, vi\u0161e snage i br\u017ei oporavak.<\/p>\n","protected":false},"featured_media":5590,"template":"","meta":{"_acf_changed":false},"product_brand":[99],"product_cat":[53,72,42],"product_tag":[],"class_list":{"0":"post-5588","1":"product","2":"type-product","3":"status-publish","4":"has-post-thumbnail","6":"product_brand-basic-supplements","7":"product_cat-proteini","8":"product_cat-pre-workout-single-dose","9":"product_cat-suplementi","11":"first","12":"instock","13":"taxable","14":"shipping-taxable","15":"purchasable","16":"product-type-variable"},"acf":[],"_links":{"self":[{"href":"https:\/\/generateweb.net\/xfit\/wp-json\/wp\/v2\/product\/5588","targetHints":{"allow":["GET"]}}],"collection":[{"href":"https:\/\/generateweb.net\/xfit\/wp-json\/wp\/v2\/product"}],"about":[{"href":"https:\/\/generateweb.net\/xfit\/wp-json\/wp\/v2\/types\/product"}],"version-history":[{"count":0,"href":"https:\/\/generateweb.net\/xfit\/wp-json\/wp\/v2\/product\/5588\/revisions"}],"wp:featuredmedia":[{"embeddable":true,"href":"https:\/\/generateweb.net\/xfit\/wp-json\/wp\/v2\/media\/5590"}],"wp:attachment":[{"href":"https:\/\/generateweb.net\/xfit\/wp-json\/wp\/v2\/media?parent=5588"}],"wp:term":[{"taxonomy":"product_brand","embeddable":true,"href":"https:\/\/generateweb.net\/xfit\/wp-json\/wp\/v2\/product_brand?post=5588"},{"taxonomy":"product_cat","embeddable":true,"href":"https:\/\/generateweb.net\/xfit\/wp-json\/wp\/v2\/product_cat?post=5588"},{"taxonomy":"product_tag","embeddable":true,"href":"https:\/\/generateweb.net\/xfit\/wp-json\/wp\/v2\/product_tag?post=5588"}],"curies":[{"name":"wp","href":"https:\/\/api.w.org\/{rel}","templated":true}]}}