{"id":5575,"date":"2025-09-13T08:21:06","date_gmt":"2025-09-13T08:21:06","guid":{"rendered":"https:\/\/tst.ba\/?post_type=product&#038;p=5575"},"modified":"2026-01-26T10:59:24","modified_gmt":"2026-01-26T10:59:24","slug":"swanson-lions-mane-mushrom","status":"publish","type":"product","link":"https:\/\/generateweb.net\/xfit\/swanson-lions-mane-mushrom\/","title":{"rendered":"Swanson &#8211; Lion&#8217;s Mane Mushroom (60 caps)"},"content":{"rendered":"<p data-start=\"96\" data-end=\"458\"><strong data-start=\"96\" data-end=\"132\">Lion\u2019s Mane (Hericium erinaceus)<\/strong> je funkcionalna nootropna gljiva poznata po svojoj mo\u0107i da podr\u017ei um, \u017eiv\u010dani sistem i dugovje\u010dnost. Bogata je erinacinima \u2013 aktivnim spojevima koji poti\u010du sintezu <strong data-start=\"297\" data-end=\"327\">faktora rasta \u017eivaca (NGF)<\/strong>, klju\u010dnog za rast i o\u010duvanje zdravih \u017eiv\u010danih stanica. Time doprinosi boljem pam\u0107enju, mentalnoj jasno\u0107i i kognitivnoj funkciji.<\/p>\n<p data-start=\"460\" data-end=\"711\">Erinacini mogu prije\u0107i krvno-mo\u017edanu barijeru, direktno podr\u017eavaju\u0107i zdravlje mozga i cijelog sredi\u0161njeg nervnog sistema. Lion\u2019s Mane pru\u017ea osje\u0107aj smirenosti, uz istovremeno pove\u0107anu budnost i fokus \u2013 savr\u0161en balans za svakodnevne mentalne izazove.<\/p>\n<p data-start=\"713\" data-end=\"961\">Osim podr\u0161ke mozgu, ova gljiva sadr\u017ei <strong data-start=\"751\" data-end=\"767\">beta-glukane<\/strong>, poznate po svojim pozitivnim u\u010dincima na srce, imunitet i probavni sistem. Njena adaptogena i antioksidativna svojstva poma\u017eu tijelu da se lak\u0161e nosi sa stresom i doprinose zdravom starenju.<\/p>\n<p data-start=\"963\" data-end=\"999\"><strong data-start=\"963\" data-end=\"997\">Prednosti Swanson Lion\u2019s Mane:<\/strong><\/p>\n<ul data-start=\"1000\" data-end=\"1261\">\n<li data-start=\"1000\" data-end=\"1047\">\n<p data-start=\"1002\" data-end=\"1047\">Podr\u017eava pam\u0107enje, fokus i mentalnu jasno\u0107u<\/p>\n<\/li>\n<li data-start=\"1048\" data-end=\"1099\">\n<p data-start=\"1050\" data-end=\"1099\">Poti\u010de rast i odr\u017eavanje \u017eiv\u010danih stanica (NGF)<\/p>\n<\/li>\n<li data-start=\"1100\" data-end=\"1142\">\n<p data-start=\"1102\" data-end=\"1142\">Ja\u010da imunitet, zdravlje srca i probave<\/p>\n<\/li>\n<li data-start=\"1143\" data-end=\"1206\">\n<p data-start=\"1145\" data-end=\"1206\">Smanjuje utjecaj stresa zahvaljuju\u0107i adaptogenim svojstvima<\/p>\n<\/li>\n<li data-start=\"1207\" data-end=\"1261\">\n<p data-start=\"1209\" data-end=\"1261\">Antioksidativna za\u0161tita i podr\u0161ka zdravom starenju<\/p>\n<\/li>\n<\/ul>\n<p data-start=\"1263\" data-end=\"1405\">Na\u0161a <strong data-start=\"1268\" data-end=\"1293\">Full Spectrum formula<\/strong> osigurava sve korisne spojeve iz plodnog tijela gljive, bez nepotrebne prerade \u2013 u prakti\u010dnom obliku kapsula.<\/p>\n<p data-start=\"1407\" data-end=\"1503\"><strong data-start=\"1407\" data-end=\"1430\">Swanson Lion\u2019s Mane<\/strong> \u2013 prirodna podr\u0161ka za bistar um, sna\u017ean \u017eiv\u010dani sistem i dugovje\u010dnost.<\/p>\n","protected":false},"excerpt":{"rendered":"<p><strong data-start=\"96\" data-end=\"132\">Lion\u2019s Mane (Hericium erinaceus)<\/strong> je funkcionalna nootropna gljiva poznata po svojoj mo\u0107i da podr\u017ei um, \u017eiv\u010dani sistem i dugovje\u010dnost.<\/p>\n","protected":false},"featured_media":5577,"template":"","meta":{"_acf_changed":false},"product_brand":[98],"product_cat":[57,78,42,79],"product_tag":[],"class_list":{"0":"post-5575","1":"product","2":"type-product","3":"status-publish","4":"has-post-thumbnail","6":"product_brand-swanson","7":"product_cat-adaptogene-biljke-anti-stres-and-fokus","8":"product_cat-nootropics-happiness-health-sexuality","9":"product_cat-suplementi","10":"product_cat-podrska-zdravlju-oporavak","12":"first","13":"outofstock","14":"taxable","15":"shipping-taxable","16":"purchasable","17":"product-type-simple"},"acf":[],"_links":{"self":[{"href":"https:\/\/generateweb.net\/xfit\/wp-json\/wp\/v2\/product\/5575","targetHints":{"allow":["GET"]}}],"collection":[{"href":"https:\/\/generateweb.net\/xfit\/wp-json\/wp\/v2\/product"}],"about":[{"href":"https:\/\/generateweb.net\/xfit\/wp-json\/wp\/v2\/types\/product"}],"version-history":[{"count":0,"href":"https:\/\/generateweb.net\/xfit\/wp-json\/wp\/v2\/product\/5575\/revisions"}],"wp:featuredmedia":[{"embeddable":true,"href":"https:\/\/generateweb.net\/xfit\/wp-json\/wp\/v2\/media\/5577"}],"wp:attachment":[{"href":"https:\/\/generateweb.net\/xfit\/wp-json\/wp\/v2\/media?parent=5575"}],"wp:term":[{"taxonomy":"product_brand","embeddable":true,"href":"https:\/\/generateweb.net\/xfit\/wp-json\/wp\/v2\/product_brand?post=5575"},{"taxonomy":"product_cat","embeddable":true,"href":"https:\/\/generateweb.net\/xfit\/wp-json\/wp\/v2\/product_cat?post=5575"},{"taxonomy":"product_tag","embeddable":true,"href":"https:\/\/generateweb.net\/xfit\/wp-json\/wp\/v2\/product_tag?post=5575"}],"curies":[{"name":"wp","href":"https:\/\/api.w.org\/{rel}","templated":true}]}}