{"id":5567,"date":"2025-09-13T08:13:11","date_gmt":"2025-09-13T08:13:11","guid":{"rendered":"https:\/\/tst.ba\/?post_type=product&#038;p=5567"},"modified":"2026-02-13T14:24:25","modified_gmt":"2026-02-13T14:24:25","slug":"amix-ashwagandha-60-caps","status":"publish","type":"product","link":"https:\/\/generateweb.net\/xfit\/amix-ashwagandha-60-caps\/","title":{"rendered":"Amix &#8211; Ashwagandha KSM-66 (60 caps)"},"content":{"rendered":"<p data-start=\"113\" data-end=\"398\"><strong data-start=\"113\" data-end=\"149\">Ashwagandha (Withania somnifera)<\/strong> je vode\u0107a biljka Ayurvede, tradicionalnog indijskog sistema medicine, poznata po svojim adaptogenim svojstvima. Poma\u017ee tijelu da se prirodno prilagodi stresnim uslovima, doprinosi ravnote\u017ei i podr\u017eava i psiholo\u0161ke i fiziolo\u0161ke funkcije organizma.<\/p>\n<p data-start=\"400\" data-end=\"725\">Amix <strong data-start=\"405\" data-end=\"446\">Ashwagandha KSM-66 GreenDay\u00ae ProVegan<\/strong> sadr\u017ei patentirani, visoko koncentrirani ekstrakt punog spektra iz korijena biljke Ashwagandhe. Za razliku od drugih formulacija, KSM-66 koristi isklju\u010divo korijen, koji je najbogatiji bioaktivnim komponentama, a njegova u\u010dinkovitost potvr\u0111ena je kroz brojne klini\u010dke studije.<\/p>\n<p data-start=\"727\" data-end=\"775\"><strong data-start=\"727\" data-end=\"773\">Klju\u010dne prednosti Amix Ashwagandhe KSM-66:<\/strong><\/p>\n<ul data-start=\"776\" data-end=\"1145\">\n<li data-start=\"776\" data-end=\"817\">\n<p data-start=\"778\" data-end=\"817\">Smanjuje stres, nervozu i anksioznost<\/p>\n<\/li>\n<li data-start=\"818\" data-end=\"892\">\n<p data-start=\"820\" data-end=\"892\">Pobolj\u0161ava kvalitet sna i smanjuje \u017eelju za hranom povezanu sa stresom<\/p>\n<\/li>\n<li data-start=\"893\" data-end=\"951\">\n<p data-start=\"895\" data-end=\"951\">Podr\u017eava koncentraciju, pam\u0107enje i kognitivne funkcije<\/p>\n<\/li>\n<li data-start=\"952\" data-end=\"1020\">\n<p data-start=\"954\" data-end=\"1020\">Poti\u010de izdr\u017eljivost, snagu i br\u017ei mi\u0161i\u0107ni oporavak kod sportista<\/p>\n<\/li>\n<li data-start=\"1021\" data-end=\"1093\">\n<p data-start=\"1023\" data-end=\"1093\">Poma\u017ee plodnost i podr\u017eava seksualnu funkciju (kod mu\u0161karaca i \u017eena)<\/p>\n<\/li>\n<li data-start=\"1094\" data-end=\"1145\">\n<p data-start=\"1096\" data-end=\"1145\">Mo\u017ee pove\u0107ati razinu testosterona kod mu\u0161karaca<\/p>\n<\/li>\n<\/ul>\n<p data-start=\"1147\" data-end=\"1266\">Svaka kapsula sadr\u017ei <strong data-start=\"1168\" data-end=\"1196\">500 mg KSM-66\u00ae ekstrakta<\/strong>, a pakiranje uklju\u010duje <strong data-start=\"1220\" data-end=\"1242\">60 biljnih kapsula<\/strong> pogodnih i za vegane.<\/p>\n<p data-start=\"1268\" data-end=\"1395\"><strong data-start=\"1268\" data-end=\"1295\">Amix Ashwagandha KSM-66<\/strong> \u2013 prirodna podr\u0161ka za ravnote\u017eu uma i tijela, vitalnost i bolju otpornost na svakodnevne izazove.<\/p>\n","protected":false},"excerpt":{"rendered":"<p><strong data-start=\"113\" data-end=\"149\">Ashwagandha (Withania somnifera)<\/strong> je vode\u0107a biljka Ayurvede, tradicionalnog indijskog sistema medicine, poznata po svojim adaptogenim svojstvima.<\/p>\n","protected":false},"featured_media":5570,"template":"","meta":{"_acf_changed":false},"product_brand":[94],"product_cat":[57,78,74,42,79],"product_tag":[],"class_list":{"0":"post-5567","1":"product","2":"type-product","3":"status-publish","4":"has-post-thumbnail","6":"product_brand-amix","7":"product_cat-adaptogene-biljke-anti-stres-and-fokus","8":"product_cat-nootropics-happiness-health-sexuality","9":"product_cat-performanse","10":"product_cat-suplementi","11":"product_cat-podrska-zdravlju-oporavak","13":"first","14":"instock","15":"taxable","16":"shipping-taxable","17":"purchasable","18":"product-type-simple"},"acf":[],"_links":{"self":[{"href":"https:\/\/generateweb.net\/xfit\/wp-json\/wp\/v2\/product\/5567","targetHints":{"allow":["GET"]}}],"collection":[{"href":"https:\/\/generateweb.net\/xfit\/wp-json\/wp\/v2\/product"}],"about":[{"href":"https:\/\/generateweb.net\/xfit\/wp-json\/wp\/v2\/types\/product"}],"version-history":[{"count":0,"href":"https:\/\/generateweb.net\/xfit\/wp-json\/wp\/v2\/product\/5567\/revisions"}],"wp:featuredmedia":[{"embeddable":true,"href":"https:\/\/generateweb.net\/xfit\/wp-json\/wp\/v2\/media\/5570"}],"wp:attachment":[{"href":"https:\/\/generateweb.net\/xfit\/wp-json\/wp\/v2\/media?parent=5567"}],"wp:term":[{"taxonomy":"product_brand","embeddable":true,"href":"https:\/\/generateweb.net\/xfit\/wp-json\/wp\/v2\/product_brand?post=5567"},{"taxonomy":"product_cat","embeddable":true,"href":"https:\/\/generateweb.net\/xfit\/wp-json\/wp\/v2\/product_cat?post=5567"},{"taxonomy":"product_tag","embeddable":true,"href":"https:\/\/generateweb.net\/xfit\/wp-json\/wp\/v2\/product_tag?post=5567"}],"curies":[{"name":"wp","href":"https:\/\/api.w.org\/{rel}","templated":true}]}}