{"id":5561,"date":"2025-09-13T08:08:47","date_gmt":"2025-09-13T08:08:47","guid":{"rendered":"https:\/\/tst.ba\/?post_type=product&#038;p=5561"},"modified":"2025-10-08T19:58:49","modified_gmt":"2025-10-08T19:58:49","slug":"swanson-dhea-25mg-120-caps","status":"publish","type":"product","link":"https:\/\/generateweb.net\/xfit\/swanson-dhea-25mg-120-caps\/","title":{"rendered":"Swanson &#8211; DHEA 25mg (120 caps)"},"content":{"rendered":"<p data-start=\"95\" data-end=\"269\">Ponovno otkrijte vitalnost i ravnote\u017eu uz <strong data-start=\"137\" data-end=\"153\">Swanson DHEA<\/strong> \u2013 klju\u010dnog prete\u010du estrogena i testosterona, hormona koji igraju va\u017enu ulogu u energiji, libidu i op\u0107em zdravlju.<\/p>\n<p data-start=\"271\" data-end=\"551\">DHEA prirodno podr\u017eava <strong data-start=\"294\" data-end=\"318\">hormonalnu ravnote\u017eu<\/strong>, poma\u017ee u regulaciji raspolo\u017eenja i doprinosi osje\u0107aju vitalnosti. Redovna upotreba mo\u017ee pobolj\u0161ati seksualni nagon, pru\u017eiti vi\u0161e energije tokom dana i podr\u017eati snagu kostiju, \u0161to ga \u010dini idealnim dodatkom i za mu\u0161karce i za \u017eene.<\/p>\n<p data-start=\"553\" data-end=\"700\">Svaka kapsula sadr\u017ei <strong data-start=\"574\" data-end=\"588\">25 mg DHEA<\/strong>, formuliranog da pomogne u borbi protiv znakova starenja i podr\u017ei va\u0161 aktivan, zdrav i ispunjen \u017eivotni stil.<\/p>\n<p data-start=\"702\" data-end=\"731\"><strong data-start=\"702\" data-end=\"729\">Prednosti Swanson DHEA:<\/strong><\/p>\n<ul data-start=\"732\" data-end=\"954\">\n<li data-start=\"732\" data-end=\"772\">\n<p data-start=\"734\" data-end=\"772\">Podr\u017eava zdravu hormonalnu ravnote\u017eu<\/p>\n<\/li>\n<li data-start=\"773\" data-end=\"822\">\n<p data-start=\"775\" data-end=\"822\">Poma\u017ee u regulaciji raspolo\u017eenja i motivacije<\/p>\n<\/li>\n<li data-start=\"823\" data-end=\"863\">\n<p data-start=\"825\" data-end=\"863\">Pove\u0107ava seksualni nagon i vitalnost<\/p>\n<\/li>\n<li data-start=\"864\" data-end=\"907\">\n<p data-start=\"866\" data-end=\"907\">Ja\u010da zdravlje kostiju i dugoro\u010dnu snagu<\/p>\n<\/li>\n<li data-start=\"908\" data-end=\"954\">\n<p data-start=\"910\" data-end=\"954\">Doprinosi osje\u0107aju mladolikosti i energije<\/p>\n<\/li>\n<\/ul>\n<p data-start=\"956\" data-end=\"1039\"><strong data-start=\"956\" data-end=\"978\">Swanson DHEA 25 mg<\/strong> \u2013 sna\u017ena podr\u0161ka za hormone, energiju i \u017eivotnu ravnote\u017eu.<\/p>\n","protected":false},"excerpt":{"rendered":"<p>Ponovno otkrijte vitalnost i ravnote\u017eu uz <strong data-start=\"137\" data-end=\"153\">Swanson DHEA<\/strong> \u2013 klju\u010dnog prete\u010du estrogena i testosterona, hormona koji igraju va\u017enu ulogu u energiji, libidu i op\u0107em zdravlju.<\/p>\n","protected":false},"featured_media":5563,"template":"","meta":{"_acf_changed":false},"product_brand":[98],"product_cat":[57,78,42,79],"product_tag":[],"class_list":{"0":"post-5561","1":"product","2":"type-product","3":"status-publish","4":"has-post-thumbnail","6":"product_brand-swanson","7":"product_cat-adaptogene-biljke-anti-stres-and-fokus","8":"product_cat-nootropics-happiness-health-sexuality","9":"product_cat-suplementi","10":"product_cat-podrska-zdravlju-oporavak","12":"first","13":"instock","14":"taxable","15":"shipping-taxable","16":"purchasable","17":"product-type-simple"},"acf":[],"_links":{"self":[{"href":"https:\/\/generateweb.net\/xfit\/wp-json\/wp\/v2\/product\/5561","targetHints":{"allow":["GET"]}}],"collection":[{"href":"https:\/\/generateweb.net\/xfit\/wp-json\/wp\/v2\/product"}],"about":[{"href":"https:\/\/generateweb.net\/xfit\/wp-json\/wp\/v2\/types\/product"}],"version-history":[{"count":0,"href":"https:\/\/generateweb.net\/xfit\/wp-json\/wp\/v2\/product\/5561\/revisions"}],"wp:featuredmedia":[{"embeddable":true,"href":"https:\/\/generateweb.net\/xfit\/wp-json\/wp\/v2\/media\/5563"}],"wp:attachment":[{"href":"https:\/\/generateweb.net\/xfit\/wp-json\/wp\/v2\/media?parent=5561"}],"wp:term":[{"taxonomy":"product_brand","embeddable":true,"href":"https:\/\/generateweb.net\/xfit\/wp-json\/wp\/v2\/product_brand?post=5561"},{"taxonomy":"product_cat","embeddable":true,"href":"https:\/\/generateweb.net\/xfit\/wp-json\/wp\/v2\/product_cat?post=5561"},{"taxonomy":"product_tag","embeddable":true,"href":"https:\/\/generateweb.net\/xfit\/wp-json\/wp\/v2\/product_tag?post=5561"}],"curies":[{"name":"wp","href":"https:\/\/api.w.org\/{rel}","templated":true}]}}