{"id":5558,"date":"2025-09-13T08:07:06","date_gmt":"2025-09-13T08:07:06","guid":{"rendered":"https:\/\/tst.ba\/?post_type=product&#038;p=5558"},"modified":"2026-04-10T15:03:01","modified_gmt":"2026-04-10T15:03:01","slug":"swanson-ultimate-ashwagandha-60-caps","status":"publish","type":"product","link":"https:\/\/generateweb.net\/xfit\/swanson-ultimate-ashwagandha-60-caps\/","title":{"rendered":"Swanson &#8211; Ultimate Ashwagandha &#8211; KSM-66 (60 caps)"},"content":{"rendered":"<p><a href=\"https:\/\/generateweb.net\/xfit\/proizvodjac\/swanson\/\">Swanson<\/a> <span style=\"color: #ffcc00;\">Ultimate Ashwagandha KSM-66<\/span> je vrhunski adaptogeni dodatak prehrani namijenjen smanjenju stresa, pobolj\u0161anju fokusa i podr\u0161ci op\u0107oj vitalnosti.<\/p>\n<p><em><strong>KSM-66<\/strong><\/em> je jedan od najistra\u017eenijih i najkvalitetnijih ekstrakata ashwagandhe na tr\u017ei\u0161tu, poznat po sna\u017enom, ali uravnote\u017eenom djelovanju.<\/p>\n<p><strong>Ashwagandha (A\u0161vaganda)<\/strong> poma\u017ee tijelu da se lak\u0161e nosi sa stresom, doprinosi boljem raspolo\u017eenju i mentalnoj jasno\u0107i te podr\u017eava energiju i fizi\u010dku izdr\u017eljivost.<\/p>\n<p>Upravo zbog toga <span style=\"color: #ffcc00;\">KSM-66<\/span> koriste i sporta\u0161i i osobe s mentalno zahtjevnim stilom \u017eivota.<\/p>\n<p>Ovaj suplement \u010desto se koristi i kao prirodna podr\u0161ka testosteronu, snazi i oporavku, bez osje\u0107aja nervoze ili stimulacijskog \u201ccrasha\u201d.<\/p>\n<p><em><a href=\"https:\/\/generateweb.net\/xfit\/proizvodjac\/swanson\/\">Swanson<\/a><\/em> garantira provjeren kvalitet, \u010disto\u0107u sastojaka i dosljednu ja\u010dinu svake kapsule.<\/p>\n<p>Ako tra\u017ei\u0161 adaptogen koji djeluje na stres, fokus, energiju i dugoro\u010dnu ravnote\u017eu organizma \u2013 <span style=\"color: #ffcc00;\">Ultimate Ashwagandha KSM-66<\/span> je ozbiljan i pouzdan izbor.<\/p>\n<p><em><span style=\"color: #ffcc00;\">KSM-66<\/span><\/em> je patentirani ekstrakt ashwagandhe s punim spektrom aktivnih spojeva, klini\u010dki ispitan za stres, energiju, snagu i mentalnu ravnote\u017eu.<\/p>\n<ul>\n<li>\ud83e\uddd8\u200d\u2642\ufe0f Poma\u017ee u smanjenju stresa i anksioznosti <br \/>\n\ud83e\udde0 Pobolj\u0161ava fokus i koncentraciju <br \/>\n\ud83d\ude0a Doprinosi boljem raspolo\u017eenju <br \/>\n\ud83d\udcaa Podr\u017eava fizi\u010dku snagu i izdr\u017eljivost <br \/>\n\u26a1 Pogodna za aktivan i stresan lifestyle<\/li>\n<\/ul>\n<p>[sp_easyaccordion id=&#8221;10868&#8243;]<\/p>\n<p>Pogledajte i ostalu ponudu <span style=\"color: #ffcc00;\"><a style=\"color: #ffcc00;\" href=\"https:\/\/generateweb.net\/xfit\/suplementi\/adaptogene-biljke-anti-stres-and-fokus\/\">anti-stres i adaptogenih suplemenata<\/a> <\/span>za fokus, ravnote\u017eu i bolju svakodnevnu performansu.<\/p>\n","protected":false},"excerpt":{"rendered":"<blockquote>\n<p><span style=\"font-size: 10pt;\">\u2714\ufe0e Originalni <strong>KSM-66<\/strong> ekstrakt ashwagandhe <\/span><br \/>\n<span style=\"font-size: 10pt;\">\u2714\ufe0e Smanjenje stresa i nervne napetosti <\/span><br \/>\n<span style=\"font-size: 10pt;\">\u2714\ufe0e Bolji fokus i mentalna jasno\u0107a <\/span><br \/>\n<span style=\"font-size: 10pt;\">\u2714\ufe0e Podr\u0161ka energiji i izdr\u017eljivosti <\/span><br \/>\n<span style=\"font-size: 10pt;\">\u2714\ufe0e Pogodna za dugoro\u010dnu upotrebu<\/span><\/p>\n<\/blockquote>\n","protected":false},"featured_media":5560,"template":"","meta":{"_acf_changed":false},"product_brand":[98],"product_cat":[57,46,78,74,42,79],"product_tag":[],"class_list":{"0":"post-5558","1":"product","2":"type-product","3":"status-publish","4":"has-post-thumbnail","6":"product_brand-swanson","7":"product_cat-adaptogene-biljke-anti-stres-and-fokus","8":"product_cat-najtrazenije-najprodavanije-izdvojeno","9":"product_cat-nootropics-happiness-health-sexuality","10":"product_cat-performanse","11":"product_cat-suplementi","12":"product_cat-podrska-zdravlju-oporavak","14":"first","15":"instock","16":"sale","17":"taxable","18":"shipping-taxable","19":"purchasable","20":"product-type-simple"},"acf":[],"_links":{"self":[{"href":"https:\/\/generateweb.net\/xfit\/wp-json\/wp\/v2\/product\/5558","targetHints":{"allow":["GET"]}}],"collection":[{"href":"https:\/\/generateweb.net\/xfit\/wp-json\/wp\/v2\/product"}],"about":[{"href":"https:\/\/generateweb.net\/xfit\/wp-json\/wp\/v2\/types\/product"}],"version-history":[{"count":0,"href":"https:\/\/generateweb.net\/xfit\/wp-json\/wp\/v2\/product\/5558\/revisions"}],"wp:featuredmedia":[{"embeddable":true,"href":"https:\/\/generateweb.net\/xfit\/wp-json\/wp\/v2\/media\/5560"}],"wp:attachment":[{"href":"https:\/\/generateweb.net\/xfit\/wp-json\/wp\/v2\/media?parent=5558"}],"wp:term":[{"taxonomy":"product_brand","embeddable":true,"href":"https:\/\/generateweb.net\/xfit\/wp-json\/wp\/v2\/product_brand?post=5558"},{"taxonomy":"product_cat","embeddable":true,"href":"https:\/\/generateweb.net\/xfit\/wp-json\/wp\/v2\/product_cat?post=5558"},{"taxonomy":"product_tag","embeddable":true,"href":"https:\/\/generateweb.net\/xfit\/wp-json\/wp\/v2\/product_tag?post=5558"}],"curies":[{"name":"wp","href":"https:\/\/api.w.org\/{rel}","templated":true}]}}