{"id":5543,"date":"2025-09-13T07:55:35","date_gmt":"2025-09-13T07:55:35","guid":{"rendered":"https:\/\/tst.ba\/?post_type=product&#038;p=5543"},"modified":"2025-10-08T19:57:03","modified_gmt":"2025-10-08T19:57:03","slug":"swanson-5-htp-50mg-60-caps","status":"publish","type":"product","link":"https:\/\/generateweb.net\/xfit\/swanson-5-htp-50mg-60-caps\/","title":{"rendered":"Swanson &#8211; 5-HTP 50mg (60 caps)"},"content":{"rendered":"<p data-start=\"105\" data-end=\"335\">Dobijte sna\u017enu podr\u0161ku za mentalno i emocionalno zdravlje uz <strong data-start=\"166\" data-end=\"198\">Swanson Extra Strength 5-HTP<\/strong>. Ovaj dodatak prehrani sadr\u017ei prirodni spoj <strong data-start=\"243\" data-end=\"274\">5-hidroksitriptofan (5-HTP)<\/strong>, ekstrahovan iz sjemenki biljke <em data-start=\"307\" data-end=\"332\">Griffonia Simplicifolia<\/em>.<\/p>\n<p data-start=\"337\" data-end=\"577\">5-HTP u tijelu slu\u017ei kao prekursor serotonina i melatonina \u2013 dva klju\u010dna neurotransmitera koja uti\u010du na raspolo\u017eenje, apetit i kvalitet sna. Serotonin doprinosi osje\u0107aju zadovoljstva i smirenosti, dok melatonin podr\u017eava zdrav i miran san.<\/p>\n<p data-start=\"579\" data-end=\"869\">Redovna upotreba 5-HTP mo\u017ee pomo\u0107i kod stresa i anksioznosti, podr\u017eati pravilno funkcionisanje nervnog sistema i doprinijeti osje\u0107aju psihi\u010dke ravnote\u017ee. Osim toga, uti\u010de na kontrolu apetita smanjuju\u0107i \u017eelju za ugljikohidratima i poma\u017ee u procesu mr\u0161avljenja poja\u010davaju\u0107i osje\u0107aj sitosti.<\/p>\n<p data-start=\"871\" data-end=\"901\"><strong data-start=\"871\" data-end=\"899\">Prednosti Swanson 5-HTP:<\/strong><\/p>\n<ul data-start=\"902\" data-end=\"1182\">\n<li data-start=\"902\" data-end=\"950\">\n<p data-start=\"904\" data-end=\"950\">Podr\u017eava proizvodnju serotonina i melatonina<\/p>\n<\/li>\n<li data-start=\"951\" data-end=\"1010\">\n<p data-start=\"953\" data-end=\"1010\">Pobolj\u0161ava raspolo\u017eenje i doprinosi mentalnoj dobrobiti<\/p>\n<\/li>\n<li data-start=\"1011\" data-end=\"1043\">\n<p data-start=\"1013\" data-end=\"1043\">Poma\u017ee kod stresa i tjeskobe<\/p>\n<\/li>\n<li data-start=\"1044\" data-end=\"1077\">\n<p data-start=\"1046\" data-end=\"1077\">Poti\u010de zdrav i kvalitetan san<\/p>\n<\/li>\n<li data-start=\"1078\" data-end=\"1129\">\n<p data-start=\"1080\" data-end=\"1129\">Poma\u017ee u kontroli apetita i procesu mr\u0161avljenja<\/p>\n<\/li>\n<li data-start=\"1130\" data-end=\"1182\">\n<p data-start=\"1132\" data-end=\"1182\">Bez umjetnih aditiva, boja, konzervansa i punila<\/p>\n<\/li>\n<\/ul>\n<p data-start=\"1184\" data-end=\"1357\"><strong data-start=\"1184\" data-end=\"1198\">Doziranje:<\/strong> Svaka kapsula sadr\u017ei <strong data-start=\"1220\" data-end=\"1235\">50 mg 5-HTP<\/strong> (ekvivalentno 100 mg ekstrakta <em data-start=\"1267\" data-end=\"1292\">Griffonia Simplicifolia<\/em>). Preporu\u010duje se uzimanje 1 kapsule dnevno, najbolje uz obrok.<\/p>\n<p data-start=\"1359\" data-end=\"1451\"><strong data-start=\"1359\" data-end=\"1376\">Swanson 5-HTP<\/strong> \u2013 prirodna podr\u0161ka va\u0161em raspolo\u017eenju, mirnom snu i ravnote\u017ei organizma.<\/p>\n","protected":false},"excerpt":{"rendered":"<p>Dobijte sna\u017enu podr\u0161ku za mentalno i emocionalno zdravlje uz <strong data-start=\"166\" data-end=\"198\">Swanson Extra Strength 5-HTP<\/strong>.<\/p>\n","protected":false},"featured_media":5545,"template":"","meta":{"_acf_changed":false},"product_brand":[98],"product_cat":[57,78,42,79],"product_tag":[],"class_list":{"0":"post-5543","1":"product","2":"type-product","3":"status-publish","4":"has-post-thumbnail","6":"product_brand-swanson","7":"product_cat-adaptogene-biljke-anti-stres-and-fokus","8":"product_cat-nootropics-happiness-health-sexuality","9":"product_cat-suplementi","10":"product_cat-podrska-zdravlju-oporavak","12":"first","13":"instock","14":"taxable","15":"shipping-taxable","16":"purchasable","17":"product-type-simple"},"acf":[],"_links":{"self":[{"href":"https:\/\/generateweb.net\/xfit\/wp-json\/wp\/v2\/product\/5543","targetHints":{"allow":["GET"]}}],"collection":[{"href":"https:\/\/generateweb.net\/xfit\/wp-json\/wp\/v2\/product"}],"about":[{"href":"https:\/\/generateweb.net\/xfit\/wp-json\/wp\/v2\/types\/product"}],"version-history":[{"count":0,"href":"https:\/\/generateweb.net\/xfit\/wp-json\/wp\/v2\/product\/5543\/revisions"}],"wp:featuredmedia":[{"embeddable":true,"href":"https:\/\/generateweb.net\/xfit\/wp-json\/wp\/v2\/media\/5545"}],"wp:attachment":[{"href":"https:\/\/generateweb.net\/xfit\/wp-json\/wp\/v2\/media?parent=5543"}],"wp:term":[{"taxonomy":"product_brand","embeddable":true,"href":"https:\/\/generateweb.net\/xfit\/wp-json\/wp\/v2\/product_brand?post=5543"},{"taxonomy":"product_cat","embeddable":true,"href":"https:\/\/generateweb.net\/xfit\/wp-json\/wp\/v2\/product_cat?post=5543"},{"taxonomy":"product_tag","embeddable":true,"href":"https:\/\/generateweb.net\/xfit\/wp-json\/wp\/v2\/product_tag?post=5543"}],"curies":[{"name":"wp","href":"https:\/\/api.w.org\/{rel}","templated":true}]}}