{"id":5534,"date":"2025-09-13T07:41:55","date_gmt":"2025-09-13T07:41:55","guid":{"rendered":"https:\/\/tst.ba\/?post_type=product&#038;p=5534"},"modified":"2026-02-02T09:22:58","modified_gmt":"2026-02-02T09:22:58","slug":"swanson-l-lysine","status":"publish","type":"product","link":"https:\/\/generateweb.net\/xfit\/proizvod\/swanson-l-lysine\/","title":{"rendered":"Swanson &#8211; L-Lysine &#8211; Free Form (100 caps)"},"content":{"rendered":"<p data-start=\"128\" data-end=\"373\">L-lizin je esencijalna aminokiselina koja ima klju\u010dnu ulogu u ja\u010danju imunolo\u0161kog sistema i podr\u0161ci organizmu u borbi protiv svakodnevnog stresa. Budu\u0107i da ga tijelo ne mo\u017ee samo proizvesti, neophodno ga je unositi putem prehrane ili dodataka.<\/p>\n<p data-start=\"375\" data-end=\"668\"><strong data-start=\"375\" data-end=\"395\">Swanson L-Lysine<\/strong> osigurava mo\u0107nu dozu od <strong data-start=\"420\" data-end=\"441\">500 mg po kapsuli<\/strong>, \u0161to ga \u010dini idealnim izborom u zahtjevnijim i stresnijim periodima kada su potrebe organizma pove\u0107ane. Redovna upotreba mo\u017ee pomo\u0107i u ja\u010danju prirodne otpornosti tijela, podr\u017eati vitalnost i doprinijeti boljem raspolo\u017eenju.<\/p>\n<p data-start=\"670\" data-end=\"708\"><strong data-start=\"670\" data-end=\"706\">Za\u0161to odabrati Swanson L-Lysine?<\/strong><\/p>\n<ul data-start=\"709\" data-end=\"891\">\n<li data-start=\"709\" data-end=\"766\">\n<p data-start=\"711\" data-end=\"766\">Esencijalna aminokiselina za sna\u017ean imunolo\u0161ki sistem<\/p>\n<\/li>\n<li data-start=\"767\" data-end=\"807\">\n<p data-start=\"769\" data-end=\"807\">Poma\u017ee u smanjenju posljedica stresa<\/p>\n<\/li>\n<li data-start=\"808\" data-end=\"844\">\n<p data-start=\"810\" data-end=\"844\">Visoka doza od 500 mg po kapsuli<\/p>\n<\/li>\n<li data-start=\"845\" data-end=\"891\">\n<p data-start=\"847\" data-end=\"891\">Jednostavno doziranje i prakti\u010dna upotreba<\/p>\n<\/li>\n<\/ul>\n<p data-start=\"893\" data-end=\"991\"><strong data-start=\"893\" data-end=\"913\">Swanson L-Lysine<\/strong> \u2013 prirodna podr\u0161ka za imunitet, ravnote\u017eu i dobrobit u svakodnevnom \u017eivotu.<\/p>\n","protected":false},"excerpt":{"rendered":"<p>Swanson L-Lysine \u2013 Prirodna podr\u0161ka imunitetu i upravljanju stresom<\/p>\n","protected":false},"featured_media":5536,"template":"","meta":{"_acf_changed":false},"product_brand":[98],"product_cat":[57,42,79],"product_tag":[],"class_list":{"0":"post-5534","1":"product","2":"type-product","3":"status-publish","4":"has-post-thumbnail","6":"product_brand-swanson","7":"product_cat-adaptogene-biljke-anti-stres-and-fokus","8":"product_cat-suplementi","9":"product_cat-podrska-zdravlju-oporavak","11":"first","12":"instock","13":"taxable","14":"shipping-taxable","15":"purchasable","16":"product-type-simple"},"acf":[],"_links":{"self":[{"href":"https:\/\/generateweb.net\/xfit\/wp-json\/wp\/v2\/product\/5534","targetHints":{"allow":["GET"]}}],"collection":[{"href":"https:\/\/generateweb.net\/xfit\/wp-json\/wp\/v2\/product"}],"about":[{"href":"https:\/\/generateweb.net\/xfit\/wp-json\/wp\/v2\/types\/product"}],"version-history":[{"count":0,"href":"https:\/\/generateweb.net\/xfit\/wp-json\/wp\/v2\/product\/5534\/revisions"}],"wp:featuredmedia":[{"embeddable":true,"href":"https:\/\/generateweb.net\/xfit\/wp-json\/wp\/v2\/media\/5536"}],"wp:attachment":[{"href":"https:\/\/generateweb.net\/xfit\/wp-json\/wp\/v2\/media?parent=5534"}],"wp:term":[{"taxonomy":"product_brand","embeddable":true,"href":"https:\/\/generateweb.net\/xfit\/wp-json\/wp\/v2\/product_brand?post=5534"},{"taxonomy":"product_cat","embeddable":true,"href":"https:\/\/generateweb.net\/xfit\/wp-json\/wp\/v2\/product_cat?post=5534"},{"taxonomy":"product_tag","embeddable":true,"href":"https:\/\/generateweb.net\/xfit\/wp-json\/wp\/v2\/product_tag?post=5534"}],"curies":[{"name":"wp","href":"https:\/\/api.w.org\/{rel}","templated":true}]}}