{"id":5524,"date":"2025-09-13T07:31:05","date_gmt":"2025-09-13T07:31:05","guid":{"rendered":"https:\/\/tst.ba\/?post_type=product&#038;p=5524"},"modified":"2026-03-13T10:19:09","modified_gmt":"2026-03-13T10:19:09","slug":"swanson-shilajit-extract-100mg","status":"publish","type":"product","link":"https:\/\/generateweb.net\/xfit\/proizvod\/swanson-shilajit-extract-100mg\/","title":{"rendered":"Swanson &#8211; Shilajit Extract 100mg"},"content":{"rendered":"<p data-start=\"124\" data-end=\"300\">Shilajit je jedan od najcjenjenijih prirodnih dodataka u tradicionalnoj medicini \u2013 bogat koncentrat minerala i fulvi\u010dne kiseline, nastao tokom stolje\u0107a u planinskim masivima.<\/p>\n<p data-start=\"302\" data-end=\"531\"><strong data-start=\"302\" data-end=\"322\">Swanson Shilajit<\/strong> donosi ovaj rijedak prirodni kompleks u precizno doziranom obliku, spreman za svakodnevnu podr\u0161ku organizmu. Njegova snaga ogleda se u \u0161irokom spektru benefita koji uti\u010du na energiju, vitalnost i otpornost.<\/p>\n<p data-start=\"533\" data-end=\"575\"><strong data-start=\"533\" data-end=\"573\">Klju\u010dne prednosti Swanson Shilajita:<\/strong><\/p>\n<ul data-start=\"576\" data-end=\"864\">\n<li data-start=\"576\" data-end=\"634\">\n<p data-start=\"578\" data-end=\"634\">Pove\u0107ava stani\u010dnu energiju i podr\u017eava rad mitohondrija<\/p>\n<\/li>\n<li data-start=\"635\" data-end=\"718\">\n<p data-start=\"637\" data-end=\"718\">Pobolj\u0161ava mentalni fokus i kognitivnu jasno\u0107u, naro\u010dito u stresnim situacijama<\/p>\n<\/li>\n<li data-start=\"719\" data-end=\"774\">\n<p data-start=\"721\" data-end=\"774\">Doprinosi hormonskoj ravnote\u017ei i podr\u017eava vitalnost<\/p>\n<\/li>\n<li data-start=\"775\" data-end=\"864\">\n<p data-start=\"777\" data-end=\"864\">Poma\u017ee u detoksikaciji i \u0161titi od oksidativnog stresa zahvaljuju\u0107i fulvi\u010dnoj kiselini<\/p>\n<\/li>\n<\/ul>\n<p data-start=\"866\" data-end=\"978\">Ako tra\u017eite dodatak koji djeluje tiho, ali sna\u017eno \u2013 <strong data-start=\"918\" data-end=\"938\">Swanson Shilajit<\/strong> je izbor vrijedan va\u0161e dnevne rutine.<\/p>\n","protected":false},"excerpt":{"rendered":"<p>Shilajit je jedan od najcjenjenijih prirodnih dodataka u tradicionalnoj medicini \u2013 bogat koncentrat minerala i fulvi\u010dne kiseline, nastao tokom stolje\u0107a u planinskim masivima.<\/p>\n","protected":false},"featured_media":5526,"template":"","meta":{"_acf_changed":false},"product_brand":[98],"product_cat":[57,78,42,79],"product_tag":[],"class_list":{"0":"post-5524","1":"product","2":"type-product","3":"status-publish","4":"has-post-thumbnail","6":"product_brand-swanson","7":"product_cat-adaptogene-biljke-anti-stres-and-fokus","8":"product_cat-nootropics-happiness-health-sexuality","9":"product_cat-suplementi","10":"product_cat-podrska-zdravlju-oporavak","12":"first","13":"instock","14":"taxable","15":"shipping-taxable","16":"purchasable","17":"product-type-simple"},"acf":[],"_links":{"self":[{"href":"https:\/\/generateweb.net\/xfit\/wp-json\/wp\/v2\/product\/5524","targetHints":{"allow":["GET"]}}],"collection":[{"href":"https:\/\/generateweb.net\/xfit\/wp-json\/wp\/v2\/product"}],"about":[{"href":"https:\/\/generateweb.net\/xfit\/wp-json\/wp\/v2\/types\/product"}],"version-history":[{"count":0,"href":"https:\/\/generateweb.net\/xfit\/wp-json\/wp\/v2\/product\/5524\/revisions"}],"wp:featuredmedia":[{"embeddable":true,"href":"https:\/\/generateweb.net\/xfit\/wp-json\/wp\/v2\/media\/5526"}],"wp:attachment":[{"href":"https:\/\/generateweb.net\/xfit\/wp-json\/wp\/v2\/media?parent=5524"}],"wp:term":[{"taxonomy":"product_brand","embeddable":true,"href":"https:\/\/generateweb.net\/xfit\/wp-json\/wp\/v2\/product_brand?post=5524"},{"taxonomy":"product_cat","embeddable":true,"href":"https:\/\/generateweb.net\/xfit\/wp-json\/wp\/v2\/product_cat?post=5524"},{"taxonomy":"product_tag","embeddable":true,"href":"https:\/\/generateweb.net\/xfit\/wp-json\/wp\/v2\/product_tag?post=5524"}],"curies":[{"name":"wp","href":"https:\/\/api.w.org\/{rel}","templated":true}]}}