{"id":5461,"date":"2025-09-12T23:14:08","date_gmt":"2025-09-12T23:14:08","guid":{"rendered":"https:\/\/tst.ba\/?post_type=product&#038;p=5461"},"modified":"2025-12-18T17:20:11","modified_gmt":"2025-12-18T17:20:11","slug":"universal-shaker-animal-black-yellow","status":"publish","type":"product","link":"https:\/\/generateweb.net\/xfit\/universal-shaker-animal-black-yellow\/","title":{"rendered":"Universal &#8211; Shaker Animal (black\/yellow)"},"content":{"rendered":"<p data-start=\"100\" data-end=\"330\">Universal Shaker Animal u crno-\u017eutoj kombinaciji donosi moderan dizajn i izuzetnu funkcionalnost. Ovaj redizajnirani shaker izra\u0111en je od \u010dvrstijeg materijala nego prethodne verzije, \u0161to mu daje ve\u0107u izdr\u017eljivost i dugotrajnost.<\/p>\n<p data-start=\"332\" data-end=\"532\">Sa kapacitetom od 700 ml, idealan je za pripremu proteinskih napitaka i dodataka prehrani. Novi sustav zatvaranja osigurava potpunu nepropusnost, dok je prakti\u010dan dizajn olak\u0161ao pranje i odr\u017eavanje.<\/p>\n<p data-start=\"534\" data-end=\"748\">Shaker je izra\u0111en od BPA Free materijala, \u0161to garantuje sigurnu upotrebu bez \u0161tetnih tvari. Na bo\u010dnoj strani isti\u010de se prepoznatljiv <strong data-start=\"667\" data-end=\"687\">Universal Animal<\/strong> logo, \u0161to ga \u010dini savr\u0161enim dodatkom za sve fanove brenda.<\/p>\n<p data-start=\"750\" data-end=\"848\"><strong data-start=\"750\" data-end=\"786\">Universal Shaker Animal (700 ml)<\/strong> \u2013 \u010dvrst, prakti\u010dan i moderan izbor za svakodnevne treninge.<\/p>\n","protected":false},"excerpt":{"rendered":"<p>Universal Shaker Animal u crno-\u017eutoj kombinaciji donosi moderan dizajn i izuzetnu funkcionalnost.<\/p>\n","protected":false},"featured_media":5462,"template":"","meta":{"_acf_changed":false},"product_brand":[66],"product_cat":[55,42],"product_tag":[],"class_list":{"0":"post-5461","1":"product","2":"type-product","3":"status-publish","4":"has-post-thumbnail","6":"product_brand-universal-nutrition","7":"product_cat-accesories","8":"product_cat-suplementi","10":"first","11":"outofstock","12":"taxable","13":"shipping-taxable","14":"purchasable","15":"product-type-simple"},"acf":[],"_links":{"self":[{"href":"https:\/\/generateweb.net\/xfit\/wp-json\/wp\/v2\/product\/5461","targetHints":{"allow":["GET"]}}],"collection":[{"href":"https:\/\/generateweb.net\/xfit\/wp-json\/wp\/v2\/product"}],"about":[{"href":"https:\/\/generateweb.net\/xfit\/wp-json\/wp\/v2\/types\/product"}],"version-history":[{"count":0,"href":"https:\/\/generateweb.net\/xfit\/wp-json\/wp\/v2\/product\/5461\/revisions"}],"wp:featuredmedia":[{"embeddable":true,"href":"https:\/\/generateweb.net\/xfit\/wp-json\/wp\/v2\/media\/5462"}],"wp:attachment":[{"href":"https:\/\/generateweb.net\/xfit\/wp-json\/wp\/v2\/media?parent=5461"}],"wp:term":[{"taxonomy":"product_brand","embeddable":true,"href":"https:\/\/generateweb.net\/xfit\/wp-json\/wp\/v2\/product_brand?post=5461"},{"taxonomy":"product_cat","embeddable":true,"href":"https:\/\/generateweb.net\/xfit\/wp-json\/wp\/v2\/product_cat?post=5461"},{"taxonomy":"product_tag","embeddable":true,"href":"https:\/\/generateweb.net\/xfit\/wp-json\/wp\/v2\/product_tag?post=5461"}],"curies":[{"name":"wp","href":"https:\/\/api.w.org\/{rel}","templated":true}]}}