{"id":5459,"date":"2025-09-12T23:11:09","date_gmt":"2025-09-12T23:11:09","guid":{"rendered":"https:\/\/tst.ba\/?post_type=product&#038;p=5459"},"modified":"2025-10-08T19:52:51","modified_gmt":"2025-10-08T19:52:51","slug":"ostrovit-magnezij-kreda","status":"publish","type":"product","link":"https:\/\/generateweb.net\/xfit\/ostrovit-magnezij-kreda\/","title":{"rendered":"Ostrovit &#8211; Magnezij Kreda"},"content":{"rendered":"<p data-start=\"93\" data-end=\"299\">OstroVit Premium Magnezij Kreda posebno je formulisan magnezijum karbonat (Magnesium carbonate hydroxide) namijenjen sportistima koji zahtijevaju maksimalan stisak i sigurnost tokom treninga i aktivnosti.<\/p>\n<p data-start=\"301\" data-end=\"563\">Zahvaljuju\u0107i poja\u010danoj frikciji, ova kreda efikasno su\u0161i ruke, elimini\u0161e znojenje i pru\u017ea bolje trenje, \u010dime zna\u010dajno pobolj\u0161ava prianjanje. Idealna je za sportsko penjanje, planinarstvo, alpinizam ili intenzivne treninge snage poput mrtvog dizanja u teretani.<\/p>\n<p data-start=\"565\" data-end=\"679\">Proizvod je potpuno netoksi\u010dan i ekolo\u0161ki prihvatljiv, pa ga mo\u017eete koristiti bez brige o zdravlju i sigurnosti.<\/p>\n<p data-start=\"681\" data-end=\"697\"><strong data-start=\"681\" data-end=\"695\">Prednosti:<\/strong><\/p>\n<ul data-start=\"698\" data-end=\"888\">\n<li data-start=\"698\" data-end=\"743\">\n<p data-start=\"700\" data-end=\"743\">Pru\u017ea bolje trenje i pove\u0107ava stisak ruke<\/p>\n<\/li>\n<li data-start=\"744\" data-end=\"779\">\n<p data-start=\"746\" data-end=\"779\">Efikasno elimini\u0161e znoj i vlagu<\/p>\n<\/li>\n<li data-start=\"780\" data-end=\"801\">\n<p data-start=\"782\" data-end=\"801\">Brzo isu\u0161uje ko\u017eu<\/p>\n<\/li>\n<li data-start=\"802\" data-end=\"888\">\n<p data-start=\"804\" data-end=\"888\">Namijenjen sportistima i rekreativcima koji \u017eele sigurnost i stabilnost u treningu<\/p>\n<\/li>\n<\/ul>\n<p data-start=\"890\" data-end=\"933\"><strong data-start=\"890\" data-end=\"901\">Sastav:<\/strong> Magnezijum hidroksid karbonat<\/p>\n","protected":false},"excerpt":{"rendered":"<p>OstroVit Premium Magnezij Kreda posebno je formulisan magnezijum karbonat (Magnesium carbonate hydroxide) namijenjen sportistima koji zahtijevaju maksimalan stisak i sigurnost tokom treninga i aktivnosti.<\/p>\n","protected":false},"featured_media":5460,"template":"","meta":{"_acf_changed":false},"product_brand":[61],"product_cat":[55,42],"product_tag":[],"class_list":{"0":"post-5459","1":"product","2":"type-product","3":"status-publish","4":"has-post-thumbnail","6":"product_brand-ostrovit","7":"product_cat-accesories","8":"product_cat-suplementi","10":"first","11":"instock","12":"taxable","13":"shipping-taxable","14":"purchasable","15":"product-type-simple"},"acf":[],"_links":{"self":[{"href":"https:\/\/generateweb.net\/xfit\/wp-json\/wp\/v2\/product\/5459","targetHints":{"allow":["GET"]}}],"collection":[{"href":"https:\/\/generateweb.net\/xfit\/wp-json\/wp\/v2\/product"}],"about":[{"href":"https:\/\/generateweb.net\/xfit\/wp-json\/wp\/v2\/types\/product"}],"version-history":[{"count":0,"href":"https:\/\/generateweb.net\/xfit\/wp-json\/wp\/v2\/product\/5459\/revisions"}],"wp:featuredmedia":[{"embeddable":true,"href":"https:\/\/generateweb.net\/xfit\/wp-json\/wp\/v2\/media\/5460"}],"wp:attachment":[{"href":"https:\/\/generateweb.net\/xfit\/wp-json\/wp\/v2\/media?parent=5459"}],"wp:term":[{"taxonomy":"product_brand","embeddable":true,"href":"https:\/\/generateweb.net\/xfit\/wp-json\/wp\/v2\/product_brand?post=5459"},{"taxonomy":"product_cat","embeddable":true,"href":"https:\/\/generateweb.net\/xfit\/wp-json\/wp\/v2\/product_cat?post=5459"},{"taxonomy":"product_tag","embeddable":true,"href":"https:\/\/generateweb.net\/xfit\/wp-json\/wp\/v2\/product_tag?post=5459"}],"curies":[{"name":"wp","href":"https:\/\/api.w.org\/{rel}","templated":true}]}}