{"id":5449,"date":"2025-09-12T23:05:15","date_gmt":"2025-09-12T23:05:15","guid":{"rendered":"https:\/\/tst.ba\/?post_type=product&#038;p=5449"},"modified":"2025-12-04T17:18:57","modified_gmt":"2025-12-04T17:18:57","slug":"azgard-shaker-600ml","status":"publish","type":"product","link":"https:\/\/generateweb.net\/xfit\/proizvod\/azgard-shaker-600ml\/","title":{"rendered":"Azgard \u2013 Shaker u boji (600ml)"},"content":{"rendered":"<p data-start=\"107\" data-end=\"311\">Azgard shaker donosi prakti\u010dnost i vrhunsku kvalitetu u va\u0161u svakodnevnu fitness rutinu. Sa kapacitetom od 600 ml, idealan je za pripremu proteinskih napitaka, pre-workouta ili drugih dodataka prehrani.<\/p>\n<p data-start=\"313\" data-end=\"572\">Izra\u0111en od kvalitetnog materijala, lagan je i izdr\u017eljiv, a zahvaljuju\u0107i modernom dizajnu u boji, unosi stil i energiju u va\u0161u sportsku opremu. Poklopac je \u010dvrst i pouzdan, sprje\u010dava curenje te osigurava bezbri\u017eno kori\u0161tenje kod ku\u0107e, u teretani ili na putu.<\/p>\n<p data-start=\"574\" data-end=\"683\">Shaker je jednostavan za odr\u017eavanje i lako se pere, \u0161to ga \u010dini prakti\u010dnim izborom za svakodnevnu upotrebu.<\/p>\n<p data-start=\"685\" data-end=\"815\"><strong data-start=\"685\" data-end=\"708\">Azgard Shaker 600ml<\/strong> \u2013 spoj funkcionalnosti, kvalitete i modernog dizajna za sve ljubitelje fitnessa i zdravog na\u010dina \u017eivota.<\/p>\n","protected":false},"excerpt":{"rendered":"<p>Azgard shaker donosi prakti\u010dnost i vrhunsku kvalitetu u va\u0161u svakodnevnu fitness rutinu.<\/p>\n","protected":false},"featured_media":5448,"template":"","meta":{"_acf_changed":false},"product_brand":[96],"product_cat":[55,42],"product_tag":[],"class_list":{"0":"post-5449","1":"product","2":"type-product","3":"status-publish","4":"has-post-thumbnail","6":"product_brand-azgard","7":"product_cat-accesories","8":"product_cat-suplementi","10":"first","11":"outofstock","12":"taxable","13":"shipping-taxable","14":"purchasable","15":"product-type-simple"},"acf":[],"_links":{"self":[{"href":"https:\/\/generateweb.net\/xfit\/wp-json\/wp\/v2\/product\/5449","targetHints":{"allow":["GET"]}}],"collection":[{"href":"https:\/\/generateweb.net\/xfit\/wp-json\/wp\/v2\/product"}],"about":[{"href":"https:\/\/generateweb.net\/xfit\/wp-json\/wp\/v2\/types\/product"}],"version-history":[{"count":0,"href":"https:\/\/generateweb.net\/xfit\/wp-json\/wp\/v2\/product\/5449\/revisions"}],"wp:featuredmedia":[{"embeddable":true,"href":"https:\/\/generateweb.net\/xfit\/wp-json\/wp\/v2\/media\/5448"}],"wp:attachment":[{"href":"https:\/\/generateweb.net\/xfit\/wp-json\/wp\/v2\/media?parent=5449"}],"wp:term":[{"taxonomy":"product_brand","embeddable":true,"href":"https:\/\/generateweb.net\/xfit\/wp-json\/wp\/v2\/product_brand?post=5449"},{"taxonomy":"product_cat","embeddable":true,"href":"https:\/\/generateweb.net\/xfit\/wp-json\/wp\/v2\/product_cat?post=5449"},{"taxonomy":"product_tag","embeddable":true,"href":"https:\/\/generateweb.net\/xfit\/wp-json\/wp\/v2\/product_tag?post=5449"}],"curies":[{"name":"wp","href":"https:\/\/api.w.org\/{rel}","templated":true}]}}