{"id":5211,"date":"2024-09-19T14:21:35","date_gmt":"2024-09-19T18:21:35","guid":{"rendered":"https:\/\/generateweb.net\/cpatflex\/?page_id=5211"},"modified":"2024-10-22T17:55:55","modified_gmt":"2024-10-22T21:55:55","slug":"ensemble-de-detection-de-rayonnement-a-domicile","status":"publish","type":"page","link":"https:\/\/generateweb.net\/cpatflex\/fr\/solutions\/ensemble-de-detection-de-rayonnement-a-domicile\/","title":{"rendered":"Gestion sur le web"},"content":{"rendered":"\t<section class=\"solutions-banner\">\n\t\t<div class=\"solutions-banner__wrapper\">\n\t\t\t<div class=\"solutions-banner__content\">\n\t\t\t\t<h1>Gestion sur le web<\/h1>\n\t\t\t\t<p class=\"dsktp__text-3xl\">CPAT WEB est une application web perfectionn\u00e9e qui vous permet de g\u00e9rer avec une efficacit\u00e9 in\u00e9gal\u00e9e les points de donn\u00e9es de rayonnement et de captage ainsi que l\u2019affectation de v\u00e9hicules.<\/p>\n\n\t\t\t\t\t\t\t\t\t<div class=\"solutions-banner__buttons\">\n\t\t\t\t\t\t<a class=\"btn btn--primary\" href=\"#outils\">\n\t\t\t\t\t\t\tD\u00e9couvrez nos outils\t\t\t\t\t\t<\/a>\n\t\t\t\t\t<\/div>\n\t\t\t\t\t\t\t<\/div>\n\n\t\t\t\t\t\t\t<div class=\"solutions-banner__image\">\n\t\t\t\t\t<picture>\n\t\t\t\t\t\t<img decoding=\"async\" src=\"https:\/\/generateweb.net\/cpatflex\/wp-content\/uploads\/2024\/10\/cpat-flex-tv-cable-tec-2022-08-1-1.png\" alt=\"\" loading=\"lazy\">\n\t\t\t\t\t<\/picture>\n\t\t\t\t<\/div>\n\t\t\t\t\t<\/div>\n\t<\/section>\n\n\n\n<div class=\"wp-block-group alignfull ghostkit-custom-Z25ork8 has-white-background-color has-background\"><div class=\"wp-block-group__inner-container is-layout-constrained wp-block-group-is-layout-constrained\">\n<h2 class=\"wp-block-heading\" id=\"what-is-ingress-detection-and-localization\">Qu\u2019est-ce que la Gestion sur le web?<\/h2>\n\n\n\n<div class=\"ghostkit-grid ghostkit-grid-gap-md\"><div class=\"ghostkit-grid-inner\">\n<div class=\"ghostkit-col ghostkit-col-md-12 ghostkit-col-6\"><div class=\"ghostkit-col-content is-layout-flow wp-block-grid-column-is-layout-flow\">\n<p>CPAT WEB localise et cartographie la position des v\u00e9hicules et des \u00e9v\u00e9nements de rayonnement et de captage gr\u00e2ce \u00e0 un syst\u00e8me d\u2019information g\u00e9ographique (SIG).&nbsp;<\/p>\n<\/div><\/div>\n\n\n\n<div class=\"ghostkit-col ghostkit-col-md-12 ghostkit-col-6\"><div class=\"ghostkit-col-content is-layout-flow wp-block-grid-column-is-layout-flow\">\n<p>\u00c0 l\u2019aide d\u2019une application ou d\u2019un outil de gestion int\u00e9gr\u00e9e des bons de service, les donn\u00e9es associ\u00e9es \u00e0 chaque \u00e9v\u00e9nement sont transmises aux techniciens pour qu\u2019ils se chargent de faire les r\u00e9parations.<\/p>\n<\/div><\/div>\n<\/div><\/div>\n<\/div><\/div>\n\n\n\n<div class=\"wp-block-group alignfull ghostkit-custom-ZmCvQ6 has-white-background-color has-background\" id=\"outils\"><div class=\"wp-block-group__inner-container is-layout-constrained wp-block-group-is-layout-constrained\">\n<div class=\"ghostkit-grid ghostkit-grid-gap-md ghostkit-grid-align-items-center ghostkit-grid-justify-content-center\"><div class=\"ghostkit-grid-inner\">\n<div class=\"ghostkit-col ghostkit-col-md-12 ghostkit-col-12\"><div class=\"ghostkit-col-content is-layout-flow wp-block-grid-column-is-layout-flow\">\n<h2 class=\"wp-block-heading alignfull has-text-align-center\" id=\"what-is-ingress-detection-and-localization\">Outils de Gestion sur le web<\/h2>\n\n\n\n<p class=\"has-text-align-center\"><\/p>\n\n\n<section class=\"all-products-type\">\n\t\t\t\t\t\t\t<div class=\"all-product-type__item\">\n\t\t\t\t\t<a href=\"https:\/\/generateweb.net\/cpatflex\/fr\/solutions\/produits\/cpat-connections\/\">\n\t\t\t\t\t\t<div class=\"all-product-type__item-img\">\n\t\t\t\t\t\t\t<a href=\"https:\/\/generateweb.net\/cpatflex\/fr\/solutions\/produits\/cpat-connections\/\">\n\t\t\t\t\t\t\t\t<picture>\n\t\t\t\t\t\t\t\t\t<img decoding=\"async\" src=\"https:\/\/generateweb.net\/cpatflex\/wp-content\/uploads\/2024\/09\/cpat-web.jpg\" alt=\"cpat-web\" loading=\"lazy\" \/>\n\t\t\t\t\t\t\t\t<\/picture>\n\t\t\t\t\t\t\t\t\t\t\t\t\t\t\t<\/a>\n\t\t\t\t\t\t<\/div>\n\t\t\t\t\t<a href=\"https:\/\/generateweb.net\/cpatflex\/fr\/solutions\/produits\/cpat-connections\/\"><span class=\"dsktp__text-2xl item__title\">Application de gestion<\/span><\/a>\n\t\t\t\t\t<span class=\"dsktp__text-xl item__subtitle\">CPAT WEB<\/span>\n\t\t\t\t\t\t\t\t\t\t\t<div class=\"dsktp__text-base all-product-type__item-exerpt\">\n\t\t\t\t\t\t\t<ul>\n<li>g\u00e9rer efficacement leur programme de gestion du rayonnement et des de points de captage;<\/li>\n<li>r\u00e9duire au minimum les co\u00fbts de maintenance;<\/li>\n<li>optimiser les activit\u00e9s, \u00e0 distance et en temps r\u00e9el.<\/li>\n<\/ul>\n\t\t\t\t\t\t<\/div>\n\t\t\t\t\t\t\t\t\t\t<a class=\"all-product-type__link\" href=\"https:\/\/generateweb.net\/cpatflex\/fr\/solutions\/produits\/cpat-connections\/\">Plus sur ce produit<\/a>\n\t\t\t\t<\/div>\n\t\t\t\t\t\t\t<\/section>\n<\/div><\/div>\n<\/div><\/div>\n<\/div><\/div>\n\n\n\n<div class=\"wp-block-group alignfull ghostkit-custom-1VGOrd has-white-background-color has-background\"><div class=\"wp-block-group__inner-container is-layout-constrained wp-block-group-is-layout-constrained\">\n<div class=\"ghostkit-grid ghostkit-grid-gap-md ghostkit-grid-align-items-center ghostkit-grid-justify-content-between\"><div class=\"ghostkit-grid-inner\">\n<div class=\"ghostkit-col ghostkit-col-md-12 ghostkit-col-5\"><div class=\"ghostkit-col-content is-layout-flow wp-block-grid-column-is-layout-flow\">\n<h2 class=\"wp-block-heading has-text-align-left\" id=\"what-is-ingress-detection-and-localization\">Partie d\u2019une Solution Plus Compl\u00e8te<\/h2>\n\n\n\n<p class=\"has-text-align-left\">Notre solution de d\u00e9tection des fuites \u00e0 domicile est une partie int\u00e9grante d\u2019une suite plus large d\u2019outils visant \u00e0 am\u00e9liorer la performance globale du r\u00e9seau. Associ\u00e9e \u00e0 notre **Solution de D\u00e9tection des Fuites**, elle offre une protection compl\u00e8te contre les fuites de signal \u00e0 la fois \u00e0 l\u2019int\u00e9rieur du domicile et \u00e0 travers le r\u00e9seau.<\/p>\n\n\n\n<p class=\"has-text-align-left\"><br>Les op\u00e9rateurs peuvent b\u00e9n\u00e9ficier d\u2019une int\u00e9gration transparente avec l\u2019\u00e9cosyst\u00e8me CPAT FLEX, leur permettant de rationaliser les op\u00e9rations et de maintenir des normes de service \u00e9lev\u00e9es.<br><\/p>\n\n\n\n<p class=\"ghostkit-custom-Z1OuzWy\"><a href=\"https:\/\/generateweb.net\/cpatflex\/fr\/solutions\/ensemble-detection-rayonnement\/\"><strong><span class=\"ghostkit-text-uppercase\">En savoir plus sur notre solution de d\u00e9tection des fuites<\/span><\/strong><\/a><\/p>\n<\/div><\/div>\n\n\n\n<div class=\"ghostkit-col ghostkit-col-6\"><div class=\"ghostkit-col-content is-layout-flow wp-block-grid-column-is-layout-flow\">\n<figure class=\"wp-block-image size-full\"><img loading=\"lazy\" decoding=\"async\" width=\"1128\" height=\"936\" src=\"https:\/\/generateweb.net\/cpatflex\/wp-content\/uploads\/2024\/10\/the-ultimate-continuous-monitoring-system.jpg\" alt=\"Leakage detection solution\" class=\"wp-image-5720\" srcset=\"https:\/\/generateweb.net\/cpatflex\/wp-content\/uploads\/2024\/10\/the-ultimate-continuous-monitoring-system.jpg 1128w, https:\/\/generateweb.net\/cpatflex\/wp-content\/uploads\/2024\/10\/the-ultimate-continuous-monitoring-system-300x249.jpg 300w, https:\/\/generateweb.net\/cpatflex\/wp-content\/uploads\/2024\/10\/the-ultimate-continuous-monitoring-system-1024x850.jpg 1024w, https:\/\/generateweb.net\/cpatflex\/wp-content\/uploads\/2024\/10\/the-ultimate-continuous-monitoring-system-768x637.jpg 768w\" sizes=\"auto, (max-width: 1128px) 100vw, 1128px\" \/><\/figure>\n<\/div><\/div>\n<\/div><\/div>\n<\/div><\/div>\n","protected":false},"excerpt":{"rendered":"<p>Qu\u2019est-ce que la Gestion sur le web? CPAT WEB localise et cartographie la position des v\u00e9hicules et des \u00e9v\u00e9nements de rayonnement et de captage gr\u00e2ce \u00e0 un syst\u00e8me d\u2019information g\u00e9ographique (SIG).&nbsp; \u00c0 l\u2019aide d\u2019une application ou d\u2019un outil de gestion int\u00e9gr\u00e9e des bons de service, les donn\u00e9es associ\u00e9es \u00e0 chaque \u00e9v\u00e9nement sont transmises aux techniciens [&hellip;]<\/p>\n","protected":false},"author":1,"featured_media":0,"parent":5192,"menu_order":0,"comment_status":"closed","ping_status":"closed","template":"","meta":{"_acf_changed":false,"jsforwpblocks_gb_metabox":"","inline_featured_image":false,"ghostkit_customizer_options":"","ghostkit_custom_css":"","ghostkit_custom_js_head":"","ghostkit_custom_js_foot":"","ghostkit_typography":"","footnotes":""},"class_list":["post-5211","page","type-page","status-publish","hentry"],"acf":[],"yoast_head":"<!-- This site is optimized with the Yoast SEO plugin v23.4 - https:\/\/yoast.com\/wordpress\/plugins\/seo\/ -->\n<title>Gestion sur le web - CPAT FLEX<\/title>\n<meta name=\"robots\" content=\"noindex, follow, max-snippet:-1, max-image-preview:large, max-video-preview:-1\" \/>\n<meta property=\"og:type\" content=\"article\" \/>\n<meta property=\"og:title\" content=\"Gestion sur le web - CPAT FLEX\" \/>\n<meta property=\"og:description\" content=\"Qu\u2019est-ce que la Gestion sur le web? CPAT WEB localise et cartographie la position des v\u00e9hicules et des \u00e9v\u00e9nements de rayonnement et de captage gr\u00e2ce \u00e0 un syst\u00e8me d\u2019information g\u00e9ographique (SIG).&nbsp; \u00c0 l\u2019aide d\u2019une application ou d\u2019un outil de gestion int\u00e9gr\u00e9e des bons de service, les donn\u00e9es associ\u00e9es \u00e0 chaque \u00e9v\u00e9nement sont transmises aux techniciens [&hellip;]\" \/>\n<meta property=\"og:url\" content=\"https:\/\/generateweb.net\/cpatflex\/fr\/solutions\/ensemble-de-detection-de-rayonnement-a-domicile\/\" \/>\n<meta property=\"og:site_name\" content=\"CPAT FLEX\" \/>\n<meta property=\"article:modified_time\" content=\"2024-10-22T21:55:55+00:00\" \/>\n<meta property=\"og:image\" content=\"https:\/\/generateweb.net\/cpatflex\/wp-content\/uploads\/2024\/10\/the-ultimate-continuous-monitoring-system.jpg\" \/>\n<meta name=\"twitter:card\" content=\"summary_large_image\" \/>\n<meta name=\"twitter:label1\" content=\"Dur\u00e9e de lecture estim\u00e9e\" \/>\n\t<meta name=\"twitter:data1\" content=\"1 minute\" \/>\n<script type=\"application\/ld+json\" class=\"yoast-schema-graph\">{\"@context\":\"https:\/\/schema.org\",\"@graph\":[{\"@type\":\"WebPage\",\"@id\":\"https:\/\/generateweb.net\/cpatflex\/fr\/solutions\/ensemble-de-detection-de-rayonnement-a-domicile\/\",\"url\":\"https:\/\/generateweb.net\/cpatflex\/fr\/solutions\/ensemble-de-detection-de-rayonnement-a-domicile\/\",\"name\":\"Gestion sur le web - CPAT FLEX\",\"isPartOf\":{\"@id\":\"https:\/\/generateweb.net\/cpatflex\/fr\/#website\"},\"primaryImageOfPage\":{\"@id\":\"https:\/\/generateweb.net\/cpatflex\/fr\/solutions\/ensemble-de-detection-de-rayonnement-a-domicile\/#primaryimage\"},\"image\":{\"@id\":\"https:\/\/generateweb.net\/cpatflex\/fr\/solutions\/ensemble-de-detection-de-rayonnement-a-domicile\/#primaryimage\"},\"thumbnailUrl\":\"https:\/\/generateweb.net\/cpatflex\/wp-content\/uploads\/2024\/10\/the-ultimate-continuous-monitoring-system.jpg\",\"datePublished\":\"2024-09-19T18:21:35+00:00\",\"dateModified\":\"2024-10-22T21:55:55+00:00\",\"breadcrumb\":{\"@id\":\"https:\/\/generateweb.net\/cpatflex\/fr\/solutions\/ensemble-de-detection-de-rayonnement-a-domicile\/#breadcrumb\"},\"inLanguage\":\"fr-FR\",\"potentialAction\":[{\"@type\":\"ReadAction\",\"target\":[\"https:\/\/generateweb.net\/cpatflex\/fr\/solutions\/ensemble-de-detection-de-rayonnement-a-domicile\/\"]}]},{\"@type\":\"ImageObject\",\"inLanguage\":\"fr-FR\",\"@id\":\"https:\/\/generateweb.net\/cpatflex\/fr\/solutions\/ensemble-de-detection-de-rayonnement-a-domicile\/#primaryimage\",\"url\":\"https:\/\/generateweb.net\/cpatflex\/wp-content\/uploads\/2024\/10\/the-ultimate-continuous-monitoring-system.jpg\",\"contentUrl\":\"https:\/\/generateweb.net\/cpatflex\/wp-content\/uploads\/2024\/10\/the-ultimate-continuous-monitoring-system.jpg\"},{\"@type\":\"BreadcrumbList\",\"@id\":\"https:\/\/generateweb.net\/cpatflex\/fr\/solutions\/ensemble-de-detection-de-rayonnement-a-domicile\/#breadcrumb\",\"itemListElement\":[{\"@type\":\"ListItem\",\"position\":1,\"name\":\"Home\",\"item\":\"https:\/\/generateweb.net\/cpatflex\/fr\/\"},{\"@type\":\"ListItem\",\"position\":2,\"name\":\"Solutions\",\"item\":\"https:\/\/generateweb.net\/cpatflex\/fr\/solutions\/\"},{\"@type\":\"ListItem\",\"position\":3,\"name\":\"Gestion sur le web\"}]},{\"@type\":\"WebSite\",\"@id\":\"https:\/\/generateweb.net\/cpatflex\/fr\/#website\",\"url\":\"https:\/\/generateweb.net\/cpatflex\/fr\/\",\"name\":\"CPAT FLEX\",\"description\":\"\",\"publisher\":{\"@id\":\"https:\/\/generateweb.net\/cpatflex\/fr\/#organization\"},\"potentialAction\":[{\"@type\":\"SearchAction\",\"target\":{\"@type\":\"EntryPoint\",\"urlTemplate\":\"https:\/\/generateweb.net\/cpatflex\/fr\/?s={search_term_string}\"},\"query-input\":{\"@type\":\"PropertyValueSpecification\",\"valueRequired\":true,\"valueName\":\"search_term_string\"}}],\"inLanguage\":\"fr-FR\"},{\"@type\":\"Organization\",\"@id\":\"https:\/\/generateweb.net\/cpatflex\/fr\/#organization\",\"name\":\"CPAT FLEX\",\"url\":\"https:\/\/generateweb.net\/cpatflex\/fr\/\",\"logo\":{\"@type\":\"ImageObject\",\"inLanguage\":\"fr-FR\",\"@id\":\"https:\/\/generateweb.net\/cpatflex\/fr\/#\/schema\/logo\/image\/\",\"url\":\"https:\/\/generateweb.net\/cpatflex\/wp-content\/uploads\/2026\/01\/cpat-logo-full.svg\",\"contentUrl\":\"https:\/\/generateweb.net\/cpatflex\/wp-content\/uploads\/2026\/01\/cpat-logo-full.svg\",\"width\":186,\"height\":53,\"caption\":\"CPAT FLEX\"},\"image\":{\"@id\":\"https:\/\/generateweb.net\/cpatflex\/fr\/#\/schema\/logo\/image\/\"}}]}<\/script>\n<!-- \/ Yoast SEO plugin. -->","yoast_head_json":{"title":"Gestion sur le web - CPAT FLEX","robots":{"index":"noindex","follow":"follow","max-snippet":"max-snippet:-1","max-image-preview":"max-image-preview:large","max-video-preview":"max-video-preview:-1"},"og_type":"article","og_title":"Gestion sur le web - CPAT FLEX","og_description":"Qu\u2019est-ce que la Gestion sur le web? CPAT WEB localise et cartographie la position des v\u00e9hicules et des \u00e9v\u00e9nements de rayonnement et de captage gr\u00e2ce \u00e0 un syst\u00e8me d\u2019information g\u00e9ographique (SIG).&nbsp; \u00c0 l\u2019aide d\u2019une application ou d\u2019un outil de gestion int\u00e9gr\u00e9e des bons de service, les donn\u00e9es associ\u00e9es \u00e0 chaque \u00e9v\u00e9nement sont transmises aux techniciens [&hellip;]","og_url":"https:\/\/generateweb.net\/cpatflex\/fr\/solutions\/ensemble-de-detection-de-rayonnement-a-domicile\/","og_site_name":"CPAT FLEX","article_modified_time":"2024-10-22T21:55:55+00:00","og_image":[{"url":"https:\/\/generateweb.net\/cpatflex\/wp-content\/uploads\/2024\/10\/the-ultimate-continuous-monitoring-system.jpg"}],"twitter_card":"summary_large_image","twitter_misc":{"Dur\u00e9e de lecture estim\u00e9e":"1 minute"},"schema":{"@context":"https:\/\/schema.org","@graph":[{"@type":"WebPage","@id":"https:\/\/generateweb.net\/cpatflex\/fr\/solutions\/ensemble-de-detection-de-rayonnement-a-domicile\/","url":"https:\/\/generateweb.net\/cpatflex\/fr\/solutions\/ensemble-de-detection-de-rayonnement-a-domicile\/","name":"Gestion sur le web - CPAT FLEX","isPartOf":{"@id":"https:\/\/generateweb.net\/cpatflex\/fr\/#website"},"primaryImageOfPage":{"@id":"https:\/\/generateweb.net\/cpatflex\/fr\/solutions\/ensemble-de-detection-de-rayonnement-a-domicile\/#primaryimage"},"image":{"@id":"https:\/\/generateweb.net\/cpatflex\/fr\/solutions\/ensemble-de-detection-de-rayonnement-a-domicile\/#primaryimage"},"thumbnailUrl":"https:\/\/generateweb.net\/cpatflex\/wp-content\/uploads\/2024\/10\/the-ultimate-continuous-monitoring-system.jpg","datePublished":"2024-09-19T18:21:35+00:00","dateModified":"2024-10-22T21:55:55+00:00","breadcrumb":{"@id":"https:\/\/generateweb.net\/cpatflex\/fr\/solutions\/ensemble-de-detection-de-rayonnement-a-domicile\/#breadcrumb"},"inLanguage":"fr-FR","potentialAction":[{"@type":"ReadAction","target":["https:\/\/generateweb.net\/cpatflex\/fr\/solutions\/ensemble-de-detection-de-rayonnement-a-domicile\/"]}]},{"@type":"ImageObject","inLanguage":"fr-FR","@id":"https:\/\/generateweb.net\/cpatflex\/fr\/solutions\/ensemble-de-detection-de-rayonnement-a-domicile\/#primaryimage","url":"https:\/\/generateweb.net\/cpatflex\/wp-content\/uploads\/2024\/10\/the-ultimate-continuous-monitoring-system.jpg","contentUrl":"https:\/\/generateweb.net\/cpatflex\/wp-content\/uploads\/2024\/10\/the-ultimate-continuous-monitoring-system.jpg"},{"@type":"BreadcrumbList","@id":"https:\/\/generateweb.net\/cpatflex\/fr\/solutions\/ensemble-de-detection-de-rayonnement-a-domicile\/#breadcrumb","itemListElement":[{"@type":"ListItem","position":1,"name":"Home","item":"https:\/\/generateweb.net\/cpatflex\/fr\/"},{"@type":"ListItem","position":2,"name":"Solutions","item":"https:\/\/generateweb.net\/cpatflex\/fr\/solutions\/"},{"@type":"ListItem","position":3,"name":"Gestion sur le web"}]},{"@type":"WebSite","@id":"https:\/\/generateweb.net\/cpatflex\/fr\/#website","url":"https:\/\/generateweb.net\/cpatflex\/fr\/","name":"CPAT FLEX","description":"","publisher":{"@id":"https:\/\/generateweb.net\/cpatflex\/fr\/#organization"},"potentialAction":[{"@type":"SearchAction","target":{"@type":"EntryPoint","urlTemplate":"https:\/\/generateweb.net\/cpatflex\/fr\/?s={search_term_string}"},"query-input":{"@type":"PropertyValueSpecification","valueRequired":true,"valueName":"search_term_string"}}],"inLanguage":"fr-FR"},{"@type":"Organization","@id":"https:\/\/generateweb.net\/cpatflex\/fr\/#organization","name":"CPAT FLEX","url":"https:\/\/generateweb.net\/cpatflex\/fr\/","logo":{"@type":"ImageObject","inLanguage":"fr-FR","@id":"https:\/\/generateweb.net\/cpatflex\/fr\/#\/schema\/logo\/image\/","url":"https:\/\/generateweb.net\/cpatflex\/wp-content\/uploads\/2026\/01\/cpat-logo-full.svg","contentUrl":"https:\/\/generateweb.net\/cpatflex\/wp-content\/uploads\/2026\/01\/cpat-logo-full.svg","width":186,"height":53,"caption":"CPAT FLEX"},"image":{"@id":"https:\/\/generateweb.net\/cpatflex\/fr\/#\/schema\/logo\/image\/"}}]}},"_links":{"self":[{"href":"https:\/\/generateweb.net\/cpatflex\/fr\/wp-json\/wp\/v2\/pages\/5211","targetHints":{"allow":["GET"]}}],"collection":[{"href":"https:\/\/generateweb.net\/cpatflex\/fr\/wp-json\/wp\/v2\/pages"}],"about":[{"href":"https:\/\/generateweb.net\/cpatflex\/fr\/wp-json\/wp\/v2\/types\/page"}],"author":[{"embeddable":true,"href":"https:\/\/generateweb.net\/cpatflex\/fr\/wp-json\/wp\/v2\/users\/1"}],"replies":[{"embeddable":true,"href":"https:\/\/generateweb.net\/cpatflex\/fr\/wp-json\/wp\/v2\/comments?post=5211"}],"version-history":[{"count":9,"href":"https:\/\/generateweb.net\/cpatflex\/fr\/wp-json\/wp\/v2\/pages\/5211\/revisions"}],"predecessor-version":[{"id":5987,"href":"https:\/\/generateweb.net\/cpatflex\/fr\/wp-json\/wp\/v2\/pages\/5211\/revisions\/5987"}],"up":[{"embeddable":true,"href":"https:\/\/generateweb.net\/cpatflex\/fr\/wp-json\/wp\/v2\/pages\/5192"}],"wp:attachment":[{"href":"https:\/\/generateweb.net\/cpatflex\/fr\/wp-json\/wp\/v2\/media?parent=5211"}],"curies":[{"name":"wp","href":"https:\/\/api.w.org\/{rel}","templated":true}]}}